{"id":17,"date":"2015-07-20T02:52:09","date_gmt":"2015-07-20T02:52:09","guid":{"rendered":"https:\/\/staging.laboiteasoleil.ca\/fra\/?page_id=17"},"modified":"2025-01-16T17:35:27","modified_gmt":"2025-01-16T17:35:27","slug":"qui-sommes-nous","status":"publish","type":"page","link":"https:\/\/laboiteasoleil.ca\/fra\/qui-sommes-nous\/","title":{"rendered":"Qui sommes-nous?"},"content":{"rendered":"\t\t<div data-elementor-type=\"wp-page\" data-elementor-id=\"17\" class=\"elementor elementor-17\" data-elementor-post-type=\"page\">\n\t\t\t\t\t\t<section class=\"elementor-section elementor-top-section elementor-element elementor-element-29d444e6 elementor-section-boxed elementor-section-height-default elementor-section-height-default\" data-id=\"29d444e6\" data-element_type=\"section\" data-e-type=\"section\" data-settings=\"{&quot;shape_divider_bottom&quot;:&quot;clouds&quot;,&quot;shape_divider_bottom_negative&quot;:&quot;yes&quot;}\">\n\t\t\t\t\t<div class=\"elementor-shape elementor-shape-bottom\" aria-hidden=\"true\" data-negative=\"true\">\n\t\t\t<svg xmlns=\"http:\/\/www.w3.org\/2000\/svg\" viewBox=\"0 0 283.5 27.8\" preserveAspectRatio=\"xMidYMax slice\">\n\t<path class=\"elementor-shape-fill\" d=\"M265.8 3.5c-10.9 0-15.9 6.2-15.9 6.2s-3.6-3.5-9.2-.9c-9.1 4.1-4.4 13.4-4.4 13.4s-1.2.2-1.9.9c-.6.7-.5 1.9-.5 1.9s-1-.5-2.3-.2c-1.3.3-1.6 1.4-1.6 1.4s.4-3.4-1.5-5c-3.9-3.4-8.3-.2-8.3-.2s-.6-.7-.9-.9c-.4-.2-1.2-.2-1.2-.2s-4.4-3.6-11.5-2.6-10.4 7.9-10.4 7.9-.5-3.3-3.9-4.9c-4.8-2.4-7.4 0-7.4 0s2.4-4.1-1.9-6.4-6.2 1.2-6.2 1.2-.9-.5-2.1-.5-2.3 1.1-2.3 1.1.1-.7-1.1-1.1c-1.2-.4-2 0-2 0s3.6-6.8-3.5-8.9c-6-1.8-7.9 2.6-8.4 4-.1-.3-.4-.7-.9-1.1-1-.7-1.3-.5-1.3-.5s1-4-1.7-5.2c-2.7-1.2-4.2 1.1-4.2 1.1s-3.1-1-5.7 1.4-2.1 5.5-2.1 5.5-.9 0-2.1.7-1.4 1.7-1.4 1.7-1.7-1.2-4.3-1.2c-2.6 0-4.5 1.2-4.5 1.2s-.7-1.5-2.8-2.4c-2.1-.9-4 0-4 0s2.6-5.9-4.7-9c-7.3-3.1-12.6 3.3-12.6 3.3s-.9 0-1.9.2c-.9.2-1.5.9-1.5.9S99.4 3 94.9 3.9c-4.5.9-5.7 5.7-5.7 5.7s-2.8-5-12.3-3.9-11.1 6-11.1 6-1.2-1.4-4-.7c-.8.2-1.3.5-1.8.9-.9-2.1-2.7-4.9-6.2-4.4-3.2.4-4 2.2-4 2.2s-.5-.7-1.2-.7h-1.4s-.5-.9-1.7-1.4-2.4 0-2.4 0-2.4-1.2-4.7 0-3.1 4.1-3.1 4.1-1.7-1.4-3.6-.7c-1.9.7-1.9 2.8-1.9 2.8s-.5-.5-1.7-.2c-1.2.2-1.4.7-1.4.7s-.7-2.3-2.8-2.8c-2.1-.5-4.3.2-4.3.2s-1.7-5-11.1-6c-3.8-.4-6.6.2-8.5 1v21.2h283.5V11.1c-.9.2-1.6.4-1.6.4s-5.2-8-16.1-8z\"\/>\n<\/svg>\n\t\t<\/div>\n\t\t\t\t\t<div class=\"elementor-container elementor-column-gap-default\">\n\t\t\t\t\t<div class=\"elementor-column elementor-col-100 elementor-top-column elementor-element elementor-element-4d125cd4\" data-id=\"4d125cd4\" data-element_type=\"column\" data-e-type=\"column\">\n\t\t\t<div class=\"elementor-widget-wrap elementor-element-populated\">\n\t\t\t\t\t\t<div class=\"elementor-element elementor-element-6acfae91 elementor-widget elementor-widget-text-editor\" data-id=\"6acfae91\" data-element_type=\"widget\" data-e-type=\"widget\" data-widget_type=\"text-editor.default\">\n\t\t\t\t<div class=\"elementor-widget-container\">\n\t\t\t\t\t\t\t\t\t<p>La Bo\u00eete \u00e0 soleil est une centre \u00e9ducatif francophone qui a ouvert<img fetchpriority=\"high\" decoding=\"async\" class=\"wp-image-4470 size-full alignright\" src=\"https:\/\/www.laboiteasoleil.ca\/fra\/wp-content\/uploads\/2019\/10\/main-page.jpg\" alt=\"\" width=\"300\" height=\"245\" \/> son premier centre \u00e0 Welland en 1982. Au fils des ans, plusieurs centres ont ouvert leurs portes dans des \u00e9coles francophones. Aujourd\u2019hui nous offrons nos programmes dans toute la r\u00e9gion du Niagara alors venez nous visiter ou jouer avec nous en fran\u00e7ais du lundi au vendredi de 7h \u00e0 5h30!<\/p><p>En franchissant les portes de nos centres, vous sentirez l\u2019environnement chaleureux et s\u00e9curitaire dans lequel les enfants se d\u00e9veloppent. Ils sont accueillis les bras ouverts avec des visages souriants et des gros c\u00e2lins. Ils jouent, cr\u00e9ent, pensent, apprennent et partagent \u00e0 leur mani\u00e8re et \u00e0 leur rythme.<\/p><p>Chaque jour, les poupons, les bambins, les pr\u00e9scolaires et les enfants d\u2019\u00e2ge scolaire sont encourag\u00e9s \u00e0 explorer et \u00e0 choisir ce qui les int\u00e9resse. Nos \u00e9ducatrices de la petite enfance les observent jouer et cr\u00e9ent ensuite des activit\u00e9s bas\u00e9es sur leurs int\u00e9r\u00eats.<\/p><p>Quand vient le temps de manger, tout le monde se pr\u00e9cipite \u00e0 la table pour voir ce qui est au menu. En effet, tous nos repas et collations sont bons pour la sant\u00e9 et faits maison.<\/p><p>Vous entendrez souvent de la musique francophone et les enfants chantant les chansons les plus populaires. \u00c0 travers les chansons et les activit\u00e9s, les enfants apprennent la langue fran\u00e7aise.<\/p><p>\u00c0 La Bo\u00eete \u00e0 soleil, chaque enfant se d\u00e9veloppe \u00e0 son rythme et \u00e0 sa mani\u00e8re avec le soutien et l\u2019encouragement d\u2019\u00e9ducatrices passionn\u00e9es et attentionn\u00e9es.<\/p><p>\u00a0<\/p>\t\t\t\t\t\t\t\t<\/div>\n\t\t\t\t<\/div>\n\t\t\t\t<div class=\"elementor-element elementor-element-e36c75d elementor-widget elementor-widget-spacer\" data-id=\"e36c75d\" data-element_type=\"widget\" data-e-type=\"widget\" data-widget_type=\"spacer.default\">\n\t\t\t\t<div class=\"elementor-widget-container\">\n\t\t\t\t\t\t\t<div class=\"elementor-spacer\">\n\t\t\t<div class=\"elementor-spacer-inner\"><\/div>\n\t\t<\/div>\n\t\t\t\t\t\t<\/div>\n\t\t\t\t<\/div>\n\t\t\t\t\t<\/div>\n\t\t<\/div>\n\t\t\t\t\t<\/div>\n\t\t<\/section>\n\t\t\t\t<section class=\"elementor-section elementor-top-section elementor-element elementor-element-61395cf elementor-section-boxed elementor-section-height-default elementor-section-height-default\" data-id=\"61395cf\" data-element_type=\"section\" data-e-type=\"section\" data-settings=\"{&quot;shape_divider_top&quot;:&quot;clouds&quot;,&quot;background_background&quot;:&quot;classic&quot;}\">\n\t\t\t\t\t<div class=\"elementor-shape elementor-shape-top\" aria-hidden=\"true\" data-negative=\"false\">\n\t\t\t<svg xmlns=\"http:\/\/www.w3.org\/2000\/svg\" viewBox=\"0 0 283.5 27.8\" preserveAspectRatio=\"xMidYMax slice\">\n  <path class=\"elementor-shape-fill\" d=\"M0 0v6.7c1.9-.8 4.7-1.4 8.5-1 9.5 1.1 11.1 6 11.1 6s2.1-.7 4.3-.2c2.1.5 2.8 2.6 2.8 2.6s.2-.5 1.4-.7c1.2-.2 1.7.2 1.7.2s0-2.1 1.9-2.8c1.9-.7 3.6.7 3.6.7s.7-2.9 3.1-4.1 4.7 0 4.7 0 1.2-.5 2.4 0 1.7 1.4 1.7 1.4h1.4c.7 0 1.2.7 1.2.7s.8-1.8 4-2.2c3.5-.4 5.3 2.4 6.2 4.4.4-.4 1-.7 1.8-.9 2.8-.7 4 .7 4 .7s1.7-5 11.1-6c9.5-1.1 12.3 3.9 12.3 3.9s1.2-4.8 5.7-5.7c4.5-.9 6.8 1.8 6.8 1.8s.6-.6 1.5-.9c.9-.2 1.9-.2 1.9-.2s5.2-6.4 12.6-3.3c7.3 3.1 4.7 9 4.7 9s1.9-.9 4 0 2.8 2.4 2.8 2.4 1.9-1.2 4.5-1.2 4.3 1.2 4.3 1.2.2-1 1.4-1.7 2.1-.7 2.1-.7-.5-3.1 2.1-5.5 5.7-1.4 5.7-1.4 1.5-2.3 4.2-1.1c2.7 1.2 1.7 5.2 1.7 5.2s.3-.1 1.3.5c.5.4.8.8.9 1.1.5-1.4 2.4-5.8 8.4-4 7.1 2.1 3.5 8.9 3.5 8.9s.8-.4 2 0 1.1 1.1 1.1 1.1 1.1-1.1 2.3-1.1 2.1.5 2.1.5 1.9-3.6 6.2-1.2 1.9 6.4 1.9 6.4 2.6-2.4 7.4 0c3.4 1.7 3.9 4.9 3.9 4.9s3.3-6.9 10.4-7.9 11.5 2.6 11.5 2.6.8 0 1.2.2c.4.2.9.9.9.9s4.4-3.1 8.3.2c1.9 1.7 1.5 5 1.5 5s.3-1.1 1.6-1.4c1.3-.3 2.3.2 2.3.2s-.1-1.2.5-1.9 1.9-.9 1.9-.9-4.7-9.3 4.4-13.4c5.6-2.5 9.2.9 9.2.9s5-6.2 15.9-6.2 16.1 8.1 16.1 8.1.7-.2 1.6-.4V0H0z\"\/>\n<\/svg>\n\t\t<\/div>\n\t\t\t\t\t<div class=\"elementor-container elementor-column-gap-default\">\n\t\t\t\t\t<div class=\"elementor-column elementor-col-100 elementor-top-column elementor-element elementor-element-4e8ef64\" data-id=\"4e8ef64\" data-element_type=\"column\" data-e-type=\"column\">\n\t\t\t<div class=\"elementor-widget-wrap elementor-element-populated\">\n\t\t\t\t\t\t<div class=\"elementor-element elementor-element-62d862f elementor-widget elementor-widget-video\" data-id=\"62d862f\" data-element_type=\"widget\" data-e-type=\"widget\" data-settings=\"{&quot;youtube_url&quot;:&quot;https:\\\/\\\/youtu.be\\\/qa0V7K0NZAw?si=zH-aLRhA365xWqyo&quot;,&quot;video_type&quot;:&quot;youtube&quot;,&quot;controls&quot;:&quot;yes&quot;}\" data-widget_type=\"video.default\">\n\t\t\t\t<div class=\"elementor-widget-container\">\n\t\t\t\t\t\t\t<div class=\"elementor-wrapper elementor-open-inline\">\n\t\t\t<div class=\"elementor-video\"><\/div>\t\t<\/div>\n\t\t\t\t\t\t<\/div>\n\t\t\t\t<\/div>\n\t\t\t\t\t<\/div>\n\t\t<\/div>\n\t\t\t\t\t<\/div>\n\t\t<\/section>\n\t\t\t\t<section class=\"elementor-section elementor-top-section elementor-element elementor-element-25b6bec elementor-section-boxed elementor-section-height-default elementor-section-height-default\" data-id=\"25b6bec\" data-element_type=\"section\" data-e-type=\"section\" data-settings=\"{&quot;shape_divider_top&quot;:&quot;clouds&quot;}\">\n\t\t\t\t\t<div class=\"elementor-shape elementor-shape-top\" aria-hidden=\"true\" data-negative=\"false\">\n\t\t\t<svg xmlns=\"http:\/\/www.w3.org\/2000\/svg\" viewBox=\"0 0 283.5 27.8\" preserveAspectRatio=\"xMidYMax slice\">\n  <path class=\"elementor-shape-fill\" d=\"M0 0v6.7c1.9-.8 4.7-1.4 8.5-1 9.5 1.1 11.1 6 11.1 6s2.1-.7 4.3-.2c2.1.5 2.8 2.6 2.8 2.6s.2-.5 1.4-.7c1.2-.2 1.7.2 1.7.2s0-2.1 1.9-2.8c1.9-.7 3.6.7 3.6.7s.7-2.9 3.1-4.1 4.7 0 4.7 0 1.2-.5 2.4 0 1.7 1.4 1.7 1.4h1.4c.7 0 1.2.7 1.2.7s.8-1.8 4-2.2c3.5-.4 5.3 2.4 6.2 4.4.4-.4 1-.7 1.8-.9 2.8-.7 4 .7 4 .7s1.7-5 11.1-6c9.5-1.1 12.3 3.9 12.3 3.9s1.2-4.8 5.7-5.7c4.5-.9 6.8 1.8 6.8 1.8s.6-.6 1.5-.9c.9-.2 1.9-.2 1.9-.2s5.2-6.4 12.6-3.3c7.3 3.1 4.7 9 4.7 9s1.9-.9 4 0 2.8 2.4 2.8 2.4 1.9-1.2 4.5-1.2 4.3 1.2 4.3 1.2.2-1 1.4-1.7 2.1-.7 2.1-.7-.5-3.1 2.1-5.5 5.7-1.4 5.7-1.4 1.5-2.3 4.2-1.1c2.7 1.2 1.7 5.2 1.7 5.2s.3-.1 1.3.5c.5.4.8.8.9 1.1.5-1.4 2.4-5.8 8.4-4 7.1 2.1 3.5 8.9 3.5 8.9s.8-.4 2 0 1.1 1.1 1.1 1.1 1.1-1.1 2.3-1.1 2.1.5 2.1.5 1.9-3.6 6.2-1.2 1.9 6.4 1.9 6.4 2.6-2.4 7.4 0c3.4 1.7 3.9 4.9 3.9 4.9s3.3-6.9 10.4-7.9 11.5 2.6 11.5 2.6.8 0 1.2.2c.4.2.9.9.9.9s4.4-3.1 8.3.2c1.9 1.7 1.5 5 1.5 5s.3-1.1 1.6-1.4c1.3-.3 2.3.2 2.3.2s-.1-1.2.5-1.9 1.9-.9 1.9-.9-4.7-9.3 4.4-13.4c5.6-2.5 9.2.9 9.2.9s5-6.2 15.9-6.2 16.1 8.1 16.1 8.1.7-.2 1.6-.4V0H0z\"\/>\n<\/svg>\n\t\t<\/div>\n\t\t\t\t\t<div class=\"elementor-container elementor-column-gap-default\">\n\t\t\t\t\t<div class=\"elementor-column elementor-col-100 elementor-top-column elementor-element elementor-element-960cbde\" data-id=\"960cbde\" data-element_type=\"column\" data-e-type=\"column\">\n\t\t\t<div class=\"elementor-widget-wrap elementor-element-populated\">\n\t\t\t\t\t\t<div class=\"elementor-element elementor-element-0778da3 elementor-widget elementor-widget-spacer\" data-id=\"0778da3\" data-element_type=\"widget\" data-e-type=\"widget\" data-widget_type=\"spacer.default\">\n\t\t\t\t<div class=\"elementor-widget-container\">\n\t\t\t\t\t\t\t<div class=\"elementor-spacer\">\n\t\t\t<div class=\"elementor-spacer-inner\"><\/div>\n\t\t<\/div>\n\t\t\t\t\t\t<\/div>\n\t\t\t\t<\/div>\n\t\t\t\t<div class=\"elementor-element elementor-element-9502844 elementor-widget elementor-widget-heading\" data-id=\"9502844\" data-element_type=\"widget\" data-e-type=\"widget\" data-widget_type=\"heading.default\">\n\t\t\t\t<div class=\"elementor-widget-container\">\n\t\t\t\t\t<h2 class=\"elementor-heading-title elementor-size-default\">Une coop\u00e9rative engag\u00e9e dans sa communaut\u00e9<\/h2>\t\t\t\t<\/div>\n\t\t\t\t<\/div>\n\t\t\t\t<div class=\"elementor-element elementor-element-9606b72 elementor-widget elementor-widget-text-editor\" data-id=\"9606b72\" data-element_type=\"widget\" data-e-type=\"widget\" data-widget_type=\"text-editor.default\">\n\t\t\t\t<div class=\"elementor-widget-container\">\n\t\t\t\t\t\t\t\t\t<p>En tant que coop\u00e9rative, nous croyons qu&#8217;il est essentiel d&#8217;appuyer au mieux de nos capacit\u00e9s les autres organismes de notre r\u00e9gion. Cependant, puisque nous sommes un organisme \u00e0 but non lucratif, nos ressources sont limit\u00e9es et nous devons cibler les organismes que nous supportons.<\/p>\n<p>Chaque ann\u00e9e La Bo\u00eete \u00e0 soleil remet des bourses \u00e0 des \u00e9l\u00e8ves francophones des \u00e9coles suivantes&nbsp;:<\/p>\n<ul>\n<li style=\"font-size: 16px;\">\u00c9cole secondaire Franco-Niagara<\/li>\n<li style=\"font-size: 16px;\">\u00c9cole secondaire catholique Saint-Jean-de-Br\u00e9beuf<\/li>\n<li style=\"font-size: 16px;\">Coll\u00e8ge Bor\u00e9al<\/li>\n<li style=\"font-size: 16px;\">Nous fournissons \u00e9galement des bourses pour toutes les \u00e9coles \u00e9l\u00e9mentaires dans lesquelles nous avons des centres.<\/li>\n<\/ul>\n<p>La Bo\u00eete \u00e0 soleil contribue \u00e9galement financi\u00e8rement \u00e0 certaines activit\u00e9s communautaires, sp\u00e9cialement quand ces activit\u00e9s touchent les enfants (ex: Rose City Kids, Canada Day, activit\u00e9s de lev\u00e9es de fonds, etc.)<\/p>\n<p>Nous participons \u00e0 des \u00e9v\u00e8nements francophones dans la communaut\u00e9, notamment la journ\u00e9e franco-ontarienne, la f\u00eate Saint-Jean, et le carnaval d\u2019hiver.<\/p>\n<p>De plus, La Bo\u00eete \u00e0 soleil accueille chaque ann\u00e9e de nombreuses \u00e9tudiantes coll\u00e9giales dans le domaine des services \u00e0 l&#8217;enfance venant de divers instituts d&#8217;enseignement post-secondaire tels que Coll\u00e8ge Bor\u00e9al, Coll\u00e8ge Niagara, Coll\u00e8ge Mohawk, etc.<\/p>\n<p>Finalement, La Bo\u00eete \u00e0 soleil si\u00e8ge sur de nombreux comit\u00e9s ex\u00e9cutifs et tables locales ou r\u00e9gionales :<\/p>\n<ul>\n<li style=\"font-size: 16px;\">Niagara Children\u2019s Planning Council<img decoding=\"async\" class=\"alignright wp-image-247 \" src=\"https:\/\/laboiteasoleil.ca\/fra\/wp-content\/uploads\/2015\/07\/kids.jpg\" alt=\"kids\" width=\"377\" height=\"299\" srcset=\"https:\/\/laboiteasoleil.ca\/fra\/wp-content\/uploads\/2015\/07\/kids.jpg 364w, https:\/\/laboiteasoleil.ca\/fra\/wp-content\/uploads\/2015\/07\/kids-300x237.jpg 300w\" sizes=\"(max-width: 377px) 100vw, 377px\" \/><\/li>\n<li>Child care sector<\/li>\n<li>Table Interagence<\/li>\n<li>R\u00e9seau Interagir r\u00e9gional et provinciale<\/li>\n<li>Quality Child Care Niagara<\/li>\n<li>Niagara College ECE Program Advisory Committee<\/li>\n<li>Niagara region Business Advisory Committee<\/li>\n<li>Executive Directors Network in Niagara<\/li>\n<li>Francophone supervisors network<\/li>\n<\/ul>\t\t\t\t\t\t\t\t<\/div>\n\t\t\t\t<\/div>\n\t\t\t\t\t<\/div>\n\t\t<\/div>\n\t\t\t\t\t<\/div>\n\t\t<\/section>\n\t\t\t\t<\/div>\n\t\t","protected":false},"excerpt":{"rendered":"<p>La Bo\u00eete \u00e0 soleil est une centre \u00e9ducatif francophone qui a ouvert son premier centre \u00e0 Welland en 1982. Au fils des ans, plusieurs centres ont ouvert leurs portes dans des \u00e9coles francophones. Aujourd\u2019hui nous offrons nos programmes dans toute la r\u00e9gion du Niagara alors venez nous visiter ou jouer avec nous en fran\u00e7ais du [&hellip;]<\/p>\n","protected":false},"author":1,"featured_media":0,"parent":0,"menu_order":0,"comment_status":"closed","ping_status":"closed","template":"","meta":{"_monsterinsights_skip_tracking":false,"_monsterinsights_sitenote_active":false,"_monsterinsights_sitenote_note":"","_monsterinsights_sitenote_category":0,"footnotes":""},"class_list":["post-17","page","type-page","status-publish","hentry"],"_links":{"self":[{"href":"https:\/\/laboiteasoleil.ca\/fra\/wp-json\/wp\/v2\/pages\/17","targetHints":{"allow":["GET"]}}],"collection":[{"href":"https:\/\/laboiteasoleil.ca\/fra\/wp-json\/wp\/v2\/pages"}],"about":[{"href":"https:\/\/laboiteasoleil.ca\/fra\/wp-json\/wp\/v2\/types\/page"}],"author":[{"embeddable":true,"href":"https:\/\/laboiteasoleil.ca\/fra\/wp-json\/wp\/v2\/users\/1"}],"replies":[{"embeddable":true,"href":"https:\/\/laboiteasoleil.ca\/fra\/wp-json\/wp\/v2\/comments?post=17"}],"version-history":[{"count":49,"href":"https:\/\/laboiteasoleil.ca\/fra\/wp-json\/wp\/v2\/pages\/17\/revisions"}],"predecessor-version":[{"id":8117,"href":"https:\/\/laboiteasoleil.ca\/fra\/wp-json\/wp\/v2\/pages\/17\/revisions\/8117"}],"wp:attachment":[{"href":"https:\/\/laboiteasoleil.ca\/fra\/wp-json\/wp\/v2\/media?parent=17"}],"curies":[{"name":"wp","href":"https:\/\/api.w.org\/{rel}","templated":true}]}}