{"id":177,"date":"2015-07-20T05:30:29","date_gmt":"2015-07-20T05:30:29","guid":{"rendered":"https:\/\/staging.laboiteasoleil.ca\/fra\/?page_id=177"},"modified":"2024-06-24T18:44:02","modified_gmt":"2024-06-24T18:44:02","slug":"qualite","status":"publish","type":"page","link":"https:\/\/laboiteasoleil.ca\/fra\/qualite\/","title":{"rendered":"Qualit\u00e9"},"content":{"rendered":"\t\t<div data-elementor-type=\"wp-page\" data-elementor-id=\"177\" class=\"elementor elementor-177\" data-elementor-post-type=\"page\">\n\t\t\t\t\t\t<section class=\"elementor-section elementor-top-section elementor-element elementor-element-33eed731 elementor-section-boxed elementor-section-height-default elementor-section-height-default\" data-id=\"33eed731\" data-element_type=\"section\" data-e-type=\"section\">\n\t\t\t\t\t\t<div class=\"elementor-container elementor-column-gap-default\">\n\t\t\t\t\t<div class=\"elementor-column elementor-col-100 elementor-top-column elementor-element elementor-element-1b139c6b\" data-id=\"1b139c6b\" data-element_type=\"column\" data-e-type=\"column\">\n\t\t\t<div class=\"elementor-widget-wrap elementor-element-populated\">\n\t\t\t\t\t\t<div class=\"elementor-element elementor-element-494e348c elementor-widget elementor-widget-text-editor\" data-id=\"494e348c\" data-element_type=\"widget\" data-e-type=\"widget\" data-widget_type=\"text-editor.default\">\n\t\t\t\t<div class=\"elementor-widget-container\">\n\t\t\t\t\t\t\t\t\t<p><img fetchpriority=\"high\" decoding=\"async\" class=\"alignright\" src=\"https:\/\/laboiteasoleil.ca\/fra\/wp-content\/uploads\/2015\/07\/Qualite.jpg\" alt=\"Qualite\" width=\"333\" height=\"272\" \/><\/p><p>Les centres \u00e9ducatifs de La Bo\u00eete \u00e0 soleil ont pour but de cr\u00e9er une atmosph\u00e8re positive et chaleureuse dans laquelle votre enfant sera heureux d&#8217;apprendre. Les enfants vont acqu\u00e9rir des connaissances suivant leur \u00e2ge, leurs int\u00e9r\u00eats, leurs habilit\u00e9s et leurs choix individuels dans un milieu qui favorise l\u2019apprentissage par le jeu.<\/p><p>Pour cela, La Bo\u00eete \u00e0 soleil utilise le cadre d\u2019apprentissage pour les milieux de la petite enfance de l\u2019Ontario. Ce cadre, appel\u00e9 <a href=\"https:\/\/files.ontario.ca\/edu-how-does-learning-happen-fr-2021-03-23.pdf\" target=\"_blank\" rel=\"noopener\"><span style=\"color: #2f4388;\"><strong>\u00ab Comment apprend-on? P\u00e9dagogie de l\u2019Ontario pour la petite enfance\u00bb<\/strong><\/span><\/a>\u00a0 est un guide du minist\u00e8re de l\u2019\u00c9ducation qui vise \u00e0 compl\u00e9ter la Loi sur les garderies de l\u2019Ontario en se servant de ses principes comme base pour la programmation \u00e9ducative.<\/p><p><img decoding=\"async\" class=\" wp-image-6328 alignleft\" src=\"https:\/\/laboiteasoleil.ca\/fra\/wp-content\/uploads\/2024\/06\/Comment-apprend-on-fig1.jpg\" alt=\"\" width=\"381\" height=\"374\" srcset=\"https:\/\/laboiteasoleil.ca\/fra\/wp-content\/uploads\/2024\/06\/Comment-apprend-on-fig1.jpg 558w, https:\/\/laboiteasoleil.ca\/fra\/wp-content\/uploads\/2024\/06\/Comment-apprend-on-fig1-300x295.jpg 300w\" sizes=\"(max-width: 381px) 100vw, 381px\" \/><\/p><p>Pendant plusieurs ann\u00e9es, les \u00e9ducateurs\/\u00e9ducatrices de la petite enfance \u00e9taient encourag\u00e9s \u00e0 choisir des th\u00e8mes hebdomadaires d\u2019explorations tels que les oc\u00e9ans, les saisons, les dinosaures, etc. pour enseigner aux enfants. Les \u00e9ducateurs\/\u00e9ducatrices guidaient les enfants dans leur apprentissage en suivant un horaire fixe et en pr\u00e9parant des activit\u00e9s \u00e0 l\u2019avance pour eux. Avec cette fa\u00e7on de faire, les salles de garderie ressemblaient beaucoup \u00e0 des salles de classe. Ce mod\u00e8le plus traditionnel a \u00e9t\u00e9 remis en question, car il impose souvent des limites pour les enfants. \u00c0 l\u2019\u00e2ge de la petite enfance, les enfants sont en constante d\u00e9couverte et veulent apprendre sur ce qui les int\u00e9resse dans le moment pr\u00e9sent. Aujourd\u2019hui, le Minist\u00e8re de l\u2019\u00c9ducation favorise un environnement o\u00f9 les enfants sont valoris\u00e9s et o\u00f9 le jeu est \u00e0 la base de leur apprentissage.<\/p><p>Ce mode de planification bas\u00e9 sur les int\u00e9r\u00eats et le questionnement des enfants s\u2019appelle le <span style=\"color: #2f4388;\"><strong>curriculum \u00e9mergent<\/strong><\/span>. Les \u00e9ducateurs\/\u00e9ducatrices d\u00e9butent leur session de programmation avec une page de programmation vide. Elles observent les enfants, documentent leurs observations et se servent de leurs connaissances sur les \u00e9tapes du d\u00e9veloppement de l\u2019enfant et la fa\u00e7on dont il acqui\u00e8re ses connaissances pour d\u00e9velopper leur programmation. Tout cela est fait au travers des activit\u00e9s pr\u00e9sent\u00e9es par les \u00e9ducateurs\/\u00e9ducatrices. Durant ces activit\u00e9s cr\u00e9atives, l&#8217;emphase est mise sur la proc\u00e9dure et non sur le produit, ce qui donne \u00e0 l&#8217;enfant la chance d\u2019exp\u00e9rimenter et de s&#8217;exprimer avec les mat\u00e9riaux qui l\u2019int\u00e9ressent.<\/p><p><img decoding=\"async\" class=\"alignnone size-full wp-image-6327\" src=\"https:\/\/laboiteasoleil.ca\/fra\/wp-content\/uploads\/2024\/06\/Comment-apprend-on-fig2.jpg\" alt=\"\" width=\"1242\" height=\"485\" srcset=\"https:\/\/laboiteasoleil.ca\/fra\/wp-content\/uploads\/2024\/06\/Comment-apprend-on-fig2.jpg 1242w, https:\/\/laboiteasoleil.ca\/fra\/wp-content\/uploads\/2024\/06\/Comment-apprend-on-fig2-300x117.jpg 300w, https:\/\/laboiteasoleil.ca\/fra\/wp-content\/uploads\/2024\/06\/Comment-apprend-on-fig2-1024x400.jpg 1024w, https:\/\/laboiteasoleil.ca\/fra\/wp-content\/uploads\/2024\/06\/Comment-apprend-on-fig2-768x300.jpg 768w\" sizes=\"(max-width: 1242px) 100vw, 1242px\" \/><\/p><p>Dans nos salles nous pouvons offrir les centres alternatifs suivants: auditif, musical, biblioth\u00e8que, sc\u00e8ne dramatique, scientifique, menuiserie, jeux d\u2019eau, jeux de blocs, panneau de feutre, carreau de sable, p\u00e2te \u00e0 modeler, casse-t\u00eate, peinture et artisanat. D\u2019autres centres peuvent \u00eatre ajout\u00e9s ou se d\u00e9velopper selon la saison ou le but vis\u00e9. De plus, au cours de la journ\u00e9e, l\u2019enfant a la chance de participer \u00e0 des activit\u00e9s en groupe, avec deux ou trois amis ou individuellement.<\/p><p>Les programmes sont \u00e9valu\u00e9s r\u00e9guli\u00e8rement afin de demeurer dans les normes de la Loi sur les garderies et des besoins de la communaut\u00e9. Nous faisons parvenir un calendrier aux parents chaque mois afin de les tenir inform\u00e9s des \u00e9v\u00e9nements sp\u00e9ciaux et des activit\u00e9s de la garderie. Les parents, sont \u00e9galement invit\u00e9s \u00e0 contribuer \u00e0 ce calendrier en s\u2019adressant \u00e0 la superviseure du centre. Ils sont \u00e9galement invit\u00e9s \u00e0 compl\u00e9ter une \u00e9valuation des programmes et des services offerts par La Bo\u00eete \u00e0 soleil une fois par ann\u00e9e.<\/p><p><span style=\"color: #2f4388;\"><strong><img loading=\"lazy\" decoding=\"async\" class=\" wp-image-6329 alignleft\" src=\"https:\/\/laboiteasoleil.ca\/fra\/wp-content\/uploads\/2024\/06\/QCCN.jpg\" alt=\"\" width=\"315\" height=\"148\" srcset=\"https:\/\/laboiteasoleil.ca\/fra\/wp-content\/uploads\/2024\/06\/QCCN.jpg 392w, https:\/\/laboiteasoleil.ca\/fra\/wp-content\/uploads\/2024\/06\/QCCN-300x141.jpg 300w\" sizes=\"(max-width: 315px) 100vw, 315px\" \/>La Bo\u00eete \u00e0 soleil participe aussi pleinement \u00e0 l&#8217;initiative &#8220;Quality Child Care Niagara&#8221; offerte aux garderies participantes par la r\u00e9gion du Niagara. Ce programme nous donne les outils pour \u00e9valuer le d\u00e9veloppement de l\u2019enfant (DPS), l\u2019\u00e9tat et la qualit\u00e9 des environnements des enfants ainsi que des outils pour aider les enfants qui d\u00e9montrent de la difficult\u00e9 avec le langage ou le comportement.<\/strong><\/span><\/p>\t\t\t\t\t\t\t\t<\/div>\n\t\t\t\t<\/div>\n\t\t\t\t\t<\/div>\n\t\t<\/div>\n\t\t\t\t\t<\/div>\n\t\t<\/section>\n\t\t\t\t<\/div>\n\t\t","protected":false},"excerpt":{"rendered":"<p>Les centres \u00e9ducatifs de La Bo\u00eete \u00e0 soleil ont pour but de cr\u00e9er une atmosph\u00e8re positive et chaleureuse dans laquelle votre enfant sera heureux d&#8217;apprendre. Les enfants vont acqu\u00e9rir des connaissances suivant leur \u00e2ge, leurs int\u00e9r\u00eats, leurs habilit\u00e9s et leurs choix individuels dans un milieu qui favorise l\u2019apprentissage par le jeu. Pour cela, La Bo\u00eete [&hellip;]<\/p>\n","protected":false},"author":1,"featured_media":0,"parent":0,"menu_order":0,"comment_status":"closed","ping_status":"closed","template":"","meta":{"_monsterinsights_skip_tracking":false,"_monsterinsights_sitenote_active":false,"_monsterinsights_sitenote_note":"","_monsterinsights_sitenote_category":0,"footnotes":""},"class_list":["post-177","page","type-page","status-publish","hentry"],"_links":{"self":[{"href":"https:\/\/laboiteasoleil.ca\/fra\/wp-json\/wp\/v2\/pages\/177","targetHints":{"allow":["GET"]}}],"collection":[{"href":"https:\/\/laboiteasoleil.ca\/fra\/wp-json\/wp\/v2\/pages"}],"about":[{"href":"https:\/\/laboiteasoleil.ca\/fra\/wp-json\/wp\/v2\/types\/page"}],"author":[{"embeddable":true,"href":"https:\/\/laboiteasoleil.ca\/fra\/wp-json\/wp\/v2\/users\/1"}],"replies":[{"embeddable":true,"href":"https:\/\/laboiteasoleil.ca\/fra\/wp-json\/wp\/v2\/comments?post=177"}],"version-history":[{"count":30,"href":"https:\/\/laboiteasoleil.ca\/fra\/wp-json\/wp\/v2\/pages\/177\/revisions"}],"predecessor-version":[{"id":7283,"href":"https:\/\/laboiteasoleil.ca\/fra\/wp-json\/wp\/v2\/pages\/177\/revisions\/7283"}],"wp:attachment":[{"href":"https:\/\/laboiteasoleil.ca\/fra\/wp-json\/wp\/v2\/media?parent=177"}],"curies":[{"name":"wp","href":"https:\/\/api.w.org\/{rel}","templated":true}]}}