{"id":181,"date":"2015-07-20T05:34:13","date_gmt":"2015-07-20T05:34:13","guid":{"rendered":"https:\/\/staging.laboiteasoleil.ca\/fra\/?page_id=181"},"modified":"2025-12-05T16:52:53","modified_gmt":"2025-12-05T16:52:53","slug":"frais-et-subvention","status":"publish","type":"page","link":"https:\/\/laboiteasoleil.ca\/fra\/frais-et-subvention\/","title":{"rendered":"Frais et subvention"},"content":{"rendered":"\t\t<div data-elementor-type=\"wp-page\" data-elementor-id=\"181\" class=\"elementor elementor-181\" data-elementor-post-type=\"page\">\n\t\t\t\t\t\t<section class=\"elementor-section elementor-top-section elementor-element elementor-element-594a4651 elementor-section-boxed elementor-section-height-default elementor-section-height-default\" data-id=\"594a4651\" data-element_type=\"section\" data-e-type=\"section\">\n\t\t\t\t\t\t<div class=\"elementor-container elementor-column-gap-default\">\n\t\t\t\t\t<div class=\"elementor-column elementor-col-100 elementor-top-column elementor-element elementor-element-331d6bb\" data-id=\"331d6bb\" data-element_type=\"column\" data-e-type=\"column\">\n\t\t\t<div class=\"elementor-widget-wrap elementor-element-populated\">\n\t\t\t\t\t\t<div class=\"elementor-element elementor-element-61b23317 elementor-widget elementor-widget-text-editor\" data-id=\"61b23317\" data-element_type=\"widget\" data-e-type=\"widget\" data-widget_type=\"text-editor.default\">\n\t\t\t\t<div class=\"elementor-widget-container\">\n\t\t\t\t\t\t\t\t\t<p>Nous utilisons un cycle de facturation mensuelle anticip\u00e9e. Le 1er de chaque mois ou le 1er jour ouvrable du mois, nous retirons les frais totaux pour le mois. Pour plus de d\u00e9tails en fonction de votre programme, veuillez-vous r\u00e9f\u00e9rer \u00e0 notre <strong><a href=\"http:\/\/www.laboiteasoleil.ca\/fra\/guide-des-parents\/\" data-uw-rm-brl=\"PR\" data-uw-original-href=\"http:\/\/www.laboiteasoleil.ca\/fra\/guide-des-parents\/\">Guide des parents<\/a>.\u00a0<\/strong><\/p><h5 style=\"text-align: left;\" role=\"heading\" data-uw-rm-heading=\"level\" aria-level=\"1\">\u00a0<u><a href=\"https:\/\/laboiteasoleil.ca\/fra\/wp-content\/uploads\/2025\/01\/Parents-withdrawal-dates-2025.pdf\" target=\"_blank\" rel=\"noopener noreferrer\" aria-label=\"Calendrier de retrait 2025 - ouvrir dans un nouvel onglet\" data-uw-rm-ext-link=\"\" data-uw-pdf-br=\"1\" data-uw-pdf-doc=\"\">Calendrier de retrait 2025<\/a><\/u><\/h5><p>\u00a0<\/p>\t\t\t\t\t\t\t\t<\/div>\n\t\t\t\t<\/div>\n\t\t\t\t\t<\/div>\n\t\t<\/div>\n\t\t\t\t\t<\/div>\n\t\t<\/section>\n\t\t\t\t<section class=\"elementor-section elementor-top-section elementor-element elementor-element-2517673 elementor-section-boxed elementor-section-height-default elementor-section-height-default\" data-id=\"2517673\" data-element_type=\"section\" data-e-type=\"section\">\n\t\t\t\t\t\t<div class=\"elementor-container elementor-column-gap-default\">\n\t\t\t\t\t<div class=\"elementor-column elementor-col-100 elementor-top-column elementor-element elementor-element-0d169d5\" data-id=\"0d169d5\" data-element_type=\"column\" data-e-type=\"column\">\n\t\t\t<div class=\"elementor-widget-wrap elementor-element-populated\">\n\t\t\t\t\t\t<div class=\"elementor-element elementor-element-a953b5c elementor-widget elementor-widget-elementskit-accordion\" data-id=\"a953b5c\" data-element_type=\"widget\" data-e-type=\"widget\" data-widget_type=\"elementskit-accordion.default\">\n\t\t\t\t<div class=\"elementor-widget-container\">\n\t\t\t\t\t<div class=\"ekit-wid-con\" >\n        <div class=\"elementskit-accordion floating-style\" id=\"accordion-69e1786ac98b9\">\n\n            \n                <div class=\"elementskit-card \">\n                    <div class=\"elementskit-card-header\" id=\"primaryHeading-0-a953b5c\">\n                        <a href=\"#collapse-f0d1d8f69e1786ac98b9\" class=\"ekit-accordion--toggler elementskit-btn-link collapsed\" data-ekit-toggle=\"collapse\" data-target=\"#Collapse-f0d1d8f69e1786ac98b9\" aria-expanded=\"false\" aria-controls=\"Collapse-f0d1d8f69e1786ac98b9\">\n                            \n                            <span class=\"ekit-accordion-title\">Hamilton<\/span>\n\n                            \n                                <div class=\"ekit_accordion_icon_group\">\n                                    <div class=\"ekit_accordion_normal_icon\">\n                                        <!-- Normal Icon -->\n\t\t\t\t\t\t\t\t\t\t<i class=\"icon icon-down-arrow1\"><\/i>                                    <\/div>\n\n                                    <div class=\"ekit_accordion_active_icon\">\n                                        <!-- Active Icon -->\n\t\t\t\t\t\t\t\t\t\t<i class=\"icon icon-up-arrow\"><\/i>                                    <\/div>\n                                <\/div>\n\n                            \n                                                    <\/a>\n                    <\/div>\n\n                    <div id=\"Collapse-f0d1d8f69e1786ac98b9\" class=\" collapse\" aria-labelledby=\"primaryHeading-0-a953b5c\" data-parent=\"#accordion-69e1786ac98b9\">\n\n                        <div class=\"elementskit-card-body ekit-accordion--content\">\n                            <h5><a href=\"https:\/\/laboiteasoleil.ca\/fra\/wp-content\/uploads\/2025\/11\/Frais-de-service-2025-Hamilton-Dec-1-2025-003.pdf\" target=\"_blank\" rel=\"noopener noreferrer\">Hamilton - Frais de service 2025<\/a><\/h5><p><img fetchpriority=\"high\" decoding=\"async\" class=\"aligncenter size-full wp-image-8712\" src=\"https:\/\/laboiteasoleil.ca\/fra\/wp-content\/uploads\/2025\/11\/Frais-de-service-2025-Hamilton-Dec-1-2025-003.png\" alt=\"\" width=\"1700\" height=\"2200\" srcset=\"https:\/\/laboiteasoleil.ca\/fra\/wp-content\/uploads\/2025\/11\/Frais-de-service-2025-Hamilton-Dec-1-2025-003.png 1700w, https:\/\/laboiteasoleil.ca\/fra\/wp-content\/uploads\/2025\/11\/Frais-de-service-2025-Hamilton-Dec-1-2025-003-232x300.png 232w, https:\/\/laboiteasoleil.ca\/fra\/wp-content\/uploads\/2025\/11\/Frais-de-service-2025-Hamilton-Dec-1-2025-003-791x1024.png 791w, https:\/\/laboiteasoleil.ca\/fra\/wp-content\/uploads\/2025\/11\/Frais-de-service-2025-Hamilton-Dec-1-2025-003-768x994.png 768w, https:\/\/laboiteasoleil.ca\/fra\/wp-content\/uploads\/2025\/11\/Frais-de-service-2025-Hamilton-Dec-1-2025-003-1187x1536.png 1187w, https:\/\/laboiteasoleil.ca\/fra\/wp-content\/uploads\/2025\/11\/Frais-de-service-2025-Hamilton-Dec-1-2025-003-1583x2048.png 1583w\" sizes=\"(max-width: 1700px) 100vw, 1700px\" \/><\/p><h4><strong>Subvention<\/strong><\/h4><p>Vous devez remplir le <a href=\"https:\/\/www.missioninc.com\/cso\/hamilton\" target=\"_blank\" rel=\"noopener\"><strong>formulaire de demande en ligne<\/strong> <\/a>pour faire une demande de <a href=\"https:\/\/www.hamilton.ca\/people-programs\/early-years-child-care\/child-care-services\/child-care-registry\" target=\"_blank\" rel=\"noopener\"><strong>subvention pour les services de garde d\u2019enfants<\/strong>.<\/a><\/p><p>Pour \u00eatre admissible \u00e0 une subvention, votre fournisseur de services de garde doit avoir un <strong>contrat avec la Ville de Hamilton<\/strong>.<br \/>Pour plus d\u2019information sur les services de garde agr\u00e9\u00e9s, consultez le <a href=\"https:\/\/www.hamilton.ca\/people-programs\/early-years-child-care\/child-care-services\/child-care-registry\" target=\"_blank\" rel=\"noopener\"><strong>Registre des services de garde d\u2019enfants<\/strong><\/a>.<\/p><p>Toutes les personnes qui pr\u00e9sentent une demande doivent avoir besoin d\u2019un service de garde <strong>dans les trois prochains mois<\/strong> pour \u00eatre admissibles \u00e0 soumettre une demande.<\/p><p><strong>Services sp\u00e9cialis\u00e9s<\/strong><\/p><p>Vous avez besoin de services de traduction? Des services de traduction sont offerts afin de mieux soutenir les familles de Hamilton (sur demande).<\/p><p>Des services sont \u00e9galement offerts <strong>aux communaut\u00e9s francophones et autochtones<\/strong>.<\/p><p>Une <strong>intervenante en soutien linguistique francophone<\/strong> est aussi disponible pour offrir des services aux familles et aux enfants qui parlent fran\u00e7ais.<\/p><p>Les familles peuvent demander ces services en t\u00e9l\u00e9phonant au <strong>905-546-4870<\/strong> ou en \u00e9crivant \u00e0 <strong><a class=\"decorated-link cursor-pointer\" href=\"mailto:childcare@hamilton.ca\" rel=\"noopener\">childcare@hamilton.ca<\/a><\/strong>.<\/p><p><strong>Prochaines \u00e9tapes apr\u00e8s la demande<\/strong><\/p><p>Les personnes <strong>non soumises \u00e0 la liste d\u2019attente<\/strong> seront contact\u00e9es pour fournir les documents requis et fixer un <strong>rendez-vous d\u2019\u00e9valuation<\/strong> afin de v\u00e9rifier leur admissibilit\u00e9.<br \/>Les personnes <strong>soumis(es) \u00e0 la liste d\u2019attente<\/strong> recevront une lettre confirmant leur position sur la liste. Elles seront contact\u00e9es d\u00e8s qu\u2019une <strong>place sera disponible<\/strong> dans le programme.<\/p><p>Il est important d\u2019aviser le bureau de tout <strong>changement d\u2019adresse ou de num\u00e9ro de t\u00e9l\u00e9phone<\/strong>, afin qu\u2019ils puissent vous joindre lorsqu\u2019une place se lib\u00e8re.<\/p>                        <\/div>\n\n                    <\/div>\n\n                <\/div><!-- .elementskit-card END -->\n\n                \n                <div class=\"elementskit-card active\">\n                    <div class=\"elementskit-card-header\" id=\"primaryHeading-1-a953b5c\">\n                        <a href=\"#collapse-23e929969e1786ac98b9\" class=\"ekit-accordion--toggler elementskit-btn-link collapsed\" data-ekit-toggle=\"collapse\" data-target=\"#Collapse-23e929969e1786ac98b9\" aria-expanded=\"true\" aria-controls=\"Collapse-23e929969e1786ac98b9\">\n                            \n                            <span class=\"ekit-accordion-title\">R\u00e9gion de Niagara<\/span>\n\n                            \n                                <div class=\"ekit_accordion_icon_group\">\n                                    <div class=\"ekit_accordion_normal_icon\">\n                                        <!-- Normal Icon -->\n\t\t\t\t\t\t\t\t\t\t<i class=\"icon icon-down-arrow1\"><\/i>                                    <\/div>\n\n                                    <div class=\"ekit_accordion_active_icon\">\n                                        <!-- Active Icon -->\n\t\t\t\t\t\t\t\t\t\t<i class=\"icon icon-up-arrow\"><\/i>                                    <\/div>\n                                <\/div>\n\n                            \n                                                    <\/a>\n                    <\/div>\n\n                    <div id=\"Collapse-23e929969e1786ac98b9\" class=\" show collapse\" aria-labelledby=\"primaryHeading-1-a953b5c\" data-parent=\"#accordion-69e1786ac98b9\">\n\n                        <div class=\"elementskit-card-body ekit-accordion--content\">\n                            <h5><a href=\"https:\/\/laboiteasoleil.ca\/fra\/wp-content\/uploads\/2025\/01\/Frais-de-service-Jan-2025.pdf\" target=\"_blank\" rel=\"noopener noreferrer\">R\u00e9gion de Niagara - Frais de service 2025<\/a><\/h5><p><img decoding=\"async\" class=\"alignnone wp-image-8127 size-full\" src=\"https:\/\/laboiteasoleil.ca\/fra\/wp-content\/uploads\/2025\/01\/Frais-de-service-Jan-2025.jpg\" alt=\"\" width=\"1588\" height=\"2074\" srcset=\"https:\/\/laboiteasoleil.ca\/fra\/wp-content\/uploads\/2025\/01\/Frais-de-service-Jan-2025.jpg 1588w, https:\/\/laboiteasoleil.ca\/fra\/wp-content\/uploads\/2025\/01\/Frais-de-service-Jan-2025-230x300.jpg 230w, https:\/\/laboiteasoleil.ca\/fra\/wp-content\/uploads\/2025\/01\/Frais-de-service-Jan-2025-784x1024.jpg 784w, https:\/\/laboiteasoleil.ca\/fra\/wp-content\/uploads\/2025\/01\/Frais-de-service-Jan-2025-768x1003.jpg 768w, https:\/\/laboiteasoleil.ca\/fra\/wp-content\/uploads\/2025\/01\/Frais-de-service-Jan-2025-1176x1536.jpg 1176w, https:\/\/laboiteasoleil.ca\/fra\/wp-content\/uploads\/2025\/01\/Frais-de-service-Jan-2025-1568x2048.jpg 1568w\" sizes=\"(max-width: 1588px) 100vw, 1588px\" \/><\/p><h4>SUBVENTION<\/h4><p>Des places subventionn\u00e9es par la R\u00e9gion Niagara sont disponibles pour les familles d\u00e9pendamment de leurs ressources. Les d\u00e9marches pour obtenir une subvention doivent \u00eatre faites par le parent\/tuteur et non par La Bo\u00eete \u00e0 soleil. L\u2019approbation de la demande est d\u00e9cid\u00e9e par La R\u00e9gion du Niagara bas\u00e9e sur l\u2019\u00e9ligibilit\u00e9. La superviseure du centre et l\u2019administration de La Bo\u00eete \u00e0 soleil doivent recevoir une confirmation de la demande avant d\u2019accepter l\u2019enfant.<\/p><h5><strong>Comment appliquer pour la subvention de la r\u00e9gion du Niagara<\/strong><\/h5><ul><li>Aller sur le site de la r\u00e9gion du Niagara<br \/><a href=\"https:\/\/www.niagararegion.ca\/living\/childcare\/default.aspx\" target=\"_blank\" rel=\"noopener noreferrer\">https:\/\/www.niagararegion.ca\/living\/childcare\/default.aspx<\/a><\/li><li>Cliquer sur le lien :\u00a0<a href=\"https:\/\/www.niagararegion.ca\/living\/childcare\/financial-assistance\/default.aspx\" target=\"_blank\" rel=\"noopener noreferrer\">Financial assistance<\/a><\/li><li>Sur le site, il y a les crit\u00e8res d\u2019\u00e9ligibilit\u00e9 pour appliquer pour de la subvention. Par exemple : \u00eatre un r\u00e9sident du Niagara, avoir un enfant \u00e2g\u00e9 de 12 ans ou moins, faire un test bas\u00e9 sur le salaire total des imp\u00f4ts de la maison, etc.<\/li><li>Pour appliquer en ligne, cliquer sur le lien :\u00a0<a href=\"https:\/\/www.niagararegion.ca\/living\/childcare\/registration\/REG_Family.aspx\" target=\"_blank\" rel=\"noopener noreferrer\">Apply for Child Care assistance<\/a><\/li><li>L\u2019application en ligne ne garantit pas de recevoir de la subvention. L\u2019\u00e9ligibilit\u00e9 sera d\u00e9termin\u00e9e lors d\u2019une entrevue en personne aux bureaux de la r\u00e9gion.<\/li><\/ul><h5><a href=\"https:\/\/laboiteasoleil.ca\/fra\/faq\/\" target=\"_blank\" rel=\"noopener noreferrer\">FAQ-Subvention<\/a><\/h5>                        <\/div>\n\n                    <\/div>\n\n                <\/div><!-- .elementskit-card END -->\n\n                                                        <script type=\"application\/ld+json\">{\"@context\":\"https:\/\/schema.org\",\"@type\":\"FAQPage\",\"mainEntity\":[{\"@type\":\"Question\",\"name\":\"Hamilton\",\"acceptedAnswer\":{\"@type\":\"Answer\",\"text\":\"<h5><a href=\\\"https:\/\/laboiteasoleil.ca\/fra\/wp-content\/uploads\/2025\/11\/Frais-de-service-2025-Hamilton-Dec-1-2025-003.pdf\\\" target=\\\"_blank\\\" rel=\\\"noopener noreferrer\\\">Hamilton - Frais de service 2025<\/a><\/h5><p><img class=\\\"aligncenter size-full wp-image-8712\\\" src=\\\"https:\/\/laboiteasoleil.ca\/fra\/wp-content\/uploads\/2025\/11\/Frais-de-service-2025-Hamilton-Dec-1-2025-003.png\\\" alt=\\\"\\\" width=\\\"1700\\\" height=\\\"2200\\\" \/><\/p><h4><strong>Subvention<\/strong><\/h4><p>Vous devez remplir le <a href=\\\"https:\/\/www.missioninc.com\/cso\/hamilton\\\" target=\\\"_blank\\\" rel=\\\"noopener\\\"><strong>formulaire de demande en ligne<\/strong> <\/a>pour faire une demande de <a href=\\\"https:\/\/www.hamilton.ca\/people-programs\/early-years-child-care\/child-care-services\/child-care-registry\\\" target=\\\"_blank\\\" rel=\\\"noopener\\\"><strong>subvention pour les services de garde d\u2019enfants<\/strong>.<\/a><\/p><p>Pour \u00eatre admissible \u00e0 une subvention, votre fournisseur de services de garde doit avoir un <strong>contrat avec la Ville de Hamilton<\/strong>.<br \/>Pour plus d\u2019information sur les services de garde agr\u00e9\u00e9s, consultez le <a href=\\\"https:\/\/www.hamilton.ca\/people-programs\/early-years-child-care\/child-care-services\/child-care-registry\\\" target=\\\"_blank\\\" rel=\\\"noopener\\\"><strong>Registre des services de garde d\u2019enfants<\/strong><\/a>.<\/p><p>Toutes les personnes qui pr\u00e9sentent une demande doivent avoir besoin d\u2019un service de garde <strong>dans les trois prochains mois<\/strong> pour \u00eatre admissibles \u00e0 soumettre une demande.<\/p><p><strong>Services sp\u00e9cialis\u00e9s<\/strong><\/p><p>Vous avez besoin de services de traduction? Des services de traduction sont offerts afin de mieux soutenir les familles de Hamilton (sur demande).<\/p><p>Des services sont \u00e9galement offerts <strong>aux communaut\u00e9s francophones et autochtones<\/strong>.<\/p><p>Une <strong>intervenante en soutien linguistique francophone<\/strong> est aussi disponible pour offrir des services aux familles et aux enfants qui parlent fran\u00e7ais.<\/p><p>Les familles peuvent demander ces services en t\u00e9l\u00e9phonant au <strong>905-546-4870<\/strong> ou en \u00e9crivant \u00e0 <strong><a class=\\\"decorated-link cursor-pointer\\\" href=\\\"mailto:childcare@hamilton.ca\\\" rel=\\\"noopener\\\">childcare@hamilton.ca<\/a><\/strong>.<\/p><p><strong>Prochaines \u00e9tapes apr\u00e8s la demande<\/strong><\/p><p>Les personnes <strong>non soumises \u00e0 la liste d\u2019attente<\/strong> seront contact\u00e9es pour fournir les documents requis et fixer un <strong>rendez-vous d\u2019\u00e9valuation<\/strong> afin de v\u00e9rifier leur admissibilit\u00e9.<br \/>Les personnes <strong>soumis(es) \u00e0 la liste d\u2019attente<\/strong> recevront une lettre confirmant leur position sur la liste. Elles seront contact\u00e9es d\u00e8s qu\u2019une <strong>place sera disponible<\/strong> dans le programme.<\/p><p>Il est important d\u2019aviser le bureau de tout <strong>changement d\u2019adresse ou de num\u00e9ro de t\u00e9l\u00e9phone<\/strong>, afin qu\u2019ils puissent vous joindre lorsqu\u2019une place se lib\u00e8re.<\/p>\"}},{\"@type\":\"Question\",\"name\":\"R\u00e9gion de Niagara\",\"acceptedAnswer\":{\"@type\":\"Answer\",\"text\":\"<h5><a href=\\\"https:\/\/laboiteasoleil.ca\/fra\/wp-content\/uploads\/2025\/01\/Frais-de-service-Jan-2025.pdf\\\" target=\\\"_blank\\\" rel=\\\"noopener noreferrer\\\">R\u00e9gion de Niagara - Frais de service 2025<\/a><\/h5><p><img class=\\\"alignnone wp-image-8127 size-full\\\" src=\\\"https:\/\/laboiteasoleil.ca\/fra\/wp-content\/uploads\/2025\/01\/Frais-de-service-Jan-2025.jpg\\\" alt=\\\"\\\" width=\\\"1588\\\" height=\\\"2074\\\" \/><\/p><h4>SUBVENTION<\/h4><p>Des places subventionn\u00e9es par la R\u00e9gion Niagara sont disponibles pour les familles d\u00e9pendamment de leurs ressources. Les d\u00e9marches pour obtenir une subvention doivent \u00eatre faites par le parent\/tuteur et non par La Bo\u00eete \u00e0 soleil. L\u2019approbation de la demande est d\u00e9cid\u00e9e par La R\u00e9gion du Niagara bas\u00e9e sur l\u2019\u00e9ligibilit\u00e9. La superviseure du centre et l\u2019administration de La Bo\u00eete \u00e0 soleil doivent recevoir une confirmation de la demande avant d\u2019accepter l\u2019enfant.<\/p><h5><strong>Comment appliquer pour la subvention de la r\u00e9gion du Niagara<\/strong><\/h5><ul><li>Aller sur le site de la r\u00e9gion du Niagara<br \/><a href=\\\"https:\/\/www.niagararegion.ca\/living\/childcare\/default.aspx\\\" target=\\\"_blank\\\" rel=\\\"noopener noreferrer\\\">https:\/\/www.niagararegion.ca\/living\/childcare\/default.aspx<\/a><\/li><li>Cliquer sur le lien :\u00a0<a href=\\\"https:\/\/www.niagararegion.ca\/living\/childcare\/financial-assistance\/default.aspx\\\" target=\\\"_blank\\\" rel=\\\"noopener noreferrer\\\">Financial assistance<\/a><\/li><li>Sur le site, il y a les crit\u00e8res d\u2019\u00e9ligibilit\u00e9 pour appliquer pour de la subvention. Par exemple : \u00eatre un r\u00e9sident du Niagara, avoir un enfant \u00e2g\u00e9 de 12 ans ou moins, faire un test bas\u00e9 sur le salaire total des imp\u00f4ts de la maison, etc.<\/li><li>Pour appliquer en ligne, cliquer sur le lien :\u00a0<a href=\\\"https:\/\/www.niagararegion.ca\/living\/childcare\/registration\/REG_Family.aspx\\\" target=\\\"_blank\\\" rel=\\\"noopener noreferrer\\\">Apply for Child Care assistance<\/a><\/li><li>L\u2019application en ligne ne garantit pas de recevoir de la subvention. L\u2019\u00e9ligibilit\u00e9 sera d\u00e9termin\u00e9e lors d\u2019une entrevue en personne aux bureaux de la r\u00e9gion.<\/li><\/ul><h5><a href=\\\"https:\/\/laboiteasoleil.ca\/fra\/faq\/\\\" target=\\\"_blank\\\" rel=\\\"noopener noreferrer\\\">FAQ-Subvention<\/a><\/h5>\"}}]}<\/script>\n                                <\/div>\n    <\/div>\t\t\t\t<\/div>\n\t\t\t\t<\/div>\n\t\t\t\t\t<\/div>\n\t\t<\/div>\n\t\t\t\t\t<\/div>\n\t\t<\/section>\n\t\t\t\t<\/div>\n\t\t","protected":false},"excerpt":{"rendered":"<p>Nous utilisons un cycle de facturation mensuelle anticip\u00e9e. Le 1er de chaque mois ou le 1er jour ouvrable du mois, nous retirons les frais totaux pour le mois. Pour plus de d\u00e9tails en fonction de votre programme, veuillez-vous r\u00e9f\u00e9rer \u00e0 notre Guide des parents.\u00a0 \u00a0Calendrier de retrait 2025 \u00a0 Hamilton Hamilton &#8211; Frais de service [&hellip;]<\/p>\n","protected":false},"author":1,"featured_media":0,"parent":0,"menu_order":0,"comment_status":"closed","ping_status":"closed","template":"","meta":{"_monsterinsights_skip_tracking":false,"_monsterinsights_sitenote_active":false,"_monsterinsights_sitenote_note":"","_monsterinsights_sitenote_category":0,"footnotes":""},"class_list":["post-181","page","type-page","status-publish","hentry"],"_links":{"self":[{"href":"https:\/\/laboiteasoleil.ca\/fra\/wp-json\/wp\/v2\/pages\/181","targetHints":{"allow":["GET"]}}],"collection":[{"href":"https:\/\/laboiteasoleil.ca\/fra\/wp-json\/wp\/v2\/pages"}],"about":[{"href":"https:\/\/laboiteasoleil.ca\/fra\/wp-json\/wp\/v2\/types\/page"}],"author":[{"embeddable":true,"href":"https:\/\/laboiteasoleil.ca\/fra\/wp-json\/wp\/v2\/users\/1"}],"replies":[{"embeddable":true,"href":"https:\/\/laboiteasoleil.ca\/fra\/wp-json\/wp\/v2\/comments?post=181"}],"version-history":[{"count":80,"href":"https:\/\/laboiteasoleil.ca\/fra\/wp-json\/wp\/v2\/pages\/181\/revisions"}],"predecessor-version":[{"id":8870,"href":"https:\/\/laboiteasoleil.ca\/fra\/wp-json\/wp\/v2\/pages\/181\/revisions\/8870"}],"wp:attachment":[{"href":"https:\/\/laboiteasoleil.ca\/fra\/wp-json\/wp\/v2\/media?parent=181"}],"curies":[{"name":"wp","href":"https:\/\/api.w.org\/{rel}","templated":true}]}}