{"id":183,"date":"2015-07-20T05:35:01","date_gmt":"2015-07-20T05:35:01","guid":{"rendered":"https:\/\/staging.laboiteasoleil.ca\/fra\/?page_id=183"},"modified":"2025-11-11T20:29:43","modified_gmt":"2025-11-11T20:29:43","slug":"menus","status":"publish","type":"page","link":"https:\/\/laboiteasoleil.ca\/fra\/menus\/","title":{"rendered":"Menus"},"content":{"rendered":"\t\t<div data-elementor-type=\"wp-page\" data-elementor-id=\"183\" class=\"elementor elementor-183\" data-elementor-post-type=\"page\">\n\t\t\t\t\t\t<section class=\"elementor-section elementor-top-section elementor-element elementor-element-79702c64 elementor-section-boxed elementor-section-height-default elementor-section-height-default\" data-id=\"79702c64\" data-element_type=\"section\" data-e-type=\"section\" data-settings=\"{&quot;shape_divider_bottom&quot;:&quot;clouds&quot;}\">\n\t\t\t\t\t<div class=\"elementor-shape elementor-shape-bottom\" aria-hidden=\"true\" data-negative=\"false\">\n\t\t\t<svg xmlns=\"http:\/\/www.w3.org\/2000\/svg\" viewBox=\"0 0 283.5 27.8\" preserveAspectRatio=\"xMidYMax slice\">\n  <path class=\"elementor-shape-fill\" d=\"M0 0v6.7c1.9-.8 4.7-1.4 8.5-1 9.5 1.1 11.1 6 11.1 6s2.1-.7 4.3-.2c2.1.5 2.8 2.6 2.8 2.6s.2-.5 1.4-.7c1.2-.2 1.7.2 1.7.2s0-2.1 1.9-2.8c1.9-.7 3.6.7 3.6.7s.7-2.9 3.1-4.1 4.7 0 4.7 0 1.2-.5 2.4 0 1.7 1.4 1.7 1.4h1.4c.7 0 1.2.7 1.2.7s.8-1.8 4-2.2c3.5-.4 5.3 2.4 6.2 4.4.4-.4 1-.7 1.8-.9 2.8-.7 4 .7 4 .7s1.7-5 11.1-6c9.5-1.1 12.3 3.9 12.3 3.9s1.2-4.8 5.7-5.7c4.5-.9 6.8 1.8 6.8 1.8s.6-.6 1.5-.9c.9-.2 1.9-.2 1.9-.2s5.2-6.4 12.6-3.3c7.3 3.1 4.7 9 4.7 9s1.9-.9 4 0 2.8 2.4 2.8 2.4 1.9-1.2 4.5-1.2 4.3 1.2 4.3 1.2.2-1 1.4-1.7 2.1-.7 2.1-.7-.5-3.1 2.1-5.5 5.7-1.4 5.7-1.4 1.5-2.3 4.2-1.1c2.7 1.2 1.7 5.2 1.7 5.2s.3-.1 1.3.5c.5.4.8.8.9 1.1.5-1.4 2.4-5.8 8.4-4 7.1 2.1 3.5 8.9 3.5 8.9s.8-.4 2 0 1.1 1.1 1.1 1.1 1.1-1.1 2.3-1.1 2.1.5 2.1.5 1.9-3.6 6.2-1.2 1.9 6.4 1.9 6.4 2.6-2.4 7.4 0c3.4 1.7 3.9 4.9 3.9 4.9s3.3-6.9 10.4-7.9 11.5 2.6 11.5 2.6.8 0 1.2.2c.4.2.9.9.9.9s4.4-3.1 8.3.2c1.9 1.7 1.5 5 1.5 5s.3-1.1 1.6-1.4c1.3-.3 2.3.2 2.3.2s-.1-1.2.5-1.9 1.9-.9 1.9-.9-4.7-9.3 4.4-13.4c5.6-2.5 9.2.9 9.2.9s5-6.2 15.9-6.2 16.1 8.1 16.1 8.1.7-.2 1.6-.4V0H0z\"\/>\n<\/svg>\n\t\t<\/div>\n\t\t\t\t\t<div class=\"elementor-container elementor-column-gap-default\">\n\t\t\t\t\t<div class=\"elementor-column elementor-col-100 elementor-top-column elementor-element elementor-element-4d183f89\" data-id=\"4d183f89\" data-element_type=\"column\" data-e-type=\"column\">\n\t\t\t<div class=\"elementor-widget-wrap elementor-element-populated\">\n\t\t\t\t\t\t<div class=\"elementor-element elementor-element-619745ef elementor-widget elementor-widget-text-editor\" data-id=\"619745ef\" data-element_type=\"widget\" data-e-type=\"widget\" data-widget_type=\"text-editor.default\">\n\t\t\t\t<div class=\"elementor-widget-container\">\n\t\t\t\t\t\t\t\t\t<h5 role=\"heading\" data-uw-rm-heading=\"level\" aria-level=\"1\"><strong><a href=\"https:\/\/laboiteasoleil.ca\/fra\/wp-content\/uploads\/2025\/11\/Automne-Hiver-2025-2026-Menu-1.pdf\" target=\"_blank\" rel=\"noopener noreferrer\" aria-label=\"Menu 1 - ouvrir dans un nouvel onglet\" data-uw-rm-ext-link=\"\">Menu 1<\/a>\u00a0 | \u00a0<a href=\"https:\/\/laboiteasoleil.ca\/fra\/wp-content\/uploads\/2025\/11\/Automne-Hiver-2025-2026-Menu-2.pdf\" target=\"_blank\" rel=\"noopener noreferrer\" aria-label=\"Menu 2 - ouvrir dans un nouvel onglet\" data-uw-rm-ext-link=\"\">Menu 2<\/a>\u00a0 | \u00a0<a href=\"https:\/\/laboiteasoleil.ca\/fra\/wp-content\/uploads\/2025\/11\/Automne-Hiver-2025-2026-Menu-3.pdf\" target=\"_blank\" rel=\"noopener noreferrer\" aria-label=\"Menu 3 - ouvrir dans un nouvel onglet\" data-uw-rm-ext-link=\"\">Menu 3 <\/a><\/strong><strong>\u00a0 | \u00a0<a href=\"https:\/\/laboiteasoleil.ca\/fra\/wp-content\/uploads\/2025\/11\/Automne-Hiver-2025-2026-Menu-4.pdf\" target=\"_blank\" rel=\"noopener noreferrer\" aria-label=\"Menu 4 - ouvrir dans un nouvel onglet\" data-uw-rm-ext-link=\"\">Menu 4<\/a><\/strong><\/h5><p>La saine alimentation est de plus en plus reconnue comme un des facteurs affectant la sant\u00e9 et l\u2019apprentissage. Comme professionnels dans le domaine de la petite enfance, les employ\u00e9es de La Bo\u00eete \u00e0 soleil ont la responsabilit\u00e9 d\u2019enseigner aux enfants le concept d\u2019une bonne alimentation (\u00e0 travers la programmation, la nourriture offerte et les activit\u00e9s culinaires sp\u00e9ciales qui sont planifi\u00e9es pour introduire la notion de la saine alimentation aux enfants) et de contr\u00f4ler toute la nourriture qui entre dans le centre et qui est distribu\u00e9e aux enfants pour assurer leur s\u00e9curit\u00e9 (allergie, restriction ou intol\u00e9rance).<\/p><p>Nous veillons \u00e0 la bonne alimentation des enfants en pr\u00e9parant des menus \u00e9quilibr\u00e9s en collaboration avec une di\u00e9t\u00e9ticienne de la R\u00e9gion. Le menu des collations et des repas ainsi que les changements apport\u00e9s sont affich\u00e9 \u00e0 l\u2019entr\u00e9e de chaque centre. Une collation nutritive est servie dans la matin\u00e9e et au cours de l\u2019apr\u00e8s-midi (une collation est offerte aux enfants du programme apr\u00e8s l\u2019\u00e9cole et <strong>les bo\u00eetes \u00e0 d\u00eener sont interdites au centre<\/strong>). Un repas chaud qui suit les recommandations du \u00ab Guide alimentaire canadien \u00bb est servi \u00e0 11h00.<\/p><p>Toute nourriture apport\u00e9e au centre (pour des occasions sp\u00e9ciales comme f\u00eate, graduation ou activit\u00e9 sp\u00e9ciale) doit provenir d\u2019un magasin ou d\u2019un distributeur commercial. L\u2019emballage doit \u00eatre scell\u00e9 et les ingr\u00e9dients doivent \u00eatre indiqu\u00e9s sur le paquet. Les bonbons, croustilles, gommes ou biscuits au chocolat sont \u00e0 \u00e9viter. Les friandises et les p\u00e2tisseries contenant des noix et produits d\u2019arachides sont d\u00e9fendues au centre \u00e0 cause d\u2019allergies s\u00e9v\u00e8res (les produits de Tim Hortons sont interdits).<\/p>\t\t\t\t\t\t\t\t<\/div>\n\t\t\t\t<\/div>\n\t\t\t\t\t<\/div>\n\t\t<\/div>\n\t\t\t\t\t<\/div>\n\t\t<\/section>\n\t\t\t\t<section class=\"elementor-section elementor-top-section elementor-element elementor-element-c6a70b4 elementor-section-boxed elementor-section-height-default elementor-section-height-default\" data-id=\"c6a70b4\" data-element_type=\"section\" data-e-type=\"section\" data-settings=\"{&quot;background_background&quot;:&quot;classic&quot;}\">\n\t\t\t\t\t\t<div class=\"elementor-container elementor-column-gap-default\">\n\t\t\t\t\t<div class=\"elementor-column elementor-col-100 elementor-top-column elementor-element elementor-element-d927635\" data-id=\"d927635\" data-element_type=\"column\" data-e-type=\"column\">\n\t\t\t<div class=\"elementor-widget-wrap elementor-element-populated\">\n\t\t\t\t\t\t<div class=\"elementor-element elementor-element-68e4b65 elementor-widget elementor-widget-image\" data-id=\"68e4b65\" data-element_type=\"widget\" data-e-type=\"widget\" data-widget_type=\"image.default\">\n\t\t\t\t<div class=\"elementor-widget-container\">\n\t\t\t\t\t\t\t\t\t\t\t\t\t\t\t<img fetchpriority=\"high\" decoding=\"async\" width=\"1500\" height=\"750\" src=\"https:\/\/laboiteasoleil.ca\/fra\/wp-content\/uploads\/2024\/06\/Menu-pic.png\" class=\"attachment-full size-full wp-image-6631\" alt=\"\" srcset=\"https:\/\/laboiteasoleil.ca\/fra\/wp-content\/uploads\/2024\/06\/Menu-pic.png 1500w, https:\/\/laboiteasoleil.ca\/fra\/wp-content\/uploads\/2024\/06\/Menu-pic-300x150.png 300w, https:\/\/laboiteasoleil.ca\/fra\/wp-content\/uploads\/2024\/06\/Menu-pic-1024x512.png 1024w, https:\/\/laboiteasoleil.ca\/fra\/wp-content\/uploads\/2024\/06\/Menu-pic-768x384.png 768w\" sizes=\"(max-width: 1500px) 100vw, 1500px\" \/>\t\t\t\t\t\t\t\t\t\t\t\t\t\t\t<\/div>\n\t\t\t\t<\/div>\n\t\t\t\t\t<\/div>\n\t\t<\/div>\n\t\t\t\t\t<\/div>\n\t\t<\/section>\n\t\t\t\t<section class=\"elementor-section elementor-top-section elementor-element elementor-element-3306020 elementor-section-boxed elementor-section-height-default elementor-section-height-default\" data-id=\"3306020\" data-element_type=\"section\" data-e-type=\"section\" data-settings=\"{&quot;shape_divider_top&quot;:&quot;clouds&quot;}\">\n\t\t\t\t\t<div class=\"elementor-shape elementor-shape-top\" aria-hidden=\"true\" data-negative=\"false\">\n\t\t\t<svg xmlns=\"http:\/\/www.w3.org\/2000\/svg\" viewBox=\"0 0 283.5 27.8\" preserveAspectRatio=\"xMidYMax slice\">\n  <path class=\"elementor-shape-fill\" d=\"M0 0v6.7c1.9-.8 4.7-1.4 8.5-1 9.5 1.1 11.1 6 11.1 6s2.1-.7 4.3-.2c2.1.5 2.8 2.6 2.8 2.6s.2-.5 1.4-.7c1.2-.2 1.7.2 1.7.2s0-2.1 1.9-2.8c1.9-.7 3.6.7 3.6.7s.7-2.9 3.1-4.1 4.7 0 4.7 0 1.2-.5 2.4 0 1.7 1.4 1.7 1.4h1.4c.7 0 1.2.7 1.2.7s.8-1.8 4-2.2c3.5-.4 5.3 2.4 6.2 4.4.4-.4 1-.7 1.8-.9 2.8-.7 4 .7 4 .7s1.7-5 11.1-6c9.5-1.1 12.3 3.9 12.3 3.9s1.2-4.8 5.7-5.7c4.5-.9 6.8 1.8 6.8 1.8s.6-.6 1.5-.9c.9-.2 1.9-.2 1.9-.2s5.2-6.4 12.6-3.3c7.3 3.1 4.7 9 4.7 9s1.9-.9 4 0 2.8 2.4 2.8 2.4 1.9-1.2 4.5-1.2 4.3 1.2 4.3 1.2.2-1 1.4-1.7 2.1-.7 2.1-.7-.5-3.1 2.1-5.5 5.7-1.4 5.7-1.4 1.5-2.3 4.2-1.1c2.7 1.2 1.7 5.2 1.7 5.2s.3-.1 1.3.5c.5.4.8.8.9 1.1.5-1.4 2.4-5.8 8.4-4 7.1 2.1 3.5 8.9 3.5 8.9s.8-.4 2 0 1.1 1.1 1.1 1.1 1.1-1.1 2.3-1.1 2.1.5 2.1.5 1.9-3.6 6.2-1.2 1.9 6.4 1.9 6.4 2.6-2.4 7.4 0c3.4 1.7 3.9 4.9 3.9 4.9s3.3-6.9 10.4-7.9 11.5 2.6 11.5 2.6.8 0 1.2.2c.4.2.9.9.9.9s4.4-3.1 8.3.2c1.9 1.7 1.5 5 1.5 5s.3-1.1 1.6-1.4c1.3-.3 2.3.2 2.3.2s-.1-1.2.5-1.9 1.9-.9 1.9-.9-4.7-9.3 4.4-13.4c5.6-2.5 9.2.9 9.2.9s5-6.2 15.9-6.2 16.1 8.1 16.1 8.1.7-.2 1.6-.4V0H0z\"\/>\n<\/svg>\n\t\t<\/div>\n\t\t\t\t\t<div class=\"elementor-container elementor-column-gap-default\">\n\t\t\t\t\t<div class=\"elementor-column elementor-col-100 elementor-top-column elementor-element elementor-element-da57046\" data-id=\"da57046\" data-element_type=\"column\" data-e-type=\"column\">\n\t\t\t<div class=\"elementor-widget-wrap elementor-element-populated\">\n\t\t\t\t\t\t<div class=\"elementor-element elementor-element-8f5216c elementor-widget elementor-widget-text-editor\" data-id=\"8f5216c\" data-element_type=\"widget\" data-e-type=\"widget\" data-widget_type=\"text-editor.default\">\n\t\t\t\t<div class=\"elementor-widget-container\">\n\t\t\t\t\t\t\t\t\t<h5 role=\"presentation\" aria-hidden=\"true\" data-uw-rm-heading=\"hide\"><strong>\u00a0<\/strong><strong style=\"color: var( --e-global-color-primary );\">\u00a0<\/strong><span class=\"data-uw-rm-autofix-hide\" style=\"color: #ffffff !important; background: #000000 !important; clip: rect(1px, 1px, 1px, 1px) !important; clip-path: inset(50%) !important; height: 1px !important; width: 1px !important; margin: -1px !important; overflow: hidden !important; padding: 0px !important; position: absolute !important;\" data-uw-reader-element=\"\" data-uw-rm-ignore=\"\">Empty heading<\/span><\/h5><h5 role=\"heading\" data-uw-rm-heading=\"level\" aria-level=\"1\"><strong style=\"color: var( --e-global-color-primary );\">Allergies alimentaires\u00a0 \u00a0 \u00a0 \u00a0 \u00a0 \u00a0 \u00a0 \u00a0 \u00a0 \u00a0 \u00a0 \u00a0 \u00a0 \u00a0 \u00a0 \u00a0 \u00a0 \u00a0 \u00a0 \u00a0 \u00a0 \u00a0 \u00a0 \u00a0 \u00a0 \u00a0 \u00a0 \u00a0 \u00a0 \u00a0 \u00a0 \u00a0 \u00a0 \u00a0 \u00a0 \u00a0 \u00a0 \u00a0 \u00a0 \u00a0 \u00a0 \u00a0 \u00a0\u00a0<\/strong><\/h5><p>Si votre enfant a une allergie alimentaire, vous devez compl\u00e9ter la fiche \u00ab Allergie alimentaire \u00bb et en discuter avec la superviseure. Une liste des allergies alimentaires des enfants est affich\u00e9e dans la cuisine et dans la salle \u00e0 manger afin de s\u2019assurer qu\u2019aucun enfant ne re\u00e7oit un met auquel il\/elle est allergique.<\/p><p><strong>N.B. Il est tr\u00e8s important d\u2019aviser le personnel des restrictions alimentaires de votre enfant. <\/strong>La Bo\u00eete \u00e0 soleil vous accommodera au mieux de ses capacit\u00e9s en retirant les aliments non d\u00e9sir\u00e9s de son alimentation et en les substituant.<\/p><ul><li>Exemples de restriction accommodable : porc (ou autre viande), \u0153ufs, lait, soja.<\/li><li>Exemples de restriction non accommodable : bl\u00e9, gluten.<\/li><\/ul><p>Dans le cas d\u2019une restriction non accommodable (liste ci-dessus ou grosse allergie avec Epipen), les parents ont toujours la possibilit\u00e9 d\u2019apporter le d\u00eener de leur enfant. La Bo\u00eete \u00e0 soleil continuera de fournir des collations adapt\u00e9es pour cet enfant.<\/p><h5 role=\"heading\" data-uw-rm-heading=\"level\" aria-level=\"2\"><span style=\"text-decoration: underline;\"><a style=\"text-decoration: underline;\" href=\"https:\/\/laboiteasoleil.ca\/fra\/faq\/\" target=\"_blank\" rel=\"noopener noreferrer\" data-uw-rm-brl=\"PR\" data-uw-original-href=\"https:\/\/laboiteasoleil.ca\/fra\/faq\/\" aria-label=\"FAQ - Alimentation Saine - ouvrir dans un nouvel onglet\" data-uw-rm-ext-link=\"\">FAQ &#8211; Alimentation Saine<\/a><\/span><\/h5><p>Notre \u00e9quipe de cuisine vise \u00e0 offrir des repas et des collations sains et adapt\u00e9s aux go\u00fbts des enfants, et qui changent au fil des saisons. En s&#8217;appuyant sur les principes du \u00ab Guide alimentaire canadien \u00bb par une di\u00e9t\u00e9tiste, nous nous effor\u00e7ons d&#8217;offrir des options nutritives aux enfants de nos centres. Par exemple, nous avons supprim\u00e9 les jus, remplac\u00e9 les farines blanches<span style=\"font-family: var( --e-global-typography-text-font-family ), Sans-serif; font-size: var( --e-global-typography-text-font-size ); font-weight: var( --e-global-typography-text-font-weight );\">\u00a0<\/span><span style=\"font-family: var( --e-global-typography-text-font-family ), Sans-serif; font-size: var( --e-global-typography-text-font-size ); font-weight: var( --e-global-typography-text-font-weight );\">(quand possible)<\/span><span style=\"font-family: var( --e-global-typography-text-font-family ), Sans-serif; font-size: var( --e-global-typography-text-font-size ); font-weight: var( --e-global-typography-text-font-weight );\">\u00a0par des farines compl\u00e8tes ou d&#8217;avoine, r\u00e9duit le sucre, le sel et les mati\u00e8res grasses (charcuteries, p\u00e2tisseries, cr\u00e8mes, etc.) et ajout\u00e9 des repas v\u00e9g\u00e9tariens ou semi-v\u00e9g\u00e9tariens.<\/span><\/p><h5 role=\"heading\" data-uw-rm-heading=\"level\" aria-level=\"1\"><strong><a href=\"https:\/\/laboiteasoleil.ca\/fra\/wp-content\/uploads\/2025\/11\/Automne-Hiver-2025-2026-Menu-1.pdf\" target=\"_blank\" rel=\"noopener noreferrer\" aria-label=\"Menu 1 - ouvrir dans un nouvel onglet\" data-uw-rm-ext-link=\"\">Menu 1<\/a>\u00a0 | \u00a0<a href=\"https:\/\/laboiteasoleil.ca\/fra\/wp-content\/uploads\/2025\/11\/Automne-Hiver-2025-2026-Menu-2.pdf\" target=\"_blank\" rel=\"noopener noreferrer\" aria-label=\"Menu 2 - ouvrir dans un nouvel onglet\" data-uw-rm-ext-link=\"\">Menu 2<\/a>\u00a0 | \u00a0<a href=\"https:\/\/laboiteasoleil.ca\/fra\/wp-content\/uploads\/2025\/11\/Automne-Hiver-2025-2026-Menu-3.pdf\" target=\"_blank\" rel=\"noopener noreferrer\" aria-label=\"Menu 3 - ouvrir dans un nouvel onglet\" data-uw-rm-ext-link=\"\">Menu 3 <\/a><\/strong><strong>\u00a0 | \u00a0<a href=\"https:\/\/laboiteasoleil.ca\/fra\/wp-content\/uploads\/2025\/11\/Automne-Hiver-2025-2026-Menu-4.pdf\" target=\"_blank\" rel=\"noopener noreferrer\" aria-label=\"Menu 4 - ouvrir dans un nouvel onglet\" data-uw-rm-ext-link=\"\">Menu 4<\/a><\/strong><\/h5><h5 role=\"presentation\" aria-hidden=\"true\" data-uw-rm-heading=\"hide\">\u00a0<span class=\"data-uw-rm-autofix-hide\" style=\"color: #ffffff !important; background: #000000 !important; clip: rect(1px, 1px, 1px, 1px) !important; clip-path: inset(50%) !important; height: 1px !important; width: 1px !important; margin: -1px !important; overflow: hidden !important; padding: 0px !important; position: absolute !important;\" data-uw-reader-element=\"\" data-uw-rm-ignore=\"\">Empty heading ()<\/span><\/h5>\t\t\t\t\t\t\t\t<\/div>\n\t\t\t\t<\/div>\n\t\t\t\t\t<\/div>\n\t\t<\/div>\n\t\t\t\t\t<\/div>\n\t\t<\/section>\n\t\t\t\t<\/div>\n\t\t","protected":false},"excerpt":{"rendered":"<p>Menu 1\u00a0 | \u00a0Menu 2\u00a0 | \u00a0Menu 3 \u00a0 | \u00a0Menu 4 La saine alimentation est de plus en plus reconnue comme un des facteurs affectant la sant\u00e9 et l\u2019apprentissage. Comme professionnels dans le domaine de la petite enfance, les employ\u00e9es de La Bo\u00eete \u00e0 soleil ont la responsabilit\u00e9 d\u2019enseigner aux enfants le concept d\u2019une [&hellip;]<\/p>\n","protected":false},"author":1,"featured_media":0,"parent":0,"menu_order":0,"comment_status":"closed","ping_status":"closed","template":"","meta":{"_monsterinsights_skip_tracking":false,"_monsterinsights_sitenote_active":false,"_monsterinsights_sitenote_note":"","_monsterinsights_sitenote_category":0,"footnotes":""},"class_list":["post-183","page","type-page","status-publish","hentry"],"_links":{"self":[{"href":"https:\/\/laboiteasoleil.ca\/fra\/wp-json\/wp\/v2\/pages\/183","targetHints":{"allow":["GET"]}}],"collection":[{"href":"https:\/\/laboiteasoleil.ca\/fra\/wp-json\/wp\/v2\/pages"}],"about":[{"href":"https:\/\/laboiteasoleil.ca\/fra\/wp-json\/wp\/v2\/types\/page"}],"author":[{"embeddable":true,"href":"https:\/\/laboiteasoleil.ca\/fra\/wp-json\/wp\/v2\/users\/1"}],"replies":[{"embeddable":true,"href":"https:\/\/laboiteasoleil.ca\/fra\/wp-json\/wp\/v2\/comments?post=183"}],"version-history":[{"count":76,"href":"https:\/\/laboiteasoleil.ca\/fra\/wp-json\/wp\/v2\/pages\/183\/revisions"}],"predecessor-version":[{"id":8754,"href":"https:\/\/laboiteasoleil.ca\/fra\/wp-json\/wp\/v2\/pages\/183\/revisions\/8754"}],"wp:attachment":[{"href":"https:\/\/laboiteasoleil.ca\/fra\/wp-json\/wp\/v2\/media?parent=183"}],"curies":[{"name":"wp","href":"https:\/\/api.w.org\/{rel}","templated":true}]}}