{"id":188,"date":"2015-07-20T05:44:58","date_gmt":"2015-07-20T05:44:58","guid":{"rendered":"https:\/\/staging.laboiteasoleil.ca\/fra\/?page_id=188"},"modified":"2025-01-16T16:11:12","modified_gmt":"2025-01-16T16:11:12","slug":"temoignages","status":"publish","type":"page","link":"https:\/\/laboiteasoleil.ca\/fra\/temoignages\/","title":{"rendered":"T\u00e9moignages"},"content":{"rendered":"\t\t<div data-elementor-type=\"wp-page\" data-elementor-id=\"188\" class=\"elementor elementor-188\" data-elementor-post-type=\"page\">\n\t\t\t\t\t\t<section class=\"elementor-section elementor-top-section elementor-element elementor-element-737e5bdf elementor-section-boxed elementor-section-height-default elementor-section-height-default\" data-id=\"737e5bdf\" data-element_type=\"section\" data-e-type=\"section\">\n\t\t\t\t\t\t<div class=\"elementor-container elementor-column-gap-default\">\n\t\t\t\t\t<div class=\"elementor-column elementor-col-100 elementor-top-column elementor-element elementor-element-852f003\" data-id=\"852f003\" data-element_type=\"column\" data-e-type=\"column\">\n\t\t\t<div class=\"elementor-widget-wrap elementor-element-populated\">\n\t\t\t\t\t\t<div class=\"elementor-element elementor-element-9f6b264 elementor-headline--style-highlight elementor-widget elementor-widget-animated-headline\" data-id=\"9f6b264\" data-element_type=\"widget\" data-e-type=\"widget\" data-settings=\"{&quot;marker&quot;:&quot;underline&quot;,&quot;highlighted_text&quot;:&quot;t\\u00e9moignages&quot;,&quot;headline_style&quot;:&quot;highlight&quot;,&quot;loop&quot;:&quot;yes&quot;,&quot;highlight_animation_duration&quot;:1200,&quot;highlight_iteration_delay&quot;:8000}\" data-widget_type=\"animated-headline.default\">\n\t\t\t\t<div class=\"elementor-widget-container\">\n\t\t\t\t\t\t\t<h3 class=\"elementor-headline\">\n\t\t\t\t\t<span class=\"elementor-headline-plain-text elementor-headline-text-wrapper\">Merci pour vos<\/span>\n\t\t\t\t<span class=\"elementor-headline-dynamic-wrapper elementor-headline-text-wrapper\">\n\t\t\t\t\t<span class=\"elementor-headline-dynamic-text elementor-headline-text-active\">t\u00e9moignages<\/span>\n\t\t\t\t<\/span>\n\t\t\t\t<\/h3>\n\t\t\t\t\t\t<\/div>\n\t\t\t\t<\/div>\n\t\t\t\t<div class=\"elementor-element elementor-element-3a718d59 elementor-widget elementor-widget-text-editor\" data-id=\"3a718d59\" data-element_type=\"widget\" data-e-type=\"widget\" data-widget_type=\"text-editor.default\">\n\t\t\t\t<div class=\"elementor-widget-container\">\n\t\t\t\t\t\t\t\t\t<h6><span style=\"color: #000080;\"><strong>Ce que les parents <span class=\"hps\">ont \u00e0 dire<\/span> <span class=\"hps\">\u00e0 propos des employ\u00e9es et<\/span>\u00a0<span class=\"hps\">La Bo\u00eete \u00e0<\/span> <span class=\"hps\">soleil<\/span><\/strong><\/span><span class=\"\"><span style=\"color: #000080;\"><strong>:<\/strong><\/span><a href=\"https:\/\/laboiteasoleil.ca\/fra\/wp-content\/uploads\/2025\/01\/testimonials.png\"><img fetchpriority=\"high\" decoding=\"async\" class=\"alignright wp-image-8080\" src=\"https:\/\/laboiteasoleil.ca\/fra\/wp-content\/uploads\/2025\/01\/testimonials.png\" alt=\"\" width=\"400\" height=\"618\" srcset=\"https:\/\/laboiteasoleil.ca\/fra\/wp-content\/uploads\/2025\/01\/testimonials.png 647w, https:\/\/laboiteasoleil.ca\/fra\/wp-content\/uploads\/2025\/01\/testimonials-194x300.png 194w\" sizes=\"(max-width: 400px) 100vw, 400px\" \/><\/a><\/span><\/h6><p>&#8220;J&#8217;aimerais prendre un moment pour surligner le travail Exceptionnel de tous \u00e0 la bo\u00eete de soleil. J&#8217;appr\u00e9cie \u00e9norm\u00e9ment les petits messages expliquant une activit\u00e9 de la journ\u00e9e qu&#8217;on re\u00e7oit par courriel. De plus, je re\u00e7ois plus souvent des photos de mon enfants en actions.<br \/>Je reconnais tous\u00a0 vos efforts et je vous f\u00e9licite. Vous faites tous un travail important. Merci!!!!!!&#8221;<\/p><hr \/><p>&#8220;J&#8217;ai beaucoup appr\u00e9ci\u00e9 mon exp\u00e9rience avec La Bo\u00eete \u00e0 soleil de LaMarsh. Le personnel est tr\u00e8s sympathique et ils travaillent fort pour aider ma fille \u00e0 s&#8217;ajuster \u00e0 une nouvelle routine sans maman et papa a cot\u00e9. L&#8217;id\u00e9e de HiMama est vraiment bien pens\u00e9e, merci! Nous vous remercier tr\u00e8s sinc\u00e8rement cas vous nous offrez un service de qualit\u00e9 et en fran\u00e7ais et c&#8217;est bien appr\u00e9cier. Notre toute premi\u00e8re exp\u00e9rience avec une garderie a \u00e9t\u00e9 tr\u00e8s positive gr\u00e2ce \u00e0 vous.&#8221; (H\u00e9l\u00e8ne)<\/p><hr \/><p>&#8220;Mon enfant est en s\u00e9curit\u00e9 avec Michelle car l\u2019amour est \u00e9vident par les c\u00e2lins, les sourires et la fa\u00e7on dont elle accueille tous les enfants.&#8221; (Linda)<\/p><hr \/><p>&#8220;Mon enfant adore son \u00e9ducatrice et s\u2019ennuie d\u2019elle si elle n\u2019est pas l\u00e0. Nous aussi on l\u2019aime car elle rend notre enfant heureuse.&#8221; (Katia)<\/p><hr \/><p>&#8220;Mon enfant ne veux pas partir et a toi hours h\u00e2te.&#8221;<\/p><hr \/><p>&#8220;Pour mes enfants, La Bo\u00eete \u00e0 soleil c&#8217;est comme \u00e0 la maison&#8230; mais en mieux!&#8221;<\/p><hr \/><p>&#8220;La boite \u00e0 Soleil est un lieu s\u00e9curitaire, amusant et en fran\u00e7ais. Autre que les \u00e9coles, il y a peu de lieux avec ces crit\u00e8res dans la r\u00e9gion.&#8221;<\/p><hr \/><p>&#8220;La garderie Bo\u00eete \u00e0 soleil est un milieu accueillant et stimulant pour les enfants de tous les \u00e2ges. L&#8217;\u00e9quipe est form\u00e9e de gens bien form\u00e9s et sensibles aux besoins des enfants. En rentrant dans le local \u00e0 chaque matin, l&#8217;accueil est toujours chaleureux autant pour les parents que pour les enfants. L&#8217;\u00e9quipe rassure le parent et \u00e9tablit de belles relations avec les enfants.&#8221;<\/p><hr \/><p>\u201cLes temps s\u2019est passe si vite! Je ne peux pas imaginer que ma fille partira l\u2019ann\u00e9e prochaine pour aller \u00e0 la maternelle! Il ne semble qu\u2019elle a juste arriv\u00e9 \u00e0 la garderie. I cannot begin to describe how wonderful you have been. Your loving, guiding, caring and firm leadership has been a God send to us. From the first week of leaving our daughters in your care you have been an extension of our family. They talk about you regularly and this truly reflect how much our kids love and respect you. \u201d<\/p><h6><strong><span class=\"\" lang=\"fr\"><span style=\"color: #000080;\"><span class=\"hps\">Ce que les enfants<\/span>\u00a0<span class=\"hps\">ont \u00e0 dire<\/span> <span class=\"hps\">\u00e0 propos de<\/span> <span class=\"hps\">La Bo\u00eete \u00e0<\/span> <span class=\"hps\">soleil<\/span><\/span><span class=\"\"><span style=\"color: #000080;\">:<\/span><\/span><\/span><\/strong><\/h6><p><a href=\"https:\/\/laboiteasoleil.ca\/fra\/wp-content\/uploads\/2015\/07\/T\u00e9moignages-enfant-1.jpg\"><img decoding=\"async\" class=\"wp-image-801 alignleft\" src=\"https:\/\/laboiteasoleil.ca\/fra\/wp-content\/uploads\/2015\/07\/T\u00e9moignages-enfant-2-e1441984012285-300x233.jpg\" alt=\"T\u00e9moignages enfant 2\" width=\"538\" height=\"418\" srcset=\"https:\/\/laboiteasoleil.ca\/fra\/wp-content\/uploads\/2015\/07\/T\u00e9moignages-enfant-2-e1441984012285-300x233.jpg 300w, https:\/\/laboiteasoleil.ca\/fra\/wp-content\/uploads\/2015\/07\/T\u00e9moignages-enfant-2-e1441984012285-1024x794.jpg 1024w\" sizes=\"(max-width: 538px) 100vw, 538px\" \/><img decoding=\"async\" class=\"alignleft wp-image-800 \" src=\"https:\/\/laboiteasoleil.ca\/fra\/wp-content\/uploads\/2015\/07\/T\u00e9moignages-enfant-1-e1441984054159-300x233.jpg\" alt=\"T\u00e9moignages enfant 1\" width=\"559\" height=\"434\" srcset=\"https:\/\/laboiteasoleil.ca\/fra\/wp-content\/uploads\/2015\/07\/T\u00e9moignages-enfant-1-e1441984054159-300x233.jpg 300w, https:\/\/laboiteasoleil.ca\/fra\/wp-content\/uploads\/2015\/07\/T\u00e9moignages-enfant-1-e1441984054159-1024x794.jpg 1024w\" sizes=\"(max-width: 559px) 100vw, 559px\" \/><\/a><\/p><p><img loading=\"lazy\" decoding=\"async\" class=\"wp-image-803 alignleft\" src=\"https:\/\/laboiteasoleil.ca\/fra\/wp-content\/uploads\/2015\/07\/T\u00e9moignages-enfant-4-e1441983759237-300x233.jpg\" alt=\"T\u00e9moignages enfant 4\" width=\"549\" height=\"426\" srcset=\"https:\/\/laboiteasoleil.ca\/fra\/wp-content\/uploads\/2015\/07\/T\u00e9moignages-enfant-4-e1441983759237-300x233.jpg 300w, https:\/\/laboiteasoleil.ca\/fra\/wp-content\/uploads\/2015\/07\/T\u00e9moignages-enfant-4-e1441983759237-1024x794.jpg 1024w\" sizes=\"(max-width: 549px) 100vw, 549px\" \/><\/p><p><img loading=\"lazy\" decoding=\"async\" class=\"wp-image-802 alignleft\" src=\"https:\/\/laboiteasoleil.ca\/fra\/wp-content\/uploads\/2015\/07\/T\u00e9moignages-enfant-3-e1441983857600-300x233.jpg\" alt=\"T\u00e9moignages enfant 3\" width=\"489\" height=\"380\" srcset=\"https:\/\/laboiteasoleil.ca\/fra\/wp-content\/uploads\/2015\/07\/T\u00e9moignages-enfant-3-e1441983857600-300x233.jpg 300w, https:\/\/laboiteasoleil.ca\/fra\/wp-content\/uploads\/2015\/07\/T\u00e9moignages-enfant-3-e1441983857600-1024x794.jpg 1024w\" sizes=\"(max-width: 489px) 100vw, 489px\" \/><\/p>\t\t\t\t\t\t\t\t<\/div>\n\t\t\t\t<\/div>\n\t\t\t\t\t<\/div>\n\t\t<\/div>\n\t\t\t\t\t<\/div>\n\t\t<\/section>\n\t\t\t\t<\/div>\n\t\t","protected":false},"excerpt":{"rendered":"<p>Merci pour vos t\u00e9moignages Ce que les parents ont \u00e0 dire \u00e0 propos des employ\u00e9es et\u00a0La Bo\u00eete \u00e0 soleil: &#8220;J&#8217;aimerais prendre un moment pour surligner le travail Exceptionnel de tous \u00e0 la bo\u00eete de soleil. J&#8217;appr\u00e9cie \u00e9norm\u00e9ment les petits messages expliquant une activit\u00e9 de la journ\u00e9e qu&#8217;on re\u00e7oit par courriel. De plus, je re\u00e7ois plus [&hellip;]<\/p>\n","protected":false},"author":1,"featured_media":0,"parent":0,"menu_order":0,"comment_status":"closed","ping_status":"closed","template":"","meta":{"_monsterinsights_skip_tracking":false,"_monsterinsights_sitenote_active":false,"_monsterinsights_sitenote_note":"","_monsterinsights_sitenote_category":0,"footnotes":""},"class_list":["post-188","page","type-page","status-publish","hentry"],"_links":{"self":[{"href":"https:\/\/laboiteasoleil.ca\/fra\/wp-json\/wp\/v2\/pages\/188","targetHints":{"allow":["GET"]}}],"collection":[{"href":"https:\/\/laboiteasoleil.ca\/fra\/wp-json\/wp\/v2\/pages"}],"about":[{"href":"https:\/\/laboiteasoleil.ca\/fra\/wp-json\/wp\/v2\/types\/page"}],"author":[{"embeddable":true,"href":"https:\/\/laboiteasoleil.ca\/fra\/wp-json\/wp\/v2\/users\/1"}],"replies":[{"embeddable":true,"href":"https:\/\/laboiteasoleil.ca\/fra\/wp-json\/wp\/v2\/comments?post=188"}],"version-history":[{"count":36,"href":"https:\/\/laboiteasoleil.ca\/fra\/wp-json\/wp\/v2\/pages\/188\/revisions"}],"predecessor-version":[{"id":8089,"href":"https:\/\/laboiteasoleil.ca\/fra\/wp-json\/wp\/v2\/pages\/188\/revisions\/8089"}],"wp:attachment":[{"href":"https:\/\/laboiteasoleil.ca\/fra\/wp-json\/wp\/v2\/media?parent=188"}],"curies":[{"name":"wp","href":"https:\/\/api.w.org\/{rel}","templated":true}]}}