{"id":1929,"date":"2017-10-25T19:26:52","date_gmt":"2017-10-25T19:26:52","guid":{"rendered":"https:\/\/staging.laboiteasoleil.ca\/fra\/?page_id=1929"},"modified":"2025-01-20T22:23:10","modified_gmt":"2025-01-20T22:23:10","slug":"ressources-pour-linscription","status":"publish","type":"page","link":"https:\/\/laboiteasoleil.ca\/fra\/ressources-pour-linscription\/","title":{"rendered":"Ressources pour l\u2019inscription"},"content":{"rendered":"\t\t<div data-elementor-type=\"wp-page\" data-elementor-id=\"1929\" class=\"elementor elementor-1929\" data-elementor-post-type=\"page\">\n\t\t\t\t\t\t<section class=\"elementor-section elementor-top-section elementor-element elementor-element-63b59c5d elementor-section-boxed elementor-section-height-default elementor-section-height-default\" data-id=\"63b59c5d\" data-element_type=\"section\" data-e-type=\"section\" data-settings=\"{&quot;shape_divider_bottom&quot;:&quot;clouds&quot;}\">\n\t\t\t\t\t<div class=\"elementor-shape elementor-shape-bottom\" aria-hidden=\"true\" data-negative=\"false\">\n\t\t\t<svg xmlns=\"http:\/\/www.w3.org\/2000\/svg\" viewBox=\"0 0 283.5 27.8\" preserveAspectRatio=\"xMidYMax slice\">\n  <path class=\"elementor-shape-fill\" d=\"M0 0v6.7c1.9-.8 4.7-1.4 8.5-1 9.5 1.1 11.1 6 11.1 6s2.1-.7 4.3-.2c2.1.5 2.8 2.6 2.8 2.6s.2-.5 1.4-.7c1.2-.2 1.7.2 1.7.2s0-2.1 1.9-2.8c1.9-.7 3.6.7 3.6.7s.7-2.9 3.1-4.1 4.7 0 4.7 0 1.2-.5 2.4 0 1.7 1.4 1.7 1.4h1.4c.7 0 1.2.7 1.2.7s.8-1.8 4-2.2c3.5-.4 5.3 2.4 6.2 4.4.4-.4 1-.7 1.8-.9 2.8-.7 4 .7 4 .7s1.7-5 11.1-6c9.5-1.1 12.3 3.9 12.3 3.9s1.2-4.8 5.7-5.7c4.5-.9 6.8 1.8 6.8 1.8s.6-.6 1.5-.9c.9-.2 1.9-.2 1.9-.2s5.2-6.4 12.6-3.3c7.3 3.1 4.7 9 4.7 9s1.9-.9 4 0 2.8 2.4 2.8 2.4 1.9-1.2 4.5-1.2 4.3 1.2 4.3 1.2.2-1 1.4-1.7 2.1-.7 2.1-.7-.5-3.1 2.1-5.5 5.7-1.4 5.7-1.4 1.5-2.3 4.2-1.1c2.7 1.2 1.7 5.2 1.7 5.2s.3-.1 1.3.5c.5.4.8.8.9 1.1.5-1.4 2.4-5.8 8.4-4 7.1 2.1 3.5 8.9 3.5 8.9s.8-.4 2 0 1.1 1.1 1.1 1.1 1.1-1.1 2.3-1.1 2.1.5 2.1.5 1.9-3.6 6.2-1.2 1.9 6.4 1.9 6.4 2.6-2.4 7.4 0c3.4 1.7 3.9 4.9 3.9 4.9s3.3-6.9 10.4-7.9 11.5 2.6 11.5 2.6.8 0 1.2.2c.4.2.9.9.9.9s4.4-3.1 8.3.2c1.9 1.7 1.5 5 1.5 5s.3-1.1 1.6-1.4c1.3-.3 2.3.2 2.3.2s-.1-1.2.5-1.9 1.9-.9 1.9-.9-4.7-9.3 4.4-13.4c5.6-2.5 9.2.9 9.2.9s5-6.2 15.9-6.2 16.1 8.1 16.1 8.1.7-.2 1.6-.4V0H0z\"\/>\n<\/svg>\n\t\t<\/div>\n\t\t\t\t\t<div class=\"elementor-container elementor-column-gap-default\">\n\t\t\t\t\t<div class=\"elementor-column elementor-col-100 elementor-top-column elementor-element elementor-element-70eaf583\" data-id=\"70eaf583\" data-element_type=\"column\" data-e-type=\"column\">\n\t\t\t<div class=\"elementor-widget-wrap elementor-element-populated\">\n\t\t\t\t\t\t<div class=\"elementor-element elementor-element-1b3f1995 elementor-widget elementor-widget-text-editor\" data-id=\"1b3f1995\" data-element_type=\"widget\" data-e-type=\"widget\" data-widget_type=\"text-editor.default\">\n\t\t\t\t<div class=\"elementor-widget-container\">\n\t\t\t\t\t\t\t\t\t<p>Que vous soyez un nouveau parent \u00a0\u00e0 la recherche de services de garde ou que vous soyez int\u00e9ress\u00e9 aux services offerts par La Bo\u00eete \u00e0 soleil, vous trouverez ici des ressources utiles pour vous aider \u00e0 travers toutes les \u00e9tapes du processus d&#8217;inscription. Nous voulons offrir le meilleur support possible \u00e0 nos familles donc si vous avez d\u2019autres questions, veuillez communiquer avec notre Responsable des familles 905-735-1840, poste 28 ou \u00e0 <a href=\"mailto:info@laboiteasoleil.ca\"><span style=\"text-decoration: underline;\"><strong>info@laboiteasoleil.ca<\/strong><\/span><\/a>.<\/p><h5 role=\"heading\" data-uw-rm-heading=\"level\" aria-level=\"1\">Crit\u00e8res d\u2019admission :<\/h5><ol><li>La priorit\u00e9 est donn\u00e9e aux familles dont au moins l\u2019un des parents ou le gardien l\u00e9gal est francophone et que ce parent ou gardien l\u00e9gal parle couramment le fran\u00e7ais.<\/li><li>La priorit\u00e9 est aussi donn\u00e9e pour l\u2019inscription d\u2019enfants ayant un fr\u00e8re ou une s\u0153ur d\u00e9j\u00e0 inscrits dans l\u2019un des programmes de La Bo\u00eete \u00e0 soleil, ainsi qu\u2019aux membres du personnel ou de l\u2019\u00e9cole dans laquelle se situe le centre.<\/li><li>La date \u00e0 laquelle l\u2019inscription est faite sur la liste d\u2019attente.<\/li><li>Le programme \u00e0 temps partiel est offert s\u2019il ne compromet pas la viabilit\u00e9 financi\u00e8re du centre ou la qualit\u00e9 du programme \u00e9ducatif.<\/li><li>Les parents d\u00e9montrent un engagement \u00e0 la p\u00e9dagogie de leur enfant.<\/li><\/ol><ul><li>Pour \u00eatre accept\u00e9 chez les poupons, l\u2019enfant doit \u00eatre \u00e2g\u00e9 d\u2019au moins 3 mois. Les poupons passeront dans le groupe des bambins lorsqu&#8217;ils auront atteint l\u2019\u00e2ge de 18 mois et lorsqu&#8217;une place se lib\u00e9rera dans ce groupe. Si au moment o\u00f9 l&#8217;enfant atteint ses 18 mois il n\u2019y a pas de place dans le groupe des bambins, l\u2019enfant restera dans le groupe des poupons et le tarif des bambins sera appliqu\u00e9 lors de la facturation.<\/li><li>Pour \u00eatre accept\u00e9 chez les bambins, l\u2019enfant doit pouvoir suivre l\u2019horaire et atteindre les crit\u00e8res d\u00e9veloppementaux du groupe des bambins (enfant qui marche et qui peut se nourrir).<\/li><li>Pour \u00eatre admis chez les pr\u00e9scolaires, l\u2019enfant doit \u00eatre \u00e2g\u00e9 de 2 ans et demi (30 mois) \u00e0 5 ans. Les bambins passeront dans le groupe des pr\u00e9scolaires lorsqu&#8217;ils auront atteint l\u2019\u00e2ge de 2 ans et demi (30 mois) et lorsqu&#8217;une place se lib\u00e9rera dans ce groupe. Le tarif pr\u00e9scolaire sera appliqu\u00e9 \u00e0 la facturation d\u00e8s que l\u2019enfant atteint ses 2 ans et demi m\u00eame si la place dans le groupe des pr\u00e9scolaires n\u2019est pas disponible \u00e0 ce moment-l\u00e0.<\/li><\/ul><p>Avez-vous des questions sur le processus d\u2019inscription, les paiements ou encore les subventions? Nous avons compil\u00e9 une liste des <a href=\"https:\/\/laboiteasoleil.ca\/fra\/faq\/\" data-uw-rm-brl=\"PR\" data-uw-original-href=\"https:\/\/laboiteasoleil.ca\/fra\/faq\/\"><strong>questions les plus fr\u00e9quemment<\/strong><\/a> pos\u00e9es que nous pensons utiles pour les nouveaux parents.<\/p><p>Avant que votre enfant ne commence \u00e0 la garderie, il est important de penser \u00e0 tout ce dont il aura besoin durant la journ\u00e9e. Vous trouverez ci-dessous des liens vers les articles sugg\u00e9r\u00e9s pour chaque groupe d\u2019\u00e2ge<\/p>\t\t\t\t\t\t\t\t<\/div>\n\t\t\t\t<\/div>\n\t\t\t\t<div class=\"elementor-element elementor-element-cfab061 elementor-widget elementor-widget-button\" data-id=\"cfab061\" data-element_type=\"widget\" data-e-type=\"widget\" data-widget_type=\"button.default\">\n\t\t\t\t<div class=\"elementor-widget-container\">\n\t\t\t\t\t\t\t\t\t<div class=\"elementor-button-wrapper\">\n\t\t\t\t\t<a class=\"elementor-button elementor-button-link elementor-size-sm\" href=\"https:\/\/laboiteasoleil.ca\/fra\/wp-content\/uploads\/2024\/06\/Effets-personnels.pdf\" target=\"_blank\">\n\t\t\t\t\t\t<span class=\"elementor-button-content-wrapper\">\n\t\t\t\t\t\t\t\t\t<span class=\"elementor-button-text\">Ce dont votre enfant aura besoin<\/span>\n\t\t\t\t\t<\/span>\n\t\t\t\t\t<\/a>\n\t\t\t\t<\/div>\n\t\t\t\t\t\t\t\t<\/div>\n\t\t\t\t<\/div>\n\t\t\t\t<div class=\"elementor-element elementor-element-da3178e elementor-widget elementor-widget-spacer\" data-id=\"da3178e\" data-element_type=\"widget\" data-e-type=\"widget\" data-widget_type=\"spacer.default\">\n\t\t\t\t<div class=\"elementor-widget-container\">\n\t\t\t\t\t\t\t<div class=\"elementor-spacer\">\n\t\t\t<div class=\"elementor-spacer-inner\"><\/div>\n\t\t<\/div>\n\t\t\t\t\t\t<\/div>\n\t\t\t\t<\/div>\n\t\t\t\t\t<\/div>\n\t\t<\/div>\n\t\t\t\t\t<\/div>\n\t\t<\/section>\n\t\t\t\t<section class=\"elementor-section elementor-top-section elementor-element elementor-element-6fc47b1 elementor-section-boxed elementor-section-height-default elementor-section-height-default\" data-id=\"6fc47b1\" data-element_type=\"section\" data-e-type=\"section\" data-settings=\"{&quot;shape_divider_top&quot;:&quot;clouds&quot;}\">\n\t\t\t\t\t<div class=\"elementor-shape elementor-shape-top\" aria-hidden=\"true\" data-negative=\"false\">\n\t\t\t<svg xmlns=\"http:\/\/www.w3.org\/2000\/svg\" viewBox=\"0 0 283.5 27.8\" preserveAspectRatio=\"xMidYMax slice\">\n  <path class=\"elementor-shape-fill\" d=\"M0 0v6.7c1.9-.8 4.7-1.4 8.5-1 9.5 1.1 11.1 6 11.1 6s2.1-.7 4.3-.2c2.1.5 2.8 2.6 2.8 2.6s.2-.5 1.4-.7c1.2-.2 1.7.2 1.7.2s0-2.1 1.9-2.8c1.9-.7 3.6.7 3.6.7s.7-2.9 3.1-4.1 4.7 0 4.7 0 1.2-.5 2.4 0 1.7 1.4 1.7 1.4h1.4c.7 0 1.2.7 1.2.7s.8-1.8 4-2.2c3.5-.4 5.3 2.4 6.2 4.4.4-.4 1-.7 1.8-.9 2.8-.7 4 .7 4 .7s1.7-5 11.1-6c9.5-1.1 12.3 3.9 12.3 3.9s1.2-4.8 5.7-5.7c4.5-.9 6.8 1.8 6.8 1.8s.6-.6 1.5-.9c.9-.2 1.9-.2 1.9-.2s5.2-6.4 12.6-3.3c7.3 3.1 4.7 9 4.7 9s1.9-.9 4 0 2.8 2.4 2.8 2.4 1.9-1.2 4.5-1.2 4.3 1.2 4.3 1.2.2-1 1.4-1.7 2.1-.7 2.1-.7-.5-3.1 2.1-5.5 5.7-1.4 5.7-1.4 1.5-2.3 4.2-1.1c2.7 1.2 1.7 5.2 1.7 5.2s.3-.1 1.3.5c.5.4.8.8.9 1.1.5-1.4 2.4-5.8 8.4-4 7.1 2.1 3.5 8.9 3.5 8.9s.8-.4 2 0 1.1 1.1 1.1 1.1 1.1-1.1 2.3-1.1 2.1.5 2.1.5 1.9-3.6 6.2-1.2 1.9 6.4 1.9 6.4 2.6-2.4 7.4 0c3.4 1.7 3.9 4.9 3.9 4.9s3.3-6.9 10.4-7.9 11.5 2.6 11.5 2.6.8 0 1.2.2c.4.2.9.9.9.9s4.4-3.1 8.3.2c1.9 1.7 1.5 5 1.5 5s.3-1.1 1.6-1.4c1.3-.3 2.3.2 2.3.2s-.1-1.2.5-1.9 1.9-.9 1.9-.9-4.7-9.3 4.4-13.4c5.6-2.5 9.2.9 9.2.9s5-6.2 15.9-6.2 16.1 8.1 16.1 8.1.7-.2 1.6-.4V0H0z\"\/>\n<\/svg>\n\t\t<\/div>\n\t\t\t\t\t<div class=\"elementor-container elementor-column-gap-default\">\n\t\t\t\t\t<div class=\"elementor-column elementor-col-100 elementor-top-column elementor-element elementor-element-a006aaf\" data-id=\"a006aaf\" data-element_type=\"column\" data-e-type=\"column\">\n\t\t\t<div class=\"elementor-widget-wrap elementor-element-populated\">\n\t\t\t\t\t\t<div class=\"elementor-element elementor-element-02ea401 elementor-widget elementor-widget-heading\" data-id=\"02ea401\" data-element_type=\"widget\" data-e-type=\"widget\" data-widget_type=\"heading.default\">\n\t\t\t\t<div class=\"elementor-widget-container\">\n\t\t\t\t\t<h2 class=\"elementor-heading-title elementor-size-default\">Guide d\u2019inscription<\/h2>\t\t\t\t<\/div>\n\t\t\t\t<\/div>\n\t\t\t\t<div class=\"elementor-element elementor-element-f426791 elementor-widget elementor-widget-text-editor\" data-id=\"f426791\" data-element_type=\"widget\" data-e-type=\"widget\" data-widget_type=\"text-editor.default\">\n\t\t\t\t<div class=\"elementor-widget-container\">\n\t\t\t\t\t\t\t\t\t<h5>Processus d\u2019inscription\u00a0<\/h5><p>1. La premi\u00e8re \u00e9tape pour les parents qui veulent inscrire leur enfant \u00e0 La Bo\u00eete \u00e0 soleil est de cr\u00e9er un compte sur le \u00ab <strong><a href=\"https:\/\/niagara.onehsn.com\/ux_2_0\" target=\"_blank\" rel=\"noopener\">Niagara Child Care Registry<\/a><\/strong> \u00bb ou \u00ab<strong> <a href=\"https:\/\/niagara.onehsn.com\/ux_2_0\" target=\"_blank\" rel=\"noopener\">Onelist<\/a><\/strong> \u00bb. Ceci est un registre central pour tous les services de garde au Niagara. Les parents fournissent leurs informations et leur fournisseur de services de garde d\u00e9sir\u00e9. C\u2019est l\u00e0 que les parents choisissent un des centres de La Bo\u00eete \u00e0 soleil. Le Bureau central d\u2019inscription et de renseignements de La Bo\u00eete \u00e0 soleil prend la responsabilit\u00e9 de rester \u00e0 jour avec les demandes des parents.<\/p><p>2. Lorsqu\u2019une place devient disponible, les parents sont contact\u00e9s par t\u00e9l\u00e9phone ou par courriel pour commencer le processus d\u2019inscription (Veuillez noter que nos courriels sont parfois envoy\u00e9s directement dans le dossier \u00ab junk \u00bb. Veuillez v\u00e9rifier ce dossier r\u00e9guli\u00e8rement).<\/p><ul><li><strong>Les parents auront 48 heures pour r\u00e9pondre<\/strong> \u00e0 l\u2019appel ou le courriel pour r\u00e9server l\u2019espace pour leur enfant. Si nous n\u2019avons pas re\u00e7u de r\u00e9ponse dans la limite de 48 heures, nous passerons \u00e0 la prochaine famille sur la liste d\u2019attente.<\/li><li>Le processus d\u2019enregistrement dure environ<strong> 7 jours<\/strong>.<\/li><li>La priorit\u00e9 est donn\u00e9e aux familles en fonction de leur date d\u2019application sur le \u00ab Onelist \u00bb. Le plus t\u00f4t les familles s\u2019inscrivent sur le \u00ab Onelist \u00bb, la plus \u00e9lev\u00e9e sera leur priorit\u00e9 lorsque leur date de d\u00e9but souhait\u00e9e approche.<\/li><\/ul><p>3. Les parents recevront un courriel avec les informations pour l&#8217;inscription de leur enfant. Ils auront 7 jours pour la compl\u00e9t\u00e9e et r\u00e9server la place de leur enfant. Si l\u2019offre de service n\u2019est pas compl\u00e9t\u00e9e durant ces 7 jours, nous passerons \u00e0 la prochaine famille sur la liste d\u2019attente.<\/p><ul><li>Selon la situation, les parents s\u00e9par\u00e9s\/divorc\u00e9s devront remplir des documents distinctes pour leur enfant ainsi qu\u2019un formulaire pour parents s\u00e9par\u00e9s. Ceci sera compl\u00e9t\u00e9 avec la superviseure du centre.<\/li><\/ul><p>4. L\u2019offre de service sera examin\u00e9e dans les 2 \u00e0 4 jours ouvrables apr\u00e8s la soumission. Si l\u2019information est bien compl\u00e9t\u00e9e un courriel de confirmation sera envoy\u00e9 aux parents avec la date de d\u00e9but de leur enfant ainsi que des informations suppl\u00e9mentaires avant de commencer \u00e0 La Bo\u00eete \u00e0 soleil. Si l\u2019offre de service est incompl\u00e8te les parents seront contact\u00e9s pour des clarifications.<\/p><p>5. Les parents doivent avoir une orientation avec la superviseure de leur centre respectif avant le d\u00e9but de l\u2019enfant. Cette visite sera arrang\u00e9e une fois que l\u2019inscription est termin\u00e9e.<\/p><h5>Pour assurer que l\u2019inscription est compl\u00e9t\u00e9e :<\/h5><ul><li>L\u2019inscription doit \u00eatre correctement remplie avec toutes les informations n\u00e9cessaires.<\/li><li>Les documents appropri\u00e9s doivent \u00eatre t\u00e9l\u00e9charg\u00e9s dans le portail des parents du compte Digibot.<\/li><li>Les parents doivent recevoir un courriel confirmant l\u2019inscription de leur enfant.<\/li><\/ul><h5>Qu\u2019est-ce que les parents doivent avoir AVANT de commencer le processus d\u2019inscription ?<\/h5><ul><li>Un ch\u00e8que annul\u00e9 ou un formulaire de retrait pr\u00e9autoris\u00e9 valide (PAD). Ceci est n\u00e9cessaire pour TOUTES familles (qu\u2019elles soient subventionn\u00e9es ou non) sous forme de copie \u00e9lectronique : PDF ou photo.<\/li><li>Un dossier d\u2019immunisation \u00e0 jour (en version \u00e9lectronique : PDF ou photo)<\/li><li>Les coordonn\u00e9es du m\u00e9decin de famille ou de la clinique.<\/li><li>Les informations de contact d\u2019urgence (nom, num\u00e9ro de t\u00e9l\u00e9phone, relation avec l\u2019enfant).<\/li><li>Si n\u00e9cessaire : l\u2019ordonnance du tribunal, l\u2019entente de s\u00e9paration ou tout autre document pertinent pour les parents s\u00e9par\u00e9s (en format \u00e9lectronique : PDF ou photo).<\/li><li>Si n\u00e9cessaire : la date d\u2019expiration de l\u2019Epi-pen ou toute autre information concernant les m\u00e9dicaments de l\u2019enfant Si vous avez des questions tout au long de ce processus, veuillez communiquer avec notre Responsable des familles au 905-735-1840 (poste 28) ou <strong><a href=\"mailto:info@laboiteasoleil.ca\">info@laboiteasoleil.ca<\/a><\/strong>.offre<\/li><\/ul>\t\t\t\t\t\t\t\t<\/div>\n\t\t\t\t<\/div>\n\t\t\t\t\t<\/div>\n\t\t<\/div>\n\t\t\t\t\t<\/div>\n\t\t<\/section>\n\t\t\t\t<\/div>\n\t\t","protected":false},"excerpt":{"rendered":"<p>Que vous soyez un nouveau parent \u00a0\u00e0 la recherche de services de garde ou que vous soyez int\u00e9ress\u00e9 aux services offerts par La Bo\u00eete \u00e0 soleil, vous trouverez ici des ressources utiles pour vous aider \u00e0 travers toutes les \u00e9tapes du processus d&#8217;inscription. Nous voulons offrir le meilleur support possible \u00e0 nos familles donc si [&hellip;]<\/p>\n","protected":false},"author":1,"featured_media":0,"parent":0,"menu_order":0,"comment_status":"closed","ping_status":"closed","template":"","meta":{"_monsterinsights_skip_tracking":false,"_monsterinsights_sitenote_active":false,"_monsterinsights_sitenote_note":"","_monsterinsights_sitenote_category":0,"footnotes":""},"class_list":["post-1929","page","type-page","status-publish","hentry"],"_links":{"self":[{"href":"https:\/\/laboiteasoleil.ca\/fra\/wp-json\/wp\/v2\/pages\/1929","targetHints":{"allow":["GET"]}}],"collection":[{"href":"https:\/\/laboiteasoleil.ca\/fra\/wp-json\/wp\/v2\/pages"}],"about":[{"href":"https:\/\/laboiteasoleil.ca\/fra\/wp-json\/wp\/v2\/types\/page"}],"author":[{"embeddable":true,"href":"https:\/\/laboiteasoleil.ca\/fra\/wp-json\/wp\/v2\/users\/1"}],"replies":[{"embeddable":true,"href":"https:\/\/laboiteasoleil.ca\/fra\/wp-json\/wp\/v2\/comments?post=1929"}],"version-history":[{"count":56,"href":"https:\/\/laboiteasoleil.ca\/fra\/wp-json\/wp\/v2\/pages\/1929\/revisions"}],"predecessor-version":[{"id":8343,"href":"https:\/\/laboiteasoleil.ca\/fra\/wp-json\/wp\/v2\/pages\/1929\/revisions\/8343"}],"wp:attachment":[{"href":"https:\/\/laboiteasoleil.ca\/fra\/wp-json\/wp\/v2\/media?parent=1929"}],"curies":[{"name":"wp","href":"https:\/\/api.w.org\/{rel}","templated":true}]}}