{"id":199,"date":"2015-07-20T06:09:19","date_gmt":"2015-07-20T06:09:19","guid":{"rendered":"https:\/\/staging.laboiteasoleil.ca\/fra\/?page_id=199"},"modified":"2025-03-05T00:53:19","modified_gmt":"2025-03-05T00:53:19","slug":"guide-des-parents","status":"publish","type":"page","link":"https:\/\/laboiteasoleil.ca\/fra\/guide-des-parents\/","title":{"rendered":"Guide pour les parents"},"content":{"rendered":"\t\t<div data-elementor-type=\"wp-page\" data-elementor-id=\"199\" class=\"elementor elementor-199\" data-elementor-post-type=\"page\">\n\t\t\t\t\t\t<section class=\"elementor-section elementor-top-section elementor-element elementor-element-79d5239b elementor-section-boxed elementor-section-height-default elementor-section-height-default\" data-id=\"79d5239b\" data-element_type=\"section\" data-e-type=\"section\">\n\t\t\t\t\t\t<div class=\"elementor-container elementor-column-gap-default\">\n\t\t\t\t\t<div class=\"elementor-column elementor-col-100 elementor-top-column elementor-element elementor-element-1a34e7a7\" data-id=\"1a34e7a7\" data-element_type=\"column\" data-e-type=\"column\">\n\t\t\t<div class=\"elementor-widget-wrap elementor-element-populated\">\n\t\t\t\t\t\t<div class=\"elementor-element elementor-element-36b92dcd elementor-widget elementor-widget-text-editor\" data-id=\"36b92dcd\" data-element_type=\"widget\" data-e-type=\"widget\" data-widget_type=\"text-editor.default\">\n\t\t\t\t<div class=\"elementor-widget-container\">\n\t\t\t\t\t\t\t\t\t<h5 style=\"text-align: center;\" role=\"heading\" data-uw-rm-heading=\"level\" aria-level=\"1\"><span style=\"color: #ff0000;\"><strong><span style=\"color: #ff0000;\"><a href=\"https:\/\/laboiteasoleil.ca\/fra\/wp-content\/uploads\/2025\/03\/Guide-des-parents-2025.pdf\" target=\"_blank\" rel=\"noopener\" aria-label=\"laboiteasoleil.ca - ouvrir dans un nouvel onglet\" data-uw-rm-empty-ctrl=\"\" data-uw-rm-ext-link=\"\" data-uw-pdf-br=\"1\" data-uw-pdf-doc=\"\"><img fetchpriority=\"high\" decoding=\"async\" class=\"alignnone wp-image-6514 size-full\" src=\"https:\/\/laboiteasoleil.ca\/fra\/wp-content\/uploads\/2024\/06\/guide-des-parents.jpg\" alt=\"\" width=\"566\" height=\"735\" srcset=\"https:\/\/laboiteasoleil.ca\/fra\/wp-content\/uploads\/2024\/06\/guide-des-parents.jpg 566w, https:\/\/laboiteasoleil.ca\/fra\/wp-content\/uploads\/2024\/06\/guide-des-parents-231x300.jpg 231w\" sizes=\"(max-width: 566px) 100vw, 566px\" \/><\/a><\/span><\/strong><\/span><\/h5><h5 style=\"text-align: center;\" role=\"heading\" data-uw-rm-heading=\"level\" aria-level=\"2\"><strong><a href=\"https:\/\/laboiteasoleil.ca\/fra\/wp-content\/uploads\/2025\/03\/Guide-des-parents-2025.pdf\" target=\"_blank\" rel=\"noopener\" aria-label=\"Cliquez ici pour t\u00e9l\u00e9charger le guide pour les parents - ouvrir dans un nouvel onglet\" data-uw-rm-ext-link=\"\" data-uw-pdf-br=\"1\" data-uw-pdf-doc=\"\">Cliquez ici pour t\u00e9l\u00e9charger le guide pour les parents<\/a><\/strong><span style=\"color: #ff0000;\"><strong><br \/><\/strong><\/span><\/h5><p style=\"text-align: center;\">Mis \u00e0 jour le 16 janvier 2025<\/p>\t\t\t\t\t\t\t\t<\/div>\n\t\t\t\t<\/div>\n\t\t\t\t\t<\/div>\n\t\t<\/div>\n\t\t\t\t\t<\/div>\n\t\t<\/section>\n\t\t\t\t<\/div>\n\t\t","protected":false},"excerpt":{"rendered":"<p>Cliquez ici pour t\u00e9l\u00e9charger le guide pour les parents Mis \u00e0 jour le 16 janvier 2025<\/p>\n","protected":false},"author":1,"featured_media":0,"parent":0,"menu_order":0,"comment_status":"closed","ping_status":"closed","template":"","meta":{"_monsterinsights_skip_tracking":false,"_monsterinsights_sitenote_active":false,"_monsterinsights_sitenote_note":"","_monsterinsights_sitenote_category":0,"footnotes":""},"class_list":["post-199","page","type-page","status-publish","hentry"],"_links":{"self":[{"href":"https:\/\/laboiteasoleil.ca\/fra\/wp-json\/wp\/v2\/pages\/199","targetHints":{"allow":["GET"]}}],"collection":[{"href":"https:\/\/laboiteasoleil.ca\/fra\/wp-json\/wp\/v2\/pages"}],"about":[{"href":"https:\/\/laboiteasoleil.ca\/fra\/wp-json\/wp\/v2\/types\/page"}],"author":[{"embeddable":true,"href":"https:\/\/laboiteasoleil.ca\/fra\/wp-json\/wp\/v2\/users\/1"}],"replies":[{"embeddable":true,"href":"https:\/\/laboiteasoleil.ca\/fra\/wp-json\/wp\/v2\/comments?post=199"}],"version-history":[{"count":58,"href":"https:\/\/laboiteasoleil.ca\/fra\/wp-json\/wp\/v2\/pages\/199\/revisions"}],"predecessor-version":[{"id":8421,"href":"https:\/\/laboiteasoleil.ca\/fra\/wp-json\/wp\/v2\/pages\/199\/revisions\/8421"}],"wp:attachment":[{"href":"https:\/\/laboiteasoleil.ca\/fra\/wp-json\/wp\/v2\/media?parent=199"}],"curies":[{"name":"wp","href":"https:\/\/api.w.org\/{rel}","templated":true}]}}