{"id":203,"date":"2015-07-20T06:10:50","date_gmt":"2015-07-20T06:10:50","guid":{"rendered":"https:\/\/staging.laboiteasoleil.ca\/fra\/?page_id=203"},"modified":"2025-01-15T20:27:01","modified_gmt":"2025-01-15T20:27:01","slug":"levees-de-fonds","status":"publish","type":"page","link":"https:\/\/laboiteasoleil.ca\/fra\/levees-de-fonds\/","title":{"rendered":"Mobilisation de fonds"},"content":{"rendered":"\t\t<div data-elementor-type=\"wp-page\" data-elementor-id=\"203\" class=\"elementor elementor-203\" data-elementor-post-type=\"page\">\n\t\t\t\t\t\t<section class=\"elementor-section elementor-top-section elementor-element elementor-element-67ffe12b elementor-section-boxed elementor-section-height-default elementor-section-height-default\" data-id=\"67ffe12b\" data-element_type=\"section\" data-e-type=\"section\" data-settings=\"{&quot;shape_divider_bottom&quot;:&quot;clouds&quot;}\">\n\t\t\t\t\t<div class=\"elementor-shape elementor-shape-bottom\" aria-hidden=\"true\" data-negative=\"false\">\n\t\t\t<svg xmlns=\"http:\/\/www.w3.org\/2000\/svg\" viewBox=\"0 0 283.5 27.8\" preserveAspectRatio=\"xMidYMax slice\">\n  <path class=\"elementor-shape-fill\" d=\"M0 0v6.7c1.9-.8 4.7-1.4 8.5-1 9.5 1.1 11.1 6 11.1 6s2.1-.7 4.3-.2c2.1.5 2.8 2.6 2.8 2.6s.2-.5 1.4-.7c1.2-.2 1.7.2 1.7.2s0-2.1 1.9-2.8c1.9-.7 3.6.7 3.6.7s.7-2.9 3.1-4.1 4.7 0 4.7 0 1.2-.5 2.4 0 1.7 1.4 1.7 1.4h1.4c.7 0 1.2.7 1.2.7s.8-1.8 4-2.2c3.5-.4 5.3 2.4 6.2 4.4.4-.4 1-.7 1.8-.9 2.8-.7 4 .7 4 .7s1.7-5 11.1-6c9.5-1.1 12.3 3.9 12.3 3.9s1.2-4.8 5.7-5.7c4.5-.9 6.8 1.8 6.8 1.8s.6-.6 1.5-.9c.9-.2 1.9-.2 1.9-.2s5.2-6.4 12.6-3.3c7.3 3.1 4.7 9 4.7 9s1.9-.9 4 0 2.8 2.4 2.8 2.4 1.9-1.2 4.5-1.2 4.3 1.2 4.3 1.2.2-1 1.4-1.7 2.1-.7 2.1-.7-.5-3.1 2.1-5.5 5.7-1.4 5.7-1.4 1.5-2.3 4.2-1.1c2.7 1.2 1.7 5.2 1.7 5.2s.3-.1 1.3.5c.5.4.8.8.9 1.1.5-1.4 2.4-5.8 8.4-4 7.1 2.1 3.5 8.9 3.5 8.9s.8-.4 2 0 1.1 1.1 1.1 1.1 1.1-1.1 2.3-1.1 2.1.5 2.1.5 1.9-3.6 6.2-1.2 1.9 6.4 1.9 6.4 2.6-2.4 7.4 0c3.4 1.7 3.9 4.9 3.9 4.9s3.3-6.9 10.4-7.9 11.5 2.6 11.5 2.6.8 0 1.2.2c.4.2.9.9.9.9s4.4-3.1 8.3.2c1.9 1.7 1.5 5 1.5 5s.3-1.1 1.6-1.4c1.3-.3 2.3.2 2.3.2s-.1-1.2.5-1.9 1.9-.9 1.9-.9-4.7-9.3 4.4-13.4c5.6-2.5 9.2.9 9.2.9s5-6.2 15.9-6.2 16.1 8.1 16.1 8.1.7-.2 1.6-.4V0H0z\"\/>\n<\/svg>\n\t\t<\/div>\n\t\t\t\t\t<div class=\"elementor-container elementor-column-gap-default\">\n\t\t\t\t\t<div class=\"elementor-column elementor-col-100 elementor-top-column elementor-element elementor-element-6075fc0a\" data-id=\"6075fc0a\" data-element_type=\"column\" data-e-type=\"column\">\n\t\t\t<div class=\"elementor-widget-wrap elementor-element-populated\">\n\t\t\t\t\t\t<div class=\"elementor-element elementor-element-ca61ef5 elementor-widget elementor-widget-text-editor\" data-id=\"ca61ef5\" data-element_type=\"widget\" data-e-type=\"widget\" data-widget_type=\"text-editor.default\">\n\t\t\t\t<div class=\"elementor-widget-container\">\n\t\t\t\t\t\t\t\t\t<p>Les parents et l\u2019ensemble de la communaut\u00e9 sont encourag\u00e9s \u00e0 participer \u00e0 nos diff\u00e9rentes activit\u00e9s tout au long de l\u2019ann\u00e9e. Ces activit\u00e9s nous permettent de am\u00e9liorer la qualit\u00e9 de nos ressources pour les diff\u00e9rents programmes et groupes dans nos centres. Chaque ann\u00e9e nous r\u00e9alisons 4 lev\u00e9es de fonds \/ activit\u00e9s communautaires.<\/p><h5 role=\"heading\" data-uw-rm-heading=\"level\" aria-level=\"1\">Lev\u00e9es de fonds\u00a0:<\/h5><ul><li>Chaque automne, nous participons \u00e0 la collecte de fonds Fra\u00eecheur de la ferme. 40 % des ventes totales vont directement aux centres. Cette collecte de fonds correspond bien \u00e0 nos valeurs, notamment d&#8217;offrir une alimentation saine aux enfants.<\/li><li>Notre tombola de printemps est notre plus importante collecte de fonds. Des entreprises locales et des familles offrent des prix et nous vendons des billets (5 $ chacun ou 5 pour 20 $) tout au long du mois de mai. Les gagnants sont tir\u00e9s au sort le dernier vendredi du mois de mai.\u00a0<\/li><li style=\"font-size: 16px;\">Deux matin\u00e9es de patinage en famille \u00e0 la patinoire de Welland (Skatethon) :<br \/>le 1er dimanche de d\u00e9cembre et le 3e dimanche de f\u00e9vrier.<img fetchpriority=\"high\" decoding=\"async\" class=\"alignnone wp-image-7038 size-full\" src=\"https:\/\/laboiteasoleil.ca\/fra\/wp-content\/uploads\/2024\/06\/levee-de-fonds.png\" alt=\"\" width=\"2000\" height=\"1000\" srcset=\"https:\/\/laboiteasoleil.ca\/fra\/wp-content\/uploads\/2024\/06\/levee-de-fonds.png 2000w, https:\/\/laboiteasoleil.ca\/fra\/wp-content\/uploads\/2024\/06\/levee-de-fonds-300x150.png 300w, https:\/\/laboiteasoleil.ca\/fra\/wp-content\/uploads\/2024\/06\/levee-de-fonds-1024x512.png 1024w, https:\/\/laboiteasoleil.ca\/fra\/wp-content\/uploads\/2024\/06\/levee-de-fonds-768x384.png 768w, https:\/\/laboiteasoleil.ca\/fra\/wp-content\/uploads\/2024\/06\/levee-de-fonds-1536x768.png 1536w\" sizes=\"(max-width: 2000px) 100vw, 2000px\" \/><\/li><\/ul>\t\t\t\t\t\t\t\t<\/div>\n\t\t\t\t<\/div>\n\t\t\t\t\t<\/div>\n\t\t<\/div>\n\t\t\t\t\t<\/div>\n\t\t<\/section>\n\t\t\t\t<section class=\"elementor-section elementor-top-section elementor-element elementor-element-2f8eccd elementor-section-boxed elementor-section-height-default elementor-section-height-default\" data-id=\"2f8eccd\" data-element_type=\"section\" data-e-type=\"section\" data-settings=\"{&quot;background_background&quot;:&quot;classic&quot;,&quot;shape_divider_bottom&quot;:&quot;mountains&quot;}\">\n\t\t\t\t\t<div class=\"elementor-shape elementor-shape-bottom\" aria-hidden=\"true\" data-negative=\"false\">\n\t\t\t<svg xmlns=\"http:\/\/www.w3.org\/2000\/svg\" viewBox=\"0 0 1000 100\" preserveAspectRatio=\"none\">\n\t<path class=\"elementor-shape-fill\" opacity=\"0.33\" d=\"M473,67.3c-203.9,88.3-263.1-34-320.3,0C66,119.1,0,59.7,0,59.7V0h1000v59.7 c0,0-62.1,26.1-94.9,29.3c-32.8,3.3-62.8-12.3-75.8-22.1C806,49.6,745.3,8.7,694.9,4.7S492.4,59,473,67.3z\"\/>\n\t<path class=\"elementor-shape-fill\" opacity=\"0.66\" d=\"M734,67.3c-45.5,0-77.2-23.2-129.1-39.1c-28.6-8.7-150.3-10.1-254,39.1 s-91.7-34.4-149.2,0C115.7,118.3,0,39.8,0,39.8V0h1000v36.5c0,0-28.2-18.5-92.1-18.5C810.2,18.1,775.7,67.3,734,67.3z\"\/>\n\t<path class=\"elementor-shape-fill\" d=\"M766.1,28.9c-200-57.5-266,65.5-395.1,19.5C242,1.8,242,5.4,184.8,20.6C128,35.8,132.3,44.9,89.9,52.5C28.6,63.7,0,0,0,0 h1000c0,0-9.9,40.9-83.6,48.1S829.6,47,766.1,28.9z\"\/>\n<\/svg>\t\t<\/div>\n\t\t\t\t\t<div class=\"elementor-container elementor-column-gap-default\">\n\t\t\t\t\t<div class=\"elementor-column elementor-col-100 elementor-top-column elementor-element elementor-element-cad8366\" data-id=\"cad8366\" data-element_type=\"column\" data-e-type=\"column\">\n\t\t\t<div class=\"elementor-widget-wrap elementor-element-populated\">\n\t\t\t\t\t\t<div class=\"elementor-element elementor-element-8ab258d elementor-widget elementor-widget-text-editor\" data-id=\"8ab258d\" data-element_type=\"widget\" data-e-type=\"widget\" data-widget_type=\"text-editor.default\">\n\t\t\t\t<div class=\"elementor-widget-container\">\n\t\t\t\t\t\t\t\t\t<h5>\u00c9v\u00e9nements et excursions :<\/h5><p>Depuis 2023, nous avons d\u00e9cid\u00e9 de consacrer tous les fonds recueillis par le biais de la collecte de fonds \u00e0 des \u00e9v\u00e9nements et des excursions. Gr\u00e2ce \u00e0 nos efforts de collecte de fonds et \u00e0 la contribution g\u00e9n\u00e9reuse de la communaut\u00e9 et de nos familles :<\/p><ul><li>Tous nos centres ont visit\u00e9 la ferme de citrouilles.<\/li><li>Nous avons eu des spectacles de th\u00e9\u00e2tre dans tous les centres.<\/li><li>Nous avons accueilli des visiteurs et des invit\u00e9s qui ont partag\u00e9 la nature et les interactions avec les animaux avec les enfants.<\/li><li>Nous avons visit\u00e9 le conservatoire de papillons.<\/li><li>Nous avons organis\u00e9 un \u00e9v\u00e9nement familial dans le parc de Chippawa.<\/li><\/ul><p>Nous sommes impatients de vivre d&#8217;autres aventures avec\u00a0 vos enfants et de les partager avec la communaut\u00e9.<\/p><p><img decoding=\"async\" class=\"aligncenter wp-image-7039 size-full\" src=\"https:\/\/laboiteasoleil.ca\/fra\/wp-content\/uploads\/2024\/06\/excusions.png\" alt=\"\" width=\"1500\" height=\"750\" srcset=\"https:\/\/laboiteasoleil.ca\/fra\/wp-content\/uploads\/2024\/06\/excusions.png 1500w, https:\/\/laboiteasoleil.ca\/fra\/wp-content\/uploads\/2024\/06\/excusions-300x150.png 300w, https:\/\/laboiteasoleil.ca\/fra\/wp-content\/uploads\/2024\/06\/excusions-1024x512.png 1024w, https:\/\/laboiteasoleil.ca\/fra\/wp-content\/uploads\/2024\/06\/excusions-768x384.png 768w\" sizes=\"(max-width: 1500px) 100vw, 1500px\" \/><\/p>\t\t\t\t\t\t\t\t<\/div>\n\t\t\t\t<\/div>\n\t\t\t\t\t<\/div>\n\t\t<\/div>\n\t\t\t\t\t<\/div>\n\t\t<\/section>\n\t\t\t\t<\/div>\n\t\t","protected":false},"excerpt":{"rendered":"<p>Les parents et l\u2019ensemble de la communaut\u00e9 sont encourag\u00e9s \u00e0 participer \u00e0 nos diff\u00e9rentes activit\u00e9s tout au long de l\u2019ann\u00e9e. Ces activit\u00e9s nous permettent de am\u00e9liorer la qualit\u00e9 de nos ressources pour les diff\u00e9rents programmes et groupes dans nos centres. Chaque ann\u00e9e nous r\u00e9alisons 4 lev\u00e9es de fonds \/ activit\u00e9s communautaires. Lev\u00e9es de fonds\u00a0: Chaque [&hellip;]<\/p>\n","protected":false},"author":1,"featured_media":0,"parent":0,"menu_order":0,"comment_status":"closed","ping_status":"closed","template":"","meta":{"_monsterinsights_skip_tracking":false,"_monsterinsights_sitenote_active":false,"_monsterinsights_sitenote_note":"","_monsterinsights_sitenote_category":0,"footnotes":""},"class_list":["post-203","page","type-page","status-publish","hentry"],"_links":{"self":[{"href":"https:\/\/laboiteasoleil.ca\/fra\/wp-json\/wp\/v2\/pages\/203","targetHints":{"allow":["GET"]}}],"collection":[{"href":"https:\/\/laboiteasoleil.ca\/fra\/wp-json\/wp\/v2\/pages"}],"about":[{"href":"https:\/\/laboiteasoleil.ca\/fra\/wp-json\/wp\/v2\/types\/page"}],"author":[{"embeddable":true,"href":"https:\/\/laboiteasoleil.ca\/fra\/wp-json\/wp\/v2\/users\/1"}],"replies":[{"embeddable":true,"href":"https:\/\/laboiteasoleil.ca\/fra\/wp-json\/wp\/v2\/comments?post=203"}],"version-history":[{"count":24,"href":"https:\/\/laboiteasoleil.ca\/fra\/wp-json\/wp\/v2\/pages\/203\/revisions"}],"predecessor-version":[{"id":8074,"href":"https:\/\/laboiteasoleil.ca\/fra\/wp-json\/wp\/v2\/pages\/203\/revisions\/8074"}],"wp:attachment":[{"href":"https:\/\/laboiteasoleil.ca\/fra\/wp-json\/wp\/v2\/media?parent=203"}],"curies":[{"name":"wp","href":"https:\/\/api.w.org\/{rel}","templated":true}]}}