{"id":24,"date":"2015-07-20T03:27:04","date_gmt":"2015-07-20T03:27:04","guid":{"rendered":"https:\/\/staging.laboiteasoleil.ca\/fra\/?page_id=24"},"modified":"2024-06-27T18:01:15","modified_gmt":"2024-06-27T18:01:15","slug":"historique","status":"publish","type":"page","link":"https:\/\/laboiteasoleil.ca\/fra\/historique\/","title":{"rendered":"Historique"},"content":{"rendered":"\t\t<div data-elementor-type=\"wp-page\" data-elementor-id=\"24\" class=\"elementor elementor-24\" data-elementor-post-type=\"page\">\n\t\t\t\t\t\t<section class=\"elementor-section elementor-top-section elementor-element elementor-element-54fadc4 elementor-section-boxed elementor-section-height-default elementor-section-height-default\" data-id=\"54fadc4\" data-element_type=\"section\" data-e-type=\"section\">\n\t\t\t\t\t\t<div class=\"elementor-container elementor-column-gap-default\">\n\t\t\t\t\t<div class=\"elementor-column elementor-col-100 elementor-top-column elementor-element elementor-element-16ce404a\" data-id=\"16ce404a\" data-element_type=\"column\" data-e-type=\"column\">\n\t\t\t<div class=\"elementor-widget-wrap elementor-element-populated\">\n\t\t\t\t\t\t<div class=\"elementor-element elementor-element-32677431 elementor-widget elementor-widget-text-editor\" data-id=\"32677431\" data-element_type=\"widget\" data-e-type=\"widget\" data-widget_type=\"text-editor.default\">\n\t\t\t\t<div class=\"elementor-widget-container\">\n\t\t\t\t\t\t\t\t\t<p>\u00a0<\/p><table width=\"650\"><tbody><tr><td width=\"158\"><h6><span style=\"color: #000080;\"><strong>Date<\/strong><\/span><\/h6><\/td><td width=\"491\"><h6><span style=\"color: #000080;\"><strong>\u00c9v\u00e9nements<\/strong><\/span><\/h6><\/td><\/tr><tr><td colspan=\"2\" width=\"650\"><h6><strong>Ann\u00e9es 80<\/strong><\/h6><\/td><\/tr><tr><td width=\"158\">1981<\/td><td width=\"491\"><em>La Bo\u00eete \u00e0 soleil coop. Inc <\/em>est incorpor\u00e9 sous la <em>\u00ab\u00a0Loi sur les soci\u00e9t\u00e9s coop\u00e9ratives\u00a0\u00bb. <\/em><\/td><\/tr><tr><td width=\"158\">Avril 1982<\/td><td width=\"491\">La garderie ouvre ses portes au 226, avenue Crowland, \u00e0 Welland, sous la direction de Raymonde Crytes-Lafond. Douze (12) enfants sont inscrits \u00e2g\u00e9s de 18 mois \u00e0 5 ans. Le permis accorde une capacit\u00e9 de 42 enfants.<\/td><\/tr><tr><td width=\"158\">Janvier 1986<\/td><td width=\"491\">La garderie fonctionne \u00e0 pleine capacit\u00e9, avec une liste d\u2019attente. Raymonde Crytes-Lafond quitte son poste le 31 d\u00e9cembre 1986.<\/td><\/tr><tr><td width=\"158\">Janvier 1987<\/td><td width=\"491\">Julie Tennier-Gigliotti assume la direction de la garderie. Le gouvernement offre une subvention salariale aux garderies autoris\u00e9es permettant de subventionner une portion du salaire des employ\u00e9es.<\/td><\/tr><tr><td width=\"158\">Septembre 1989<\/td><td width=\"491\">La Bo\u00eete \u00e0 soleil ouvre un nouveau local destin\u00e9 aux enfants de 5 \u00e0 12 ans au Centre parascolaire de l\u2019\u00e9cole Pauline McGibbon au 535, avenue Sutherland, \u00e0 Welland. Lucille Morgan assume la direction de ce centre.<\/td><\/tr><tr><td colspan=\"2\" width=\"650\"><h6><strong>Ann\u00e9es 90<\/strong><\/h6><\/td><\/tr><tr><td width=\"158\">Janvier 1993<\/td><td width=\"491\">La garderie de la rue Crowland \u00e0 Welland ferme ses portes. Le minist\u00e8re des Services sociaux et communautaires subventionne l\u2019ajout d\u2019une garderie \u00e0 la nouvelle \u00c9cole \u00e9l\u00e9mentaire catholique du Sacr\u00e9-C\u0153ur \u00e0 Welland au 310, rue Fitch. D\u00e8s l\u2019ouverture, 64 enfants sont inscrits.<\/td><\/tr><tr><td width=\"158\">Janvier 1994<\/td><td width=\"491\">L\u2019emplacement du Centre pr\u00e9scolaire \u00e0 l\u2019\u00e9cole Pauline McGibbon ferme ses portes. Boulot Ontario subventionne une deuxi\u00e8me garderie au 674, avenue Tanguay, \u00e0 Welland, avec une capacit\u00e9 de 37 enfants. Le programme destin\u00e9 aux poupons est offert. Au mois d\u2019ao\u00fbt, Raymonde Lafond revient \u00e0 la direction.<\/td><\/tr><tr><td width=\"158\">Septembre 1995<\/td><td width=\"491\">Un programme pour les jeunes m\u00e8res qui retournent \u00e0 l\u2019\u00e9cole est offert \u00e0 l\u2019\u00e9cole secondaire Conf\u00e9d\u00e9ration. Ce projet est men\u00e9 en partenariat avec <em>\u201cAdolescent Family Support Services of Niagara\u201d (AFFSN)<\/em>.<\/td><\/tr><tr><td width=\"158\">Septembre 1996<\/td><td width=\"491\">Le programme avant et apr\u00e8s l\u2019\u00e9cole d\u00e9bute \u00e0 la garderie Tanguay. Un camp d\u2019\u00e9t\u00e9 est offert pour les jeunes de 6 \u00e0 12 ans \u00e0 la garderie Fitch ainsi qu\u2019\u00e0 l\u2019\u00e9cole \u00e9l\u00e9mentaire publique Champlain.<\/td><\/tr><tr><td width=\"158\">Juillet 1998<\/td><td width=\"491\">Un camp d\u2019\u00e9t\u00e9 pour les enfants de 4 et 5 ans est offert aux garderies Tanguay et Fitch \u00e0 Welland.<\/td><\/tr><tr><td width=\"158\">Septembre 1999<\/td><td width=\"491\">Les services d\u2019avant et apr\u00e8s l\u2019\u00e9cole sont offerts \u00e0 l\u2019\u00e9cole Rosario Tanguay. Ce programme accueille 18 enfants de l\u2019\u00c9cole catholique Saint-Fran\u00e7ois-d\u2019Assise et de l\u2019\u00c9cole publique Rosario Tanguay.<\/td><\/tr><tr><td colspan=\"2\" width=\"650\"><h6><strong>Ann\u00e9es 2000<\/strong><\/h6><\/td><\/tr><tr><td width=\"158\">Janvier 2002<\/td><td width=\"491\">Le bureau administratif d\u00e9m\u00e9nage de la garderie Tanguay \u00e0 l\u2019\u00e9cole secondaire Conf\u00e9d\u00e9ration.<\/td><\/tr><tr><td width=\"158\">Avril 2002<\/td><td width=\"491\">On c\u00e9l\u00e8bre le vingti\u00e8me anniversaire de La Bo\u00eete \u00e0 soleil. La communaut\u00e9 est invit\u00e9e \u00e0 une \u00ab\u00a0Porte ouverte\u00a0\u00bb le 4 mai \u00e0 la garderie Tanguay. Apr\u00e8s vingt ans de service la Bo\u00eete \u00e0 soleil accueille 110 familles dont 130 enfants r\u00e9partis dans deux garderies. L\u2019\u00e9quipe compte vingt employ\u00e9es. Les camps d\u2019\u00e9t\u00e9 sont offerts \u00e0 130 enfants de 4 \u00e0 12 ans.<\/td><\/tr><tr><td width=\"158\">D\u00e9cembre 2002<\/td><td width=\"491\">Les inscriptions du programme avant et apr\u00e8s l\u2019\u00e9cole de l\u2019\u00e9cole Rosario Tanguay diminuent sans cesse. Le programme est donc ferm\u00e9 et transf\u00e9r\u00e9 \u00e0 la garderie Tanguay.<\/td><\/tr><tr><td width=\"158\">Avril 2003<\/td><td width=\"491\">Les deux garderies accueillent 118 familles dont 149 enfants. L\u2019\u00e9quipe comprend 21 employ\u00e9es.<\/td><\/tr><tr><td width=\"158\">Septembre 2004<\/td><td width=\"491\">Un troisi\u00e8me point de service est ouvert \u00e0 la nouvelle \u00c9cole \u00e9l\u00e9mentaire catholique Saint-Fran\u00e7ois-d\u2019Assise au 58, avenue Empress, \u00e0 Welland, avec un permis pour 75 enfants. Les trois garderies re\u00e7oivent 212 enfants et comptent 30 employ\u00e9es.<\/td><\/tr><tr><td width=\"158\">Janvier 2007<\/td><td width=\"491\">Les trois garderies accueillent 156 familles dont 219 enfants. L\u2019\u00e9quipe compte toujours 30 employ\u00e9es.<\/td><\/tr><tr><td width=\"158\">Avril 2007<\/td><td width=\"491\">On c\u00e9l\u00e8bre le vingt-cinqui\u00e8me anniversaire de La Bo\u00eete \u00e0 soleil par une soir\u00e9e remplie de succ\u00e8s au Club Social de Welland. La soir\u00e9e comprend des jeux, de la musique, un encan silencieux et un excellent souper pr\u00e9par\u00e9 par des parents b\u00e9n\u00e9voles et plusieurs employ\u00e9es.<\/td><\/tr><tr><td width=\"158\">Septembre 2007<\/td><td width=\"491\">Une quatri\u00e8me garderie ouvre ses portes \u00e0 l\u2019\u00c9cole publique LaMarsh \u00e0 Niagara Falls sous la supervision de Christina Carter. La garderie LaMarsh est une initiative du projet Meilleur D\u00e9part, subventionn\u00e9 par la municipalit\u00e9 r\u00e9gionale. Au mois de janvier 2008, cette garderie accueille 4 bambins, 4 pr\u00e9scolaires et 8 parascolaires.<\/td><\/tr><tr><td width=\"158\">Septembre 2008<\/td><td width=\"491\">La garderie LaMarsh accueille 27 familles, dont 38 enfants, et compte 6 employ\u00e9es.<\/td><\/tr><tr><td width=\"158\">Juin 2008<\/td><td width=\"491\">La comptable Sylvie Dalziel quitte La Bo\u00eete \u00e0 soleil apr\u00e8s 12 ans de service. Tina McLeod est embauch\u00e9e pour la remplacer.<\/td><\/tr><tr><td width=\"158\"><h6><strong>Ann\u00e9es 2010<\/strong><\/h6><\/td><td width=\"491\">\u00a0<\/td><\/tr><tr><td width=\"158\">Septembre 2010<\/td><td width=\"491\">Une cinqui\u00e8me garderie ouvre ses portes \u00e0 l\u2019\u00e9cole catholique Saint-Joseph \u00e0 Port Colborne. La superviseure est Vickie Neudorf, employ\u00e9e de La Bo\u00eete \u00e0 soleil depuis 1990. Les inscriptions entrent lentement au d\u00e9but avec une moyenne de 12 enfants \u00e2g\u00e9s de 18 mois \u00e0 12 ans. En janvier 2011 la garderie accueille 19 familles dont 24 enfants.<\/td><\/tr><tr><td width=\"158\">Septembre 2011<\/td><td width=\"491\">Un nouveau poste de coordonnatrice de programme est cr\u00e9\u00e9 pour assister les cinq garderies et assurer la qualit\u00e9 des services offerts aux familles du Niagara. Christina Carter, superviseure de la garderie Fitch, accepte la nouvelle position en apportant sa passion et sa cr\u00e9ativit\u00e9 aux programmes \u00e9ducatifs des jeunes enfants.<\/td><\/tr><tr><td width=\"158\">Mai 2012<\/td><td width=\"491\">Angela Carter prend la place de Tina McLeod comme comptable au bureau administratif.<\/td><\/tr><tr><td width=\"158\">Septembre 2012<\/td><td width=\"491\"><p><strong>Les cinq garderies op\u00e8rent avec les effectifs suivants\u00a0: <\/strong><strong>Tanguay<\/strong>: 4 poupons, 5 bambins, 13 pr\u00e9scolaires. Superviseure: Ginette Secord<\/p><p><strong>Empress<\/strong>: 6 bambins, 15 pr\u00e9scolaires, 3 parascolaires avant l\u2019\u00e9cole et 29 parascolaires apr\u00e8s l\u2019\u00e9cole. Superviseure: Christine Gagnon.<\/p><p><strong>Fitch<\/strong>: 5 bambins, 6 juniors, 10 pr\u00e9scolaires, 37 parascolaires avant l\u2019\u00e9cole et 34 parascolaires apr\u00e8s l\u2019\u00e9cole. Superviseure: Tammy Bibeau.<\/p><p><strong>LaMarsh<\/strong>: 5 bambins, 15 pr\u00e9scolaires, 8 parascolaires avant et 11 parascolaires apr\u00e8s l\u2019\u00e9cole. Superviseure: Samantha Beauparlantn (en remplacement d\u2019Ashley B\u00e9langer).<\/p><p><strong>Saint-Joseph<\/strong>: 1 bambin, 6 pr\u00e9scolaires, 5 parascolaires avant et 5 parascolaires apr\u00e8s l\u2019\u00e9cole. Superviseure: Vickie Neudorf.<\/p><p>La garderie Tanguay se pr\u00e9pare pour sa fermeture le 1<sup>er<\/sup> octobre 2012. Un programme d\u2019avant et apr\u00e8s l\u2019\u00e9cole est offert au gymnase et \u00e0 la biblioth\u00e8que de l\u2019\u00e9cole Nouvel Horizon \u00e0 partir du 1<sup>er<\/sup> septembre 2012 et la garderie ouvre ses portes en octobre.<\/p><\/td><\/tr><tr><td width=\"158\">Octobre 2012<\/td><td width=\"491\">Le conseil d\u2019administration approuve le d\u00e9m\u00e9nagement de l\u2019administration au 674 avenue Tanguay. Les bureaux administratifs de La Bo\u00eete \u00e0 soleil sont pour la premi\u00e8re fois situ\u00e9es dans ses propres locaux. On commence \u00e9galement \u00e0 s\u2019organiser pour n\u2019avoir qu\u2019une seule cuisine d\u00e8s janvier 2013 dans l\u2019\u00e9difice Tanguay afin de pouvoir offrir un service de traiteur aux cinq garderies. Ce changement occasionnera une \u00e9conomie sur l\u2019achat des aliments en plus de b\u00e9n\u00e9ficier d\u2019une cuisini\u00e8re d\u2019exp\u00e9rience pour la pr\u00e9paration et l\u2019achat des aliments. Des nouveaux menus sont planifi\u00e9s pour offrir \u00e0 nos enfants une meilleure nutrition durant leurs jeunes ann\u00e9es de croissance.<\/td><\/tr><tr><td width=\"158\">Janvier 2013<\/td><td width=\"491\">La garderie Nouvel Horizon\u00a0op\u00e8re avec 50 familles inscrites dont 70 enfants et compte 10 employ\u00e9es.\u00a0 La nouvelle cuisine centralis\u00e9e commence \u00e0 op\u00e9rer le 15 janvier 2013 sous la responsabilit\u00e9 de France Proctor.<\/td><\/tr><tr><td width=\"158\">Mai 2013<\/td><td width=\"491\">Une grande soir\u00e9e sociale est organis\u00e9e le 11 mai \u00e0 l\u2019Auberge Richelieu comme activit\u00e9 de financement. La directrice g\u00e9n\u00e9rale Raymonde Lafond annonce sa retraite pour le 31 d\u00e9cembre 2013. Un plan de succession au poste de directrice g\u00e9n\u00e9rale est planifi\u00e9 afin de bien assurer la transition.<\/td><\/tr><tr><td width=\"158\">Juin 2013<\/td><td width=\"491\">Un programme d\u2019\u00e9t\u00e9 pour les enfants de 5 \u00e0 9 ans est offert \u00e0 la garderie Empress. Les autres garderies continuent avec leurs programmes r\u00e9guliers pendant l\u2019\u00e9t\u00e9.Le Bail pour l\u2019\u00e9difice Tanguay est renouvel\u00e9 avec le conseil scolaire Viamonde pour 10 ans (du 1 juillet 2013 au 30 juin 2023).<\/td><\/tr><tr><td width=\"158\">Septembre 2013<\/td><td width=\"491\">Shelley Fralick est embauch\u00e9e pour effectuer la livraison des repas dans les garderies \u00e0 partir de la cuisine centrale rue Tanguay.<\/td><\/tr><tr><td width=\"158\">Octobre 2013<\/td><td width=\"491\">La position de directrice g\u00e9n\u00e9rale est combl\u00e9e. Raymonde Lafond passe le flambeau \u00e0 V\u00e9ronique Emery qui prendra la direction g\u00e9n\u00e9rale de La Bo\u00eete \u00e0 soleil en janvier 2014. Elle d\u00e9bute le 7 octobre \u00e0 3 jours par semaine pour effectuer la transition en douceur.<\/td><\/tr><tr><td width=\"158\">Janvier 2014<\/td><td width=\"491\">V\u00e9ronique Emery prend officiellement la direction g\u00e9n\u00e9rale de La Bo\u00eete \u00e0 soleil le 6 janvier 2014 et Christina Clark commence un nouveau r\u00f4le de directrice adjointe pour la seconder. Raymonde Lafond a pris sa retraite apr\u00e8s 31 ann\u00e9es pass\u00e9es au service des enfants de La Bo\u00eete \u00e0 soleil. Elle laisse derri\u00e8re elle un r\u00e9seau de 5 belles garderies.<\/td><\/tr><tr><td width=\"158\">Avril 2014<\/td><td width=\"491\">Afin d\u2019am\u00e9liorer la communication avec tous les parents (incluant les parents anglophones), la politique sur la langue de communication est chang\u00e9e. Le guide des parents est traduit en anglais et tous les bulletins de communication sont dor\u00e9navant \u00e9crits en fran\u00e7ais et en anglais.<\/td><\/tr><tr><td width=\"158\">Ao\u00fbt 2014<\/td><td width=\"491\">Les employ\u00e9es participent \u00e0 leur premi\u00e8re retraite (journ\u00e9e de d\u00e9veloppement personnel et professionnel) sur le th\u00e8me du changement. Un nouvel organigramme est pr\u00e9sent\u00e9 incluant l\u2019ajout de trois postes, soit soutien administratif, soutien comptable et maintenance des garderies.<\/td><\/tr><tr><td width=\"158\">Septembre 2014<\/td><td width=\"491\"><p>Les <u>\u00a0\u00a0 <\/u>petites maisons de Tanguay sont finalement d\u00e9m\u00e9nag\u00e9es \u00e0 Nouvel Horizon.L<strong>e<\/strong> plan strat\u00e9gique <em>Destination 2017<\/em> (2014-2017) est approuv\u00e9 le 24 septembre 2014 par le conseil d\u2019administration. La vision et la mission de la Bo\u00eete \u00e0 soleil sont r\u00e9vis\u00e9es.<\/p><p><strong>VISION\u00a0: <\/strong>Un environnement francophone de qualit\u00e9 o\u00f9 chacun grandit, apprend et s\u2019\u00e9panouit.<\/p><p><strong>Mission<\/strong>\u00a0: La Bo\u00eete \u00e0 soleil est une garderie coop\u00e9rative francophone qui offre un environnement s\u00e9curitaire, chaleureux et stimulant aux enfants de la p\u00e9ninsule du Niagara et des programmes et services de qualit\u00e9 qui r\u00e9pondent aux besoins des parents. Gr\u00e2ce \u00e0 son personnel comp\u00e9tent et passionn\u00e9, les enfants grandissent, apprennent et s\u2019\u00e9panouissent dans un milieu ax\u00e9 sur l\u2019apprentissage par le jeu.<\/p><\/td><\/tr><tr><td width=\"158\">D\u00e9cembre 2014<\/td><td width=\"491\">En 2014, La Bo\u00eete \u00e0 soleil a accueilli 256 familles dont 310 enfants et compte plus de 50 employ\u00e9es. Un nouveau logo bilingue est approuv\u00e9 par le conseil d\u2019administration le 10 d\u00e9cembre 2014. La signal\u00e9tique de toutes les garderies est refaite pour assurer plus de visibilit\u00e9.<\/td><\/tr><tr><td width=\"158\">F\u00e9vrier 2015<\/td><td width=\"491\">Afin d\u2019am\u00e9liorer la communication avec les parents, les garderies introduisent un nouveau programme dans leurs salles. <em>HiMama<\/em> sert \u00e0 documenter ce qui se passe \u00e0 la garderie durant les activit\u00e9s d\u2019apprentissage avec les enfants. Il garde les parents inform\u00e9s en leurs donnant acc\u00e8s \u00e0 plus d\u2019informations sur leurs enfants pour compl\u00e9ter les interactions quotidiennes avec les \u00e9ducatrices et pour savoir sur quoi l\u2019enfant travaille \u00e0 la garderie afin de continuer le travail \u00e0 la maison.<\/td><\/tr><tr><td width=\"158\">Mars 2015<\/td><td width=\"491\">Un nouveau programme d\u2019\u00e9t\u00e9 En fran\u00e7ais pour mon succ\u00e8s est lanc\u00e9 pour l\u2019\u00e9t\u00e9 2015 avec pour objectif de pr\u00e9parer les enfants au retour \u00e0 l\u2019\u00e9cole en septembre en leur offrant 2 semaines d\u2019activit\u00e9s dans un environnement enti\u00e8rement francophone.<\/td><\/tr><tr><td width=\"158\">Avril 2015<\/td><td width=\"491\">Un nouveau poste de Responsable Qualit\u00e9 est cr\u00e9\u00e9 afin de soutenir la qualit\u00e9 dans les garderies (qualit\u00e9 de l\u2019environnement, qualit\u00e9 des interactions et qualit\u00e9 des programmes). Samantha Beauparlant obtient le poste et devient ainsi la personne-ressource aupr\u00e8s des \u00e9ducatrices pour les accompagner dans leur d\u00e9veloppement.<\/td><\/tr><tr><td width=\"158\">Juin 2015<\/td><td width=\"491\">De nouveaux menus qui suivent les saisons sont introduits dans les garderies pour offrir aux enfants une meilleure nutrition durant leurs jeunes ann\u00e9es de croissance.<\/td><\/tr><tr><td width=\"158\">Ao\u00fbt 2015<\/td><td width=\"491\">Un nouveau programme d\u2019\u00e9t\u00e9 appel\u00e9 En fran\u00e7ais pour mon succ\u00e8s est lanc\u00e9 avec pour objectif de pr\u00e9parer les enfants au retour \u00e0 l\u2019\u00e9cole en leur offrant deux semaines d\u2019activit\u00e9s dans un environnement enti\u00e8rement francophone. Ce programme est offert uniquement \u00e0 Welland pour sa premi\u00e8re ann\u00e9e.<\/td><\/tr><tr><td width=\"158\">Septembre 2015<\/td><td width=\"491\">\u00a0Deux nouvelles garderies ouvrent leurs portes le 8 septembre 2015 : Champlain (\u00e0 Welland) et Dalewood (\u00e0 St Catharines). Ces deux garderies offrent uniquement un programme avant et apr\u00e8s l\u2019\u00e9cole.<\/td><\/tr><tr><td width=\"158\">Octobre 2015<\/td><td width=\"491\">La garderie Nouvel Horizon est choisie comme pilote pour le programme Petite enfance, grande forme dans lequel l\u2019\u00e9quipe \u00e9ducative de la garderie mise sur une approche tout en plaisir de l\u2019\u00e9ducation alimentaire afin de favoriser une relation saine avec la nourriture chez les enfants de 0 \u00e0 12 ans.<\/td><\/tr><tr><td width=\"158\">Novembre 2015<\/td><td width=\"491\">Lors des Niagara 2015 Early Learning and Child Care Awards of Excellence, La Bo\u00eete \u00e0 soleil re\u00e7oit plusieurs prix pour son leadership et son engagement dans le domaine de la petite enfance dont Commitment to Continuous Professional Learning and Community Collaboration Award (Ashley B\u00e9langer) et Licensed Child Care Administrator Award for Exceptional Leadership and Commitment (V\u00e9ronique Emery).<\/td><\/tr><tr><td width=\"158\">D\u00e9cembre 2015<\/td><td width=\"491\">Quelques mois seulement apr\u00e8s son ouverture, la garderie Champlain doit fermer ses portes faute d\u2019effectifs en raison d&#8217;un autre programme gratuit offert apr\u00e8s l&#8217;\u00e9cole. Les parents se tournent alors vers la garderie Empress et un service de marche est offert matin et soir jusqu&#8217;\u00e0 la fin de l\u2019ann\u00e9e scolaire.<\/td><\/tr><tr><td width=\"158\">Ao\u00fbt 2016<\/td><td width=\"491\">Suite \u00e0 l&#8217;immense succ\u00e8s du programme d\u2019\u00e9t\u00e9 En fran\u00e7ais pour mon succ\u00e8s, celui est d\u00e9sormais offert \u00e0 Welland, St Catharines, Niagara Falls et Port Colborne.<\/td><\/tr><tr><td width=\"158\">Septembre 2016<\/td><td width=\"491\">\u00a0Le minist\u00e8re de la Sant\u00e9 et des soins de longue dur\u00e9e nous accorde un financement de deux ans pour le programme Un tr\u00e9sor dans mon jardin qui consiste en des activit\u00e9s ludiques et p\u00e9dagogiques autour du jardinage afin d&#8217;amener les enfants \u00e0 d\u00e9couvrir le plaisir de bien manger en les rapprochant de l&#8217;origine des aliments.<\/td><\/tr><tr><td width=\"158\">Janvier 2017<\/td><td width=\"491\">La Bo\u00eete \u00e0 soleil fonctionne presque \u00e0 capacit\u00e9. Ses 6 garderies accueillent 466 enfants et comptent pr\u00e8s de 60 employ\u00e9es<\/td><\/tr><tr><td width=\"158\">Mai 2017<\/td><td width=\"491\">La Bo\u00eete \u00e0 soleil L\u2019H\u00e9ritage ouvre ses portes \u00e0 St Catharines et accueille un groupe de 8 pr\u00e9scolaires. Le programme avant et apr\u00e8s l\u2019\u00e9cole commencera en septembre<\/td><\/tr><tr><td width=\"158\">Juin 2017<\/td><td width=\"491\">Des terrains de jeux naturalis\u00e9s sont construits \u00e0 LaMarsh, Nouvel Horizon et Saint-Joseph.<\/td><\/tr><tr><td width=\"158\">Septembre 2017<\/td><td width=\"491\">\u00a0Les garderies fonctionnent \u00e0 pleine capacit\u00e9 avec pr\u00e8s de 500 enfants et 71 employ\u00e9es.<\/td><\/tr><tr><td width=\"158\">Janvier 2018<\/td><td width=\"491\">Le processus d\u2019inscription centralis\u00e9e pour toutes les garderies est instaur\u00e9 \u00e0 grande \u00e9chelle. Un processus d\u2019inscription en ligne est mis en place pour soutenir les parents et les superviseures.<\/td><\/tr><tr><td width=\"158\">Avril 2018<\/td><td width=\"491\">Angela Carter devient directrice g\u00e9n\u00e9rale par interim pour une ann\u00e9e.<\/td><\/tr><tr><td width=\"158\">Juin 2018<\/td><td width=\"491\">La garderie Dalewood ferme ses portes apr\u00e8s 3 ann\u00e9es de service en \u00e9cole d\u2019immersion.<\/td><\/tr><tr><td width=\"158\">Septembre 2018<\/td><td width=\"491\">La Bo\u00eete \u00e0 soleil pr\u00e9sente un menu sp\u00e9cial pour les enfants ayant des allergies.<\/td><\/tr><tr><td width=\"158\">Septembre 2019<\/td><td width=\"491\">La garderie Franco-Niagara ouvre ses portes dans la nouvelle \u00e9cole de Welland (sur le site de l\u2019ancienne \u00e9cole secondaire Conf\u00e9d\u00e9ration) avec un programme avant et apr\u00e8s l\u2019\u00e9cole. Les groupes de garderies ouvriront leurs portes le 6 janvier 2020 et pourront accueillir 49 nouveaux enfants.<\/td><\/tr><\/tbody><\/table><p>\u00a0<\/p>\t\t\t\t\t\t\t\t<\/div>\n\t\t\t\t<\/div>\n\t\t\t\t\t<\/div>\n\t\t<\/div>\n\t\t\t\t\t<\/div>\n\t\t<\/section>\n\t\t\t\t<\/div>\n\t\t","protected":false},"excerpt":{"rendered":"<p>\u00a0 Date \u00c9v\u00e9nements Ann\u00e9es 80 1981 La Bo\u00eete \u00e0 soleil coop. Inc est incorpor\u00e9 sous la \u00ab\u00a0Loi sur les soci\u00e9t\u00e9s coop\u00e9ratives\u00a0\u00bb. Avril 1982 La garderie ouvre ses portes au 226, avenue Crowland, \u00e0 Welland, sous la direction de Raymonde Crytes-Lafond. Douze (12) enfants sont inscrits \u00e2g\u00e9s de 18 mois \u00e0 5 ans. Le permis accorde [&hellip;]<\/p>\n","protected":false},"author":1,"featured_media":0,"parent":0,"menu_order":0,"comment_status":"closed","ping_status":"closed","template":"","meta":{"_monsterinsights_skip_tracking":false,"_monsterinsights_sitenote_active":false,"_monsterinsights_sitenote_note":"","_monsterinsights_sitenote_category":0,"footnotes":""},"class_list":["post-24","page","type-page","status-publish","hentry"],"_links":{"self":[{"href":"https:\/\/laboiteasoleil.ca\/fra\/wp-json\/wp\/v2\/pages\/24","targetHints":{"allow":["GET"]}}],"collection":[{"href":"https:\/\/laboiteasoleil.ca\/fra\/wp-json\/wp\/v2\/pages"}],"about":[{"href":"https:\/\/laboiteasoleil.ca\/fra\/wp-json\/wp\/v2\/types\/page"}],"author":[{"embeddable":true,"href":"https:\/\/laboiteasoleil.ca\/fra\/wp-json\/wp\/v2\/users\/1"}],"replies":[{"embeddable":true,"href":"https:\/\/laboiteasoleil.ca\/fra\/wp-json\/wp\/v2\/comments?post=24"}],"version-history":[{"count":13,"href":"https:\/\/laboiteasoleil.ca\/fra\/wp-json\/wp\/v2\/pages\/24\/revisions"}],"predecessor-version":[{"id":7557,"href":"https:\/\/laboiteasoleil.ca\/fra\/wp-json\/wp\/v2\/pages\/24\/revisions\/7557"}],"wp:attachment":[{"href":"https:\/\/laboiteasoleil.ca\/fra\/wp-json\/wp\/v2\/media?parent=24"}],"curies":[{"name":"wp","href":"https:\/\/api.w.org\/{rel}","templated":true}]}}