{"id":26,"date":"2015-07-20T03:30:43","date_gmt":"2015-07-20T03:30:43","guid":{"rendered":"https:\/\/staging.laboiteasoleil.ca\/fra\/?page_id=26"},"modified":"2025-02-05T23:36:56","modified_gmt":"2025-02-05T23:36:56","slug":"prix-dexcellence","status":"publish","type":"page","link":"https:\/\/laboiteasoleil.ca\/fra\/prix-dexcellence\/","title":{"rendered":"Partenariats et prix d\u2019excellence"},"content":{"rendered":"\t\t<div data-elementor-type=\"wp-page\" data-elementor-id=\"26\" class=\"elementor elementor-26\" data-elementor-post-type=\"page\">\n\t\t\t\t\t\t<section class=\"elementor-section elementor-top-section elementor-element elementor-element-3555169f elementor-section-boxed elementor-section-height-default elementor-section-height-default\" data-id=\"3555169f\" data-element_type=\"section\" data-e-type=\"section\">\n\t\t\t\t\t\t<div class=\"elementor-container elementor-column-gap-default\">\n\t\t\t\t\t<div class=\"elementor-column elementor-col-100 elementor-top-column elementor-element elementor-element-2a87d40f\" data-id=\"2a87d40f\" data-element_type=\"column\" data-e-type=\"column\">\n\t\t\t<div class=\"elementor-widget-wrap elementor-element-populated\">\n\t\t\t\t\t\t<div class=\"elementor-element elementor-element-37d314b5 elementor-widget elementor-widget-text-editor\" data-id=\"37d314b5\" data-element_type=\"widget\" data-e-type=\"widget\" data-widget_type=\"text-editor.default\">\n\t\t\t\t<div class=\"elementor-widget-container\">\n\t\t\t\t\t\t\t\t\t<h5 role=\"heading\" data-uw-rm-heading=\"level\" aria-level=\"1\"><strong>Partenariats communautaires<\/strong><\/h5><p style=\"text-align: left;\">La Bo\u00eete \u00e0 soleil travaille en partenariat avec de nombreux organismes locaux et r\u00e9gionaux et joue souvent le r\u00f4le de leader francophone pour la petite enfance au Niagara. Voici quelques-uns de nos principaux partenaires:<\/p><ul><li style=\"text-align: left;\"><a href=\"https:\/\/csviamonde.ca\/\" target=\"_blank\" rel=\"noopener noreferrer\" data-uw-rm-brl=\"PR\" data-uw-original-href=\"https:\/\/csviamonde.ca\/\" aria-label=\"Conseil scolaire Viamonde - ouvrir dans un nouvel onglet\" data-uw-rm-ext-link=\"\">Conseil scolaire Viamonde<\/a><\/li><li style=\"text-align: left;\"><a href=\"https:\/\/www.csdccs.edu.on.ca\/\" target=\"_blank\" rel=\"noopener noreferrer\" data-uw-rm-brl=\"PR\" data-uw-original-href=\"https:\/\/www.csdccs.edu.on.ca\/\" aria-label=\"Conseil scolaire MonAvenir - ouvrir dans un nouvel onglet\" data-uw-rm-ext-link=\"\">Conseil scolaire MonAvenir<\/a><\/li><li style=\"text-align: left;\"><a href=\"https:\/\/www.dsbn.org\/\" target=\"_blank\" rel=\"noopener noreferrer\" data-uw-rm-brl=\"PR\" data-uw-original-href=\"https:\/\/www.dsbn.org\/\" aria-label=\"District School Board of Niagara - ouvrir dans un nouvel onglet\" data-uw-rm-ext-link=\"\">District School Board of Niagara<\/a><\/li><li style=\"text-align: left;\"><a href=\"http:\/\/www.regional.niagara.on.ca\/living\/childcare\/default.aspx?topnav=1\" target=\"_blank\" rel=\"noopener noreferrer\" data-uw-rm-brl=\"PR\" data-uw-original-href=\"http:\/\/www.regional.niagara.on.ca\/living\/childcare\/default.aspx?topnav=1\" aria-label=\"Municipalit\u00e9 r\u00e9gionale de Niagara (division des services \u00e0 l'enfance) - ouvrir dans un nouvel onglet\" data-uw-rm-ext-link=\"\">Municipalit\u00e9 r\u00e9gionale de Niagara (division des services \u00e0 l&#8217;enfance)<\/a><\/li><li style=\"text-align: left;\"><a href=\"http:\/\/eccdc.org\/\" target=\"_blank\" rel=\"noopener noreferrer\" data-uw-rm-brl=\"PR\" data-uw-original-href=\"http:\/\/eccdc.org\/\" aria-label=\"Early Childhood Community Development Centre - ouvrir dans un nouvel onglet\" data-uw-rm-ext-link=\"\">Early Childhood Community Development Centre<\/a><\/li><li style=\"text-align: left;\"><a href=\"https:\/\/www.niagararegion.ca\/health\/\" target=\"_blank\" rel=\"noopener noreferrer\" data-uw-rm-brl=\"PR\" data-uw-original-href=\"https:\/\/www.niagararegion.ca\/health\/\" aria-label=\"Sant\u00e9 Publique (Niagara Region Public Health) - ouvrir dans un nouvel onglet\" data-uw-rm-ext-link=\"\">Sant\u00e9 Publique (Niagara Region Public Health)<\/a><\/li><li style=\"text-align: left;\"><a href=\"http:\/\/www.cl-wellandpelham.ca\/\" target=\"_blank\" rel=\"noopener noreferrer\" data-uw-rm-brl=\"PR\" data-uw-original-href=\"http:\/\/www.cl-wellandpelham.ca\/\" aria-label=\"Community Living - ouvrir dans un nouvel onglet\" data-uw-rm-ext-link=\"\">Community Living<\/a><\/li><li style=\"text-align: left;\"><a href=\"https:\/\/www.welland.ca\/\" target=\"_blank\" rel=\"noopener noreferrer\" data-uw-rm-brl=\"PR\" data-uw-original-href=\"https:\/\/www.welland.ca\/\" aria-label=\"Ville de Welland - ouvrir dans un nouvel onglet\" data-uw-rm-ext-link=\"\">Ville de Welland<\/a><\/li><li><a href=\"http:\/\/www.bonjourniagara.com\" target=\"_blank\" rel=\"noopener noreferrer\" data-uw-rm-brl=\"PR\" data-uw-original-href=\"http:\/\/www.bonjourniagara.com\/\" aria-label=\"BonjourNiagara.com - ouvrir dans un nouvel onglet\" data-uw-rm-ext-link=\"\">BonjourNiagara.com<\/a><a href=\"http:\/\/www.bonjourniagara.com\" target=\"_blank\" rel=\"noopener noreferrer\" data-uw-rm-brl=\"PR\" data-uw-original-href=\"http:\/\/www.bonjourniagara.com\/\" aria-label=\"bonjourniagara.com - ouvrir dans un nouvel onglet\" data-uw-rm-empty-ctrl=\"\" data-uw-rm-ext-link=\"\"><img decoding=\"async\" class=\"wp-image-2875 size-thumbnail alignright\" src=\"http:\/\/www.laboiteasoleil.ca\/fra\/wp-content\/uploads\/2018\/11\/bonjour-niagara-vivre-150x150.jpg\" alt=\"\" width=\"150\" height=\"150\" srcset=\"https:\/\/laboiteasoleil.ca\/fra\/wp-content\/uploads\/2018\/11\/bonjour-niagara-vivre-150x150.jpg 150w, https:\/\/laboiteasoleil.ca\/fra\/wp-content\/uploads\/2018\/11\/bonjour-niagara-vivre-230x230.jpg 230w, https:\/\/laboiteasoleil.ca\/fra\/wp-content\/uploads\/2018\/11\/bonjour-niagara-vivre-80x80.jpg 80w\" sizes=\"(max-width: 150px) 100vw, 150px\" \/><\/a><\/li><li style=\"text-align: left;\"><a href=\"http:\/\/www.cerfniagara.com\/\" target=\"_blank\" rel=\"noopener noreferrer\" data-uw-rm-brl=\"PR\" data-uw-original-href=\"http:\/\/www.cerfniagara.com\/\" aria-label=\"CERF Niagara - ouvrir dans un nouvel onglet\" data-uw-rm-ext-link=\"\">CERF Niagara<\/a><\/li><li style=\"text-align: left;\"><a href=\"http:\/\/www.abccommunautaire.ca\/\" target=\"_blank\" rel=\"noopener noreferrer\" data-uw-rm-brl=\"PR\" data-uw-original-href=\"http:\/\/www.abccommunautaire.ca\/\" aria-label=\"ABC communautaire - ouvrir dans un nouvel onglet\" data-uw-rm-ext-link=\"\">ABC communautaire<\/a><\/li><li style=\"text-align: left;\"><a href=\"https:\/\/www.facebook.com\/Club-Richelieu-Welland-168804873180124\/?fref=pb&amp;hc_location=profile_browser\" target=\"_blank\" rel=\"noopener noreferrer\" data-uw-rm-brl=\"PR\" data-uw-original-href=\"https:\/\/www.facebook.com\/Club-Richelieu-Welland-168804873180124\/?fref=pb&amp;hc_location=profile_browser\" aria-label=\"Club Richelieu - ouvrir dans un nouvel onglet\" data-uw-rm-ext-link=\"\">Club Richelieu<\/a><\/li><li style=\"text-align: left;\"><a href=\"http:\/\/www.niagaracollege.ca\/\" target=\"_blank\" rel=\"noopener noreferrer\" data-uw-rm-brl=\"PR\" data-uw-original-href=\"http:\/\/www.niagaracollege.ca\/\" aria-label=\"Niagara College - ouvrir dans un nouvel onglet\" data-uw-rm-ext-link=\"\">Niagara College<\/a><\/li><li style=\"text-align: left;\"><a href=\"http:\/\/www.collegeboreal.ca\/\" target=\"_blank\" rel=\"noopener noreferrer\" data-uw-rm-brl=\"PR\" data-uw-original-href=\"http:\/\/www.collegeboreal.ca\/\" aria-label=\"Coll\u00e8ge Bor\u00e9al - ouvrir dans un nouvel onglet\" data-uw-rm-ext-link=\"\">Coll\u00e8ge Bor\u00e9al<\/a><\/li><li style=\"text-align: left;\"><a href=\"https:\/\/monassemblee.ca\/\" target=\"_blank\" rel=\"noopener noreferrer\" data-uw-rm-brl=\"PR\" data-uw-original-href=\"https:\/\/monassemblee.ca\/\" aria-label=\"AFO (Assembl\u00e9e de la francophonie de l'Ontario) - ouvrir dans un nouvel onglet\" data-uw-rm-ext-link=\"\">AFO (Assembl\u00e9e de la francophonie de l&#8217;Ontario)<\/a><\/li><li style=\"text-align: left;\"><a href=\"http:\/\/afeseo.ca\/\" target=\"_blank\" rel=\"noopener noreferrer\" data-uw-rm-brl=\"PR\" data-uw-original-href=\"http:\/\/afeseo.ca\/\" aria-label=\"AF\u00c9SEO (Association francophone \u00e0 l'\u00e9ducation des services \u00e0 l'enfance de l'Ontario) - ouvrir dans un nouvel onglet\" data-uw-rm-ext-link=\"\">AF\u00c9SEO (Association francophone \u00e0 l&#8217;\u00e9ducation des services \u00e0 l&#8217;enfance de l&#8217;Ontario)<\/a><\/li><li><a href=\"https:\/\/www.niagarachildrenscentre.com\/\" target=\"_blank\" rel=\"noopener\" data-uw-rm-brl=\"PR\" data-uw-original-href=\"https:\/\/www.niagarachildrenscentre.com\/\" aria-label=\"Niagara Children\u2019s center - ouvrir dans un nouvel onglet\" data-uw-rm-ext-link=\"\">Niagara Children\u2019s center<\/a><\/li><li><a href=\"https:\/\/www.portcares.ca\/\" target=\"_blank\" rel=\"noopener\" data-uw-rm-brl=\"PR\" data-uw-original-href=\"https:\/\/www.portcares.ca\/\" aria-label=\"Port Cares - ouvrir dans un nouvel onglet\" data-uw-rm-ext-link=\"\">Port Cares<\/a><\/li><li><a href=\"https:\/\/www.cschn.ca\/\" target=\"_blank\" rel=\"noopener\" data-uw-rm-brl=\"PR\" data-uw-original-href=\"https:\/\/www.cschn.ca\/\" aria-label=\"Centre de sant\u00e9 communautaire - ouvrir dans un nouvel onglet\" data-uw-rm-ext-link=\"\">Centre de sant\u00e9 communautaire<\/a><\/li><li><a href=\"https:\/\/clubrichelieuwelland.ca\/\" target=\"_blank\" rel=\"noopener\" data-uw-rm-brl=\"PR\" data-uw-original-href=\"https:\/\/clubrichelieuwelland.ca\/\" aria-label=\"Club Richelieu - ouvrir dans un nouvel onglet\" data-uw-rm-ext-link=\"\">Club Richelieu<\/a><\/li><li><a href=\"https:\/\/www.foyerrichelieuwelland.com\/fr\/\" target=\"_blank\" rel=\"noopener\" data-uw-rm-brl=\"PR\" data-uw-original-href=\"https:\/\/www.foyerrichelieuwelland.com\/fr\/\" aria-label=\"Foyer RIchelieu - ouvrir dans un nouvel onglet\" data-uw-rm-ext-link=\"\">Foyer RIchelieu<\/a><\/li><li><a href=\"https:\/\/www.desjardins.com\/on\/fr.html\" target=\"_blank\" rel=\"noopener\" data-uw-rm-brl=\"PR\" data-uw-original-href=\"https:\/\/www.desjardins.com\/on\/fr.html\" aria-label=\"Desjardins - ouvrir dans un nouvel onglet\" data-uw-rm-ext-link=\"\">Desjardins<\/a><\/li><\/ul><h4 role=\"presentation\" aria-hidden=\"true\" data-uw-rm-heading=\"hide\">\u00a0<span class=\"data-uw-rm-autofix-hide\" style=\"color: #ffffff !important; background: #000000 !important; clip: rect(1px, 1px, 1px, 1px) !important; clip-path: inset(50%) !important; height: 1px !important; width: 1px !important; margin: -1px !important; overflow: hidden !important; padding: 0px !important; position: absolute !important;\" data-uw-reader-element=\"\" data-uw-rm-ignore=\"\">Empty heading<\/span><\/h4><h5 style=\"text-align: left;\" role=\"heading\" data-uw-rm-heading=\"level\" aria-level=\"2\"><strong>Prix d&#8217;excellence\u00a0remis \u00e0 La Bo\u00eete \u00e0 soleil<\/strong><\/h5><p><a href=\"https:\/\/laboiteasoleil.ca\/fra\/wp-content\/uploads\/2025\/02\/readers-choice.png\" data-uw-rm-brl=\"PR\" data-uw-original-href=\"https:\/\/laboiteasoleil.ca\/fra\/wp-content\/uploads\/2025\/02\/readers-choice.png\" aria-label=\"laboiteasoleil.ca\" data-uw-rm-empty-ctrl=\"\"><img fetchpriority=\"high\" decoding=\"async\" class=\"size-medium wp-image-8389 alignright\" src=\"https:\/\/laboiteasoleil.ca\/fra\/wp-content\/uploads\/2025\/02\/readers-choice-300x207.png\" alt=\"\" width=\"300\" height=\"207\" data-uw-rm-alt-original=\"\" data-uw-rm-alt=\"AI\" srcset=\"https:\/\/laboiteasoleil.ca\/fra\/wp-content\/uploads\/2025\/02\/readers-choice-300x207.png 300w, https:\/\/laboiteasoleil.ca\/fra\/wp-content\/uploads\/2025\/02\/readers-choice-1024x707.png 1024w, https:\/\/laboiteasoleil.ca\/fra\/wp-content\/uploads\/2025\/02\/readers-choice-768x530.png 768w, https:\/\/laboiteasoleil.ca\/fra\/wp-content\/uploads\/2025\/02\/readers-choice-1536x1060.png 1536w, https:\/\/laboiteasoleil.ca\/fra\/wp-content\/uploads\/2025\/02\/readers-choice-2048x1413.png 2048w\" sizes=\"(max-width: 300px) 100vw, 300px\" \/><\/a><\/p><p>\u00a0<\/p><p><strong>Conseil de la coop\u00e9ration de l&#8217;Ontario (CCO) &#8211; <a href=\"https:\/\/www.cco.coop\/prix_annuels_du_cco?fbclid=IwAR3gRJPsgbQmRFFiCX23RQ__mI3Tmhf9IpCYw_Ck0R1HaU59XhnSEpHXBu4\" target=\"_blank\" rel=\"noopener\" data-uw-rm-brl=\"PR\" data-uw-original-href=\"https:\/\/www.cco.coop\/prix_annuels_du_cco?fbclid=IwAR3gRJPsgbQmRFFiCX23RQ__mI3Tmhf9IpCYw_Ck0R1HaU59XhnSEpHXBu4\" aria-label=\"Laur\u00e9at d'excellence collectif institutionnel Desjardins 2022 - ouvrir dans un nouvel onglet\" data-uw-rm-ext-link=\"\">Laur\u00e9at d&#8217;excellence collectif institutionnel Desjardins 2022\u00a0<\/a><\/strong><\/p><p><span style=\"color: #333333;\"><strong>Reader\u2019s choice (Niagara this Week et Welland Tribune): <\/strong>Best Daycare Facility 2015, 2016, 2019, 2020, 2021, 2022, 2023 et 2024\u00a0<\/span><\/p><p><span style=\"color: #333333;\"><strong>R\u00e9seau de l&#8217;immigration francophone: <\/strong>Prix de reconnaissance <em>Employeur champion en immigration francophone<\/em> (novembre 2016)<\/span><\/p><p><span style=\"color: #000000;\"><strong>CERF Niagara: <\/strong><\/span>\u00a0pour votre\u00a0appui au\u00a0programme Connexion Emploi 2015<\/p><p><span style=\"color: #333333;\"><strong>Centre d\u2019emploi 2000 :<\/strong> pour votre appui au\u00a0programme Connexion Emploi 2008<\/span><\/p><p><span style=\"color: #333333;\"><strong>Centre d\u2019emploi 2000<\/strong>\u00a0: pour votre appui au programme Connexion Emploi 2005<\/span><\/p><p><span style=\"color: #333333;\"><strong>Municipalit\u00e9 r\u00e9gionale de Niagara, division des services \u00e0 l\u2019enfance\u00a0:<\/strong>\u00a0pour votre partenariat et votre appui aux familles, au d\u00e9veloppement et \u00e0 la croissance des enfants\u00a0(octobre 2001)<\/span><\/p><p><span style=\"color: #333333;\"><strong>Job Gym &#8211; Working out a future<\/strong>\u00a0: pour votre implication, votre contribution et votre appui \u00e0 la formation des jeunes de la R\u00e9gion du Niagara (d\u00e9cembre 2001)<\/span><\/p><p><span style=\"color: #333333;\"><strong>Ministre d\u00e9l\u00e9gu\u00e9 aux Affaires francophones et Ministre des Services Sociaux et communautaires\u00a0<\/strong>: Le lieutenant-gouverneur de l\u2019Ontario a d\u00e9sign\u00e9 cet organisme en vertu de la loi de 1986 sur les services en fran\u00e7ais, le reconnaissant ainsi comme un prestataire officiel de services en fran\u00e7ais.<\/span><\/p>\t\t\t\t\t\t\t\t<\/div>\n\t\t\t\t<\/div>\n\t\t\t\t\t<\/div>\n\t\t<\/div>\n\t\t\t\t\t<\/div>\n\t\t<\/section>\n\t\t\t\t<\/div>\n\t\t","protected":false},"excerpt":{"rendered":"<p>Partenariats communautaires La Bo\u00eete \u00e0 soleil travaille en partenariat avec de nombreux organismes locaux et r\u00e9gionaux et joue souvent le r\u00f4le de leader francophone pour la petite enfance au Niagara. Voici quelques-uns de nos principaux partenaires: Conseil scolaire Viamonde Conseil scolaire MonAvenir District School Board of Niagara Municipalit\u00e9 r\u00e9gionale de Niagara (division des services \u00e0 [&hellip;]<\/p>\n","protected":false},"author":1,"featured_media":0,"parent":0,"menu_order":0,"comment_status":"closed","ping_status":"closed","template":"","meta":{"_monsterinsights_skip_tracking":false,"_monsterinsights_sitenote_active":false,"_monsterinsights_sitenote_note":"","_monsterinsights_sitenote_category":0,"footnotes":""},"class_list":["post-26","page","type-page","status-publish","hentry"],"_links":{"self":[{"href":"https:\/\/laboiteasoleil.ca\/fra\/wp-json\/wp\/v2\/pages\/26","targetHints":{"allow":["GET"]}}],"collection":[{"href":"https:\/\/laboiteasoleil.ca\/fra\/wp-json\/wp\/v2\/pages"}],"about":[{"href":"https:\/\/laboiteasoleil.ca\/fra\/wp-json\/wp\/v2\/types\/page"}],"author":[{"embeddable":true,"href":"https:\/\/laboiteasoleil.ca\/fra\/wp-json\/wp\/v2\/users\/1"}],"replies":[{"embeddable":true,"href":"https:\/\/laboiteasoleil.ca\/fra\/wp-json\/wp\/v2\/comments?post=26"}],"version-history":[{"count":68,"href":"https:\/\/laboiteasoleil.ca\/fra\/wp-json\/wp\/v2\/pages\/26\/revisions"}],"predecessor-version":[{"id":8392,"href":"https:\/\/laboiteasoleil.ca\/fra\/wp-json\/wp\/v2\/pages\/26\/revisions\/8392"}],"wp:attachment":[{"href":"https:\/\/laboiteasoleil.ca\/fra\/wp-json\/wp\/v2\/media?parent=26"}],"curies":[{"name":"wp","href":"https:\/\/api.w.org\/{rel}","templated":true}]}}