{"id":30,"date":"2015-07-20T03:36:45","date_gmt":"2015-07-20T03:36:45","guid":{"rendered":"https:\/\/staging.laboiteasoleil.ca\/fra\/?page_id=30"},"modified":"2025-11-10T19:05:29","modified_gmt":"2025-11-10T19:05:29","slug":"gouvernance","status":"publish","type":"page","link":"https:\/\/laboiteasoleil.ca\/fra\/gouvernance\/","title":{"rendered":"Gouvernance"},"content":{"rendered":"\t\t<div data-elementor-type=\"wp-page\" data-elementor-id=\"30\" class=\"elementor elementor-30\" data-elementor-post-type=\"page\">\n\t\t\t\t\t\t<section class=\"elementor-section elementor-top-section elementor-element elementor-element-435ce9e3 elementor-section-boxed elementor-section-height-default elementor-section-height-default\" data-id=\"435ce9e3\" data-element_type=\"section\" data-e-type=\"section\" data-settings=\"{&quot;shape_divider_bottom&quot;:&quot;clouds&quot;}\">\n\t\t\t\t\t<div class=\"elementor-shape elementor-shape-bottom\" aria-hidden=\"true\" data-negative=\"false\">\n\t\t\t<svg xmlns=\"http:\/\/www.w3.org\/2000\/svg\" viewBox=\"0 0 283.5 27.8\" preserveAspectRatio=\"xMidYMax slice\">\n  <path class=\"elementor-shape-fill\" d=\"M0 0v6.7c1.9-.8 4.7-1.4 8.5-1 9.5 1.1 11.1 6 11.1 6s2.1-.7 4.3-.2c2.1.5 2.8 2.6 2.8 2.6s.2-.5 1.4-.7c1.2-.2 1.7.2 1.7.2s0-2.1 1.9-2.8c1.9-.7 3.6.7 3.6.7s.7-2.9 3.1-4.1 4.7 0 4.7 0 1.2-.5 2.4 0 1.7 1.4 1.7 1.4h1.4c.7 0 1.2.7 1.2.7s.8-1.8 4-2.2c3.5-.4 5.3 2.4 6.2 4.4.4-.4 1-.7 1.8-.9 2.8-.7 4 .7 4 .7s1.7-5 11.1-6c9.5-1.1 12.3 3.9 12.3 3.9s1.2-4.8 5.7-5.7c4.5-.9 6.8 1.8 6.8 1.8s.6-.6 1.5-.9c.9-.2 1.9-.2 1.9-.2s5.2-6.4 12.6-3.3c7.3 3.1 4.7 9 4.7 9s1.9-.9 4 0 2.8 2.4 2.8 2.4 1.9-1.2 4.5-1.2 4.3 1.2 4.3 1.2.2-1 1.4-1.7 2.1-.7 2.1-.7-.5-3.1 2.1-5.5 5.7-1.4 5.7-1.4 1.5-2.3 4.2-1.1c2.7 1.2 1.7 5.2 1.7 5.2s.3-.1 1.3.5c.5.4.8.8.9 1.1.5-1.4 2.4-5.8 8.4-4 7.1 2.1 3.5 8.9 3.5 8.9s.8-.4 2 0 1.1 1.1 1.1 1.1 1.1-1.1 2.3-1.1 2.1.5 2.1.5 1.9-3.6 6.2-1.2 1.9 6.4 1.9 6.4 2.6-2.4 7.4 0c3.4 1.7 3.9 4.9 3.9 4.9s3.3-6.9 10.4-7.9 11.5 2.6 11.5 2.6.8 0 1.2.2c.4.2.9.9.9.9s4.4-3.1 8.3.2c1.9 1.7 1.5 5 1.5 5s.3-1.1 1.6-1.4c1.3-.3 2.3.2 2.3.2s-.1-1.2.5-1.9 1.9-.9 1.9-.9-4.7-9.3 4.4-13.4c5.6-2.5 9.2.9 9.2.9s5-6.2 15.9-6.2 16.1 8.1 16.1 8.1.7-.2 1.6-.4V0H0z\"\/>\n<\/svg>\n\t\t<\/div>\n\t\t\t\t\t<div class=\"elementor-container elementor-column-gap-default\">\n\t\t\t\t\t<div class=\"elementor-column elementor-col-100 elementor-top-column elementor-element elementor-element-c4940a8\" data-id=\"c4940a8\" data-element_type=\"column\" data-e-type=\"column\">\n\t\t\t<div class=\"elementor-widget-wrap elementor-element-populated\">\n\t\t\t\t\t\t<div class=\"elementor-element elementor-element-4c8ccfa elementor-widget elementor-widget-text-editor\" data-id=\"4c8ccfa\" data-element_type=\"widget\" data-e-type=\"widget\" data-widget_type=\"text-editor.default\">\n\t\t\t\t<div class=\"elementor-widget-container\">\n\t\t\t\t\t\t\t\t\t<header><h5>Conseil d\u2019administration<\/h5><\/header><p>Nous valorisons la participation des parents dans nos programmes par le biais du conseil d\u2019administration. La participation b\u00e9n\u00e9vole des parents comme membres du conseil d\u2019administration est n\u00e9cessaire pour assurer le bon fonctionnement de l\u2019organisme.<\/p><p>\u00catre membre du CA c\u2019est s\u2019impliquer dans le centre de son enfant en participant \u00e0 l\u2019impl\u00e9mentation du plan strat\u00e9gique, \u00e0 l\u2019approbation des politiques de gouvernance, \u00e0 la r\u00e9vision du budget de fonctionnement, au rendement de la direction g\u00e9n\u00e9rale, etc. Le conseil d\u2019administration, \u00e0 titre de mandataire de la communaut\u00e9, a pour charge de contribuer \u00e0 obtenir de La Bo\u00eete \u00e0 soleil le rendement d\u00e9sir\u00e9. Les contributions pr\u00e9cises du conseil sont uniques dans son r\u00f4le fiduciaire et n\u00e9cessaires \u00e0 une direction et une gestion efficace. <br \/>Les membres apportent leur appui et leur expertise au conseil d\u2019administration et approuvent les d\u00e9cisions dans le meilleur int\u00e9r\u00eat de l\u2019organisme.<\/p><p>Le conseil d\u2019administration se r\u00e9unit 10 fois par ann\u00e9e en mode hybride (virtuel et au bureau administratif).<\/p><p>Merci \u00e0 nos membres pass\u00e9s et actuels pour leur d\u00e9vouement envers notre organisation!<\/p>\t\t\t\t\t\t\t\t<\/div>\n\t\t\t\t<\/div>\n\t\t\t\t<div class=\"elementor-element elementor-element-676f2ab elementor-widget elementor-widget-button\" data-id=\"676f2ab\" data-element_type=\"widget\" data-e-type=\"widget\" data-widget_type=\"button.default\">\n\t\t\t\t<div class=\"elementor-widget-container\">\n\t\t\t\t\t\t\t\t\t<div class=\"elementor-button-wrapper\">\n\t\t\t\t\t<a class=\"elementor-button elementor-button-link elementor-size-sm\" href=\"https:\/\/survey.alchemer-ca.com\/s3\/50104183\/CA2021\" target=\"_blank\">\n\t\t\t\t\t\t<span class=\"elementor-button-content-wrapper\">\n\t\t\t\t\t\t\t\t\t<span class=\"elementor-button-text\">Rejoignez notre conseil d'administration<\/span>\n\t\t\t\t\t<\/span>\n\t\t\t\t\t<\/a>\n\t\t\t\t<\/div>\n\t\t\t\t\t\t\t\t<\/div>\n\t\t\t\t<\/div>\n\t\t\t\t\t<\/div>\n\t\t<\/div>\n\t\t\t\t\t<\/div>\n\t\t<\/section>\n\t\t\t\t<section class=\"elementor-section elementor-top-section elementor-element elementor-element-4e7c4b6 elementor-section-boxed elementor-section-height-default elementor-section-height-default\" data-id=\"4e7c4b6\" data-element_type=\"section\" data-e-type=\"section\" data-settings=\"{&quot;background_background&quot;:&quot;classic&quot;,&quot;shape_divider_top&quot;:&quot;clouds&quot;,&quot;shape_divider_top_negative&quot;:&quot;yes&quot;,&quot;shape_divider_bottom&quot;:&quot;clouds&quot;,&quot;shape_divider_bottom_negative&quot;:&quot;yes&quot;}\">\n\t\t\t\t\t<div class=\"elementor-shape elementor-shape-top\" aria-hidden=\"true\" data-negative=\"true\">\n\t\t\t<svg xmlns=\"http:\/\/www.w3.org\/2000\/svg\" viewBox=\"0 0 283.5 27.8\" preserveAspectRatio=\"xMidYMax slice\">\n\t<path class=\"elementor-shape-fill\" d=\"M265.8 3.5c-10.9 0-15.9 6.2-15.9 6.2s-3.6-3.5-9.2-.9c-9.1 4.1-4.4 13.4-4.4 13.4s-1.2.2-1.9.9c-.6.7-.5 1.9-.5 1.9s-1-.5-2.3-.2c-1.3.3-1.6 1.4-1.6 1.4s.4-3.4-1.5-5c-3.9-3.4-8.3-.2-8.3-.2s-.6-.7-.9-.9c-.4-.2-1.2-.2-1.2-.2s-4.4-3.6-11.5-2.6-10.4 7.9-10.4 7.9-.5-3.3-3.9-4.9c-4.8-2.4-7.4 0-7.4 0s2.4-4.1-1.9-6.4-6.2 1.2-6.2 1.2-.9-.5-2.1-.5-2.3 1.1-2.3 1.1.1-.7-1.1-1.1c-1.2-.4-2 0-2 0s3.6-6.8-3.5-8.9c-6-1.8-7.9 2.6-8.4 4-.1-.3-.4-.7-.9-1.1-1-.7-1.3-.5-1.3-.5s1-4-1.7-5.2c-2.7-1.2-4.2 1.1-4.2 1.1s-3.1-1-5.7 1.4-2.1 5.5-2.1 5.5-.9 0-2.1.7-1.4 1.7-1.4 1.7-1.7-1.2-4.3-1.2c-2.6 0-4.5 1.2-4.5 1.2s-.7-1.5-2.8-2.4c-2.1-.9-4 0-4 0s2.6-5.9-4.7-9c-7.3-3.1-12.6 3.3-12.6 3.3s-.9 0-1.9.2c-.9.2-1.5.9-1.5.9S99.4 3 94.9 3.9c-4.5.9-5.7 5.7-5.7 5.7s-2.8-5-12.3-3.9-11.1 6-11.1 6-1.2-1.4-4-.7c-.8.2-1.3.5-1.8.9-.9-2.1-2.7-4.9-6.2-4.4-3.2.4-4 2.2-4 2.2s-.5-.7-1.2-.7h-1.4s-.5-.9-1.7-1.4-2.4 0-2.4 0-2.4-1.2-4.7 0-3.1 4.1-3.1 4.1-1.7-1.4-3.6-.7c-1.9.7-1.9 2.8-1.9 2.8s-.5-.5-1.7-.2c-1.2.2-1.4.7-1.4.7s-.7-2.3-2.8-2.8c-2.1-.5-4.3.2-4.3.2s-1.7-5-11.1-6c-3.8-.4-6.6.2-8.5 1v21.2h283.5V11.1c-.9.2-1.6.4-1.6.4s-5.2-8-16.1-8z\"\/>\n<\/svg>\n\t\t<\/div>\n\t\t\t\t<div class=\"elementor-shape elementor-shape-bottom\" aria-hidden=\"true\" data-negative=\"true\">\n\t\t\t<svg xmlns=\"http:\/\/www.w3.org\/2000\/svg\" viewBox=\"0 0 283.5 27.8\" preserveAspectRatio=\"xMidYMax slice\">\n\t<path class=\"elementor-shape-fill\" d=\"M265.8 3.5c-10.9 0-15.9 6.2-15.9 6.2s-3.6-3.5-9.2-.9c-9.1 4.1-4.4 13.4-4.4 13.4s-1.2.2-1.9.9c-.6.7-.5 1.9-.5 1.9s-1-.5-2.3-.2c-1.3.3-1.6 1.4-1.6 1.4s.4-3.4-1.5-5c-3.9-3.4-8.3-.2-8.3-.2s-.6-.7-.9-.9c-.4-.2-1.2-.2-1.2-.2s-4.4-3.6-11.5-2.6-10.4 7.9-10.4 7.9-.5-3.3-3.9-4.9c-4.8-2.4-7.4 0-7.4 0s2.4-4.1-1.9-6.4-6.2 1.2-6.2 1.2-.9-.5-2.1-.5-2.3 1.1-2.3 1.1.1-.7-1.1-1.1c-1.2-.4-2 0-2 0s3.6-6.8-3.5-8.9c-6-1.8-7.9 2.6-8.4 4-.1-.3-.4-.7-.9-1.1-1-.7-1.3-.5-1.3-.5s1-4-1.7-5.2c-2.7-1.2-4.2 1.1-4.2 1.1s-3.1-1-5.7 1.4-2.1 5.5-2.1 5.5-.9 0-2.1.7-1.4 1.7-1.4 1.7-1.7-1.2-4.3-1.2c-2.6 0-4.5 1.2-4.5 1.2s-.7-1.5-2.8-2.4c-2.1-.9-4 0-4 0s2.6-5.9-4.7-9c-7.3-3.1-12.6 3.3-12.6 3.3s-.9 0-1.9.2c-.9.2-1.5.9-1.5.9S99.4 3 94.9 3.9c-4.5.9-5.7 5.7-5.7 5.7s-2.8-5-12.3-3.9-11.1 6-11.1 6-1.2-1.4-4-.7c-.8.2-1.3.5-1.8.9-.9-2.1-2.7-4.9-6.2-4.4-3.2.4-4 2.2-4 2.2s-.5-.7-1.2-.7h-1.4s-.5-.9-1.7-1.4-2.4 0-2.4 0-2.4-1.2-4.7 0-3.1 4.1-3.1 4.1-1.7-1.4-3.6-.7c-1.9.7-1.9 2.8-1.9 2.8s-.5-.5-1.7-.2c-1.2.2-1.4.7-1.4.7s-.7-2.3-2.8-2.8c-2.1-.5-4.3.2-4.3.2s-1.7-5-11.1-6c-3.8-.4-6.6.2-8.5 1v21.2h283.5V11.1c-.9.2-1.6.4-1.6.4s-5.2-8-16.1-8z\"\/>\n<\/svg>\n\t\t<\/div>\n\t\t\t\t\t<div class=\"elementor-container elementor-column-gap-default\">\n\t\t\t\t\t<div class=\"elementor-column elementor-col-100 elementor-top-column elementor-element elementor-element-553f0f4\" data-id=\"553f0f4\" data-element_type=\"column\" data-e-type=\"column\">\n\t\t\t<div class=\"elementor-widget-wrap elementor-element-populated\">\n\t\t\t\t\t\t<div class=\"elementor-element elementor-element-6e71e2e elementor-widget elementor-widget-text-editor\" data-id=\"6e71e2e\" data-element_type=\"widget\" data-e-type=\"widget\" data-widget_type=\"text-editor.default\">\n\t\t\t\t<div class=\"elementor-widget-container\">\n\t\t\t\t\t\t\t\t\t<header class=\"entry-header\"><\/header><h4><strong>MEMBRES DE L\u2019EX\u00c9CUTIF 2025-2026:<\/strong><\/h4><div><p><strong><a href=\"https:\/\/laboiteasoleil.ca\/fra\/wp-content\/uploads\/2025\/11\/2025-2026-FR-e1762800768770.png\"><img fetchpriority=\"high\" decoding=\"async\" class=\"alignnone wp-image-8667 size-full\" src=\"https:\/\/laboiteasoleil.ca\/fra\/wp-content\/uploads\/2025\/11\/2025-2026-FR-e1762800768770.png\" alt=\"\" width=\"2000\" height=\"1147\" srcset=\"https:\/\/laboiteasoleil.ca\/fra\/wp-content\/uploads\/2025\/11\/2025-2026-FR-e1762800768770.png 2000w, https:\/\/laboiteasoleil.ca\/fra\/wp-content\/uploads\/2025\/11\/2025-2026-FR-e1762800768770-300x172.png 300w, https:\/\/laboiteasoleil.ca\/fra\/wp-content\/uploads\/2025\/11\/2025-2026-FR-e1762800768770-1024x587.png 1024w, https:\/\/laboiteasoleil.ca\/fra\/wp-content\/uploads\/2025\/11\/2025-2026-FR-e1762800768770-768x440.png 768w, https:\/\/laboiteasoleil.ca\/fra\/wp-content\/uploads\/2025\/11\/2025-2026-FR-e1762800768770-1536x881.png 1536w\" sizes=\"(max-width: 2000px) 100vw, 2000px\" \/><\/a><\/strong><\/p><p><strong>Pr\u00e9sident : <\/strong>Genevieve-Renee Bisson<br \/><strong>Vice-pr\u00e9sident : <\/strong><span class=\"OYPEnA font-feature-liga-off font-feature-clig-off font-feature-calt-off text-decoration-none text-strikethrough-none\">Am\u00e9lie Van Wely<\/span><br \/><strong>Tr\u00e9sorier : <\/strong><span class=\"OYPEnA font-feature-liga-off font-feature-clig-off font-feature-calt-off text-decoration-none text-strikethrough-none\">C\u00e9sar Lefebvre<\/span><br \/><strong>Secr\u00e9taire : <\/strong><span class=\"OYPEnA font-feature-liga-off font-feature-clig-off font-feature-calt-off text-decoration-none text-strikethrough-none\">C\u00e9sar Lefebvre<\/span><br \/><strong>Administratrice : <\/strong><span class=\"OYPEnA font-feature-liga-off font-feature-clig-off font-feature-calt-off text-decoration-none text-strikethrough-none\">Val\u00e9rie Chartrand<\/span><br \/><strong>Administratrice : <\/strong>Amy Mahler<br \/><strong>Administratrice : <\/strong><span class=\"OYPEnA font-feature-liga-off font-feature-clig-off font-feature-calt-off text-decoration-none text-strikethrough-none\">Sorelle Taguimtsob Tia<\/span><br \/><strong>Administratrice : <\/strong><span class=\"OYPEnA font-feature-liga-off font-feature-clig-off font-feature-calt-off text-decoration-none text-strikethrough-none\">Francine De Marchi<\/span><\/p><\/div>\t\t\t\t\t\t\t\t<\/div>\n\t\t\t\t<\/div>\n\t\t\t\t<div class=\"elementor-element elementor-element-7cb2e48 elementor-widget elementor-widget-button\" data-id=\"7cb2e48\" data-element_type=\"widget\" data-e-type=\"widget\" data-widget_type=\"button.default\">\n\t\t\t\t<div class=\"elementor-widget-container\">\n\t\t\t\t\t\t\t\t\t<div class=\"elementor-button-wrapper\">\n\t\t\t\t\t<a class=\"elementor-button elementor-button-link elementor-size-sm\" href=\"https:\/\/apps.cra-arc.gc.ca\/ebci\/hacc\/srch\/pub\/dsplyQckVw?selectedCharityBn=107580706RR0001&#038;isSingleResult=false&#038;q.stts=0007\" target=\"_blank\">\n\t\t\t\t\t\t<span class=\"elementor-button-content-wrapper\">\n\t\t\t\t\t\t\t\t\t<span class=\"elementor-button-text\">Informations sur notre organisme de charit\u00e9<\/span>\n\t\t\t\t\t<\/span>\n\t\t\t\t\t<\/a>\n\t\t\t\t<\/div>\n\t\t\t\t\t\t\t\t<\/div>\n\t\t\t\t<\/div>\n\t\t\t\t\t<\/div>\n\t\t<\/div>\n\t\t\t\t\t<\/div>\n\t\t<\/section>\n\t\t\t\t<section class=\"elementor-section elementor-top-section elementor-element elementor-element-5e0dc05 elementor-section-boxed elementor-section-height-default elementor-section-height-default\" data-id=\"5e0dc05\" data-element_type=\"section\" data-e-type=\"section\">\n\t\t\t\t\t\t<div class=\"elementor-container elementor-column-gap-default\">\n\t\t\t\t\t<div class=\"elementor-column elementor-col-100 elementor-top-column elementor-element elementor-element-a30091f\" data-id=\"a30091f\" data-element_type=\"column\" data-e-type=\"column\">\n\t\t\t<div class=\"elementor-widget-wrap elementor-element-populated\">\n\t\t\t\t\t\t<div class=\"elementor-element elementor-element-44feaaa elementor-widget elementor-widget-text-editor\" data-id=\"44feaaa\" data-element_type=\"widget\" data-e-type=\"widget\" data-widget_type=\"text-editor.default\">\n\t\t\t\t<div class=\"elementor-widget-container\">\n\t\t\t\t\t\t\t\t\t<header class=\"entry-header\"><header class=\"entry-header\"><h5 class=\"entry-title\">Assembl\u00e9e g\u00e9n\u00e9rale annuelle<\/h5><\/header><p class=\"entry-content clearfix\"><strong><a href=\"https:\/\/heyzine.com\/flip-book\/ac4e1f5c00.html\" target=\"_blank\" rel=\"noopener noreferrer\">Rapport Annuel 2024<\/a><br \/><a href=\"https:\/\/www.canva.com\/design\/DAGolXcIERg\/kCkGl3FrhyPLYUgOCpGr2w\/view?utm_content=DAGolXcIERg&amp;utm_campaign=designshare&amp;utm_medium=link2&amp;utm_source=uniquelinks&amp;utlId=h14d502c7a1\" target=\"_blank\" rel=\"noopener\">Pr\u00e9sentation<\/a><\/strong><\/p><h5 class=\"entry-title\">Rapports annuels des ann\u00e9es pr\u00e9c\u00e9dentes<\/h5><\/header><p class=\"entry-content clearfix\"><strong><a href=\"https:\/\/heyzine.com\/flip-book\/f3ab5f3518.html\" target=\"_blank\" rel=\"noopener noreferrer\">Rapport Annuel 2023<\/a><br \/><a href=\"https:\/\/heyzine.com\/flip-book\/83f3faf7ca.html\" target=\"_blank\" rel=\"noopener noreferrer\">Rapport Annuel 2022<\/a><br \/><a href=\"https:\/\/www.laboiteasoleil.ca\/fra\/wp-content\/uploads\/2023\/07\/Rapport-annuel-2021.pdf\" target=\"_blank\" rel=\"noopener noreferrer\">Rapport Annuel 2021<\/a><\/strong><br \/><strong><a href=\"https:\/\/www.laboiteasoleil.ca\/fra\/wp-content\/uploads\/2021\/11\/Rapport-annuel-2020.pdf\" target=\"_blank\" rel=\"noopener noreferrer\">Rapport Annuel 2020<\/a><\/strong><br \/><strong><a href=\"https:\/\/www.laboiteasoleil.ca\/fra\/wp-content\/uploads\/2020\/06\/Rapport-annuel-2019-final.pdf\" target=\"_blank\" rel=\"noopener noreferrer\">Rapport Annuel 2019<\/a><\/strong><br \/><strong><a href=\"https:\/\/www.laboiteasoleil.ca\/fra\/wp-content\/uploads\/2019\/06\/Rapport-annuel-2018.pdf\" target=\"_blank\" rel=\"noopener noreferrer\">Rapport Annuel 2018<\/a><\/strong><br \/><strong><a href=\"http:\/\/www.laboiteasoleil.ca\/ang\/wp-content\/uploads\/2018\/04\/Rapport-annuel-2017.pdf\" target=\"_blank\" rel=\"noopener noreferrer\">Rapport Annuel 2017<br \/><\/a><a href=\"https:\/\/www.laboiteasoleil.ca\/fra\/wp-content\/uploads\/2015\/07\/Rapport-annuel-2016.pdf\" target=\"_blank\" rel=\"noopener noreferrer\">Rapport Annuel 2016<\/a><a href=\"https:\/\/www.laboiteasoleil.ca\/fra\/wp-content\/uploads\/2015\/07\/rapport-annuel-2015.pdf\" target=\"_blank\" rel=\"noopener noreferrer\"><br \/><\/a><a href=\"https:\/\/www.laboiteasoleil.ca\/fra\/wp-content\/uploads\/2015\/07\/rapport-annuel-2015.pdf\" target=\"_blank\" rel=\"noopener noreferrer\">Rapport Annuel 2015<\/a><\/strong><\/p><header class=\"entry-header\"><\/header><h5><strong><a href=\"https:\/\/laboiteasoleil.ca\/fra\/wp-content\/uploads\/2025\/01\/Statuts-et-reglements-2024.pdf\" target=\"_blank\" rel=\"noopener noreferrer\">Statuts et r\u00e8glements<\/a><\/strong><\/h5>\t\t\t\t\t\t\t\t<\/div>\n\t\t\t\t<\/div>\n\t\t\t\t\t<\/div>\n\t\t<\/div>\n\t\t\t\t\t<\/div>\n\t\t<\/section>\n\t\t\t\t<\/div>\n\t\t","protected":false},"excerpt":{"rendered":"<p>Conseil d\u2019administration Nous valorisons la participation des parents dans nos programmes par le biais du conseil d\u2019administration. La participation b\u00e9n\u00e9vole des parents comme membres du conseil d\u2019administration est n\u00e9cessaire pour assurer le bon fonctionnement de l\u2019organisme. \u00catre membre du CA c\u2019est s\u2019impliquer dans le centre de son enfant en participant \u00e0 l\u2019impl\u00e9mentation du plan strat\u00e9gique, [&hellip;]<\/p>\n","protected":false},"author":1,"featured_media":0,"parent":0,"menu_order":0,"comment_status":"closed","ping_status":"closed","template":"","meta":{"_monsterinsights_skip_tracking":false,"_monsterinsights_sitenote_active":false,"_monsterinsights_sitenote_note":"","_monsterinsights_sitenote_category":0,"footnotes":""},"class_list":["post-30","page","type-page","status-publish","hentry"],"_links":{"self":[{"href":"https:\/\/laboiteasoleil.ca\/fra\/wp-json\/wp\/v2\/pages\/30","targetHints":{"allow":["GET"]}}],"collection":[{"href":"https:\/\/laboiteasoleil.ca\/fra\/wp-json\/wp\/v2\/pages"}],"about":[{"href":"https:\/\/laboiteasoleil.ca\/fra\/wp-json\/wp\/v2\/types\/page"}],"author":[{"embeddable":true,"href":"https:\/\/laboiteasoleil.ca\/fra\/wp-json\/wp\/v2\/users\/1"}],"replies":[{"embeddable":true,"href":"https:\/\/laboiteasoleil.ca\/fra\/wp-json\/wp\/v2\/comments?post=30"}],"version-history":[{"count":47,"href":"https:\/\/laboiteasoleil.ca\/fra\/wp-json\/wp\/v2\/pages\/30\/revisions"}],"predecessor-version":[{"id":8677,"href":"https:\/\/laboiteasoleil.ca\/fra\/wp-json\/wp\/v2\/pages\/30\/revisions\/8677"}],"wp:attachment":[{"href":"https:\/\/laboiteasoleil.ca\/fra\/wp-json\/wp\/v2\/media?parent=30"}],"curies":[{"name":"wp","href":"https:\/\/api.w.org\/{rel}","templated":true}]}}