{"id":394,"date":"2015-07-24T05:48:09","date_gmt":"2015-07-24T05:48:09","guid":{"rendered":"https:\/\/staging.laboiteasoleil.ca\/fra\/?page_id=394"},"modified":"2025-01-17T05:49:49","modified_gmt":"2025-01-17T05:49:49","slug":"ressources-pour-les-parents","status":"publish","type":"page","link":"https:\/\/laboiteasoleil.ca\/fra\/ressources-pour-les-parents\/","title":{"rendered":"Ressources pour les parents"},"content":{"rendered":"\t\t<div data-elementor-type=\"wp-page\" data-elementor-id=\"394\" class=\"elementor elementor-394\" data-elementor-post-type=\"page\">\n\t\t\t\t\t\t<section class=\"elementor-section elementor-top-section elementor-element elementor-element-7ccc4c0f elementor-section-boxed elementor-section-height-default elementor-section-height-default\" data-id=\"7ccc4c0f\" data-element_type=\"section\" data-e-type=\"section\" data-settings=\"{&quot;shape_divider_bottom&quot;:&quot;clouds&quot;}\">\n\t\t\t\t\t<div class=\"elementor-shape elementor-shape-bottom\" aria-hidden=\"true\" data-negative=\"false\">\n\t\t\t<svg xmlns=\"http:\/\/www.w3.org\/2000\/svg\" viewBox=\"0 0 283.5 27.8\" preserveAspectRatio=\"xMidYMax slice\">\n  <path class=\"elementor-shape-fill\" d=\"M0 0v6.7c1.9-.8 4.7-1.4 8.5-1 9.5 1.1 11.1 6 11.1 6s2.1-.7 4.3-.2c2.1.5 2.8 2.6 2.8 2.6s.2-.5 1.4-.7c1.2-.2 1.7.2 1.7.2s0-2.1 1.9-2.8c1.9-.7 3.6.7 3.6.7s.7-2.9 3.1-4.1 4.7 0 4.7 0 1.2-.5 2.4 0 1.7 1.4 1.7 1.4h1.4c.7 0 1.2.7 1.2.7s.8-1.8 4-2.2c3.5-.4 5.3 2.4 6.2 4.4.4-.4 1-.7 1.8-.9 2.8-.7 4 .7 4 .7s1.7-5 11.1-6c9.5-1.1 12.3 3.9 12.3 3.9s1.2-4.8 5.7-5.7c4.5-.9 6.8 1.8 6.8 1.8s.6-.6 1.5-.9c.9-.2 1.9-.2 1.9-.2s5.2-6.4 12.6-3.3c7.3 3.1 4.7 9 4.7 9s1.9-.9 4 0 2.8 2.4 2.8 2.4 1.9-1.2 4.5-1.2 4.3 1.2 4.3 1.2.2-1 1.4-1.7 2.1-.7 2.1-.7-.5-3.1 2.1-5.5 5.7-1.4 5.7-1.4 1.5-2.3 4.2-1.1c2.7 1.2 1.7 5.2 1.7 5.2s.3-.1 1.3.5c.5.4.8.8.9 1.1.5-1.4 2.4-5.8 8.4-4 7.1 2.1 3.5 8.9 3.5 8.9s.8-.4 2 0 1.1 1.1 1.1 1.1 1.1-1.1 2.3-1.1 2.1.5 2.1.5 1.9-3.6 6.2-1.2 1.9 6.4 1.9 6.4 2.6-2.4 7.4 0c3.4 1.7 3.9 4.9 3.9 4.9s3.3-6.9 10.4-7.9 11.5 2.6 11.5 2.6.8 0 1.2.2c.4.2.9.9.9.9s4.4-3.1 8.3.2c1.9 1.7 1.5 5 1.5 5s.3-1.1 1.6-1.4c1.3-.3 2.3.2 2.3.2s-.1-1.2.5-1.9 1.9-.9 1.9-.9-4.7-9.3 4.4-13.4c5.6-2.5 9.2.9 9.2.9s5-6.2 15.9-6.2 16.1 8.1 16.1 8.1.7-.2 1.6-.4V0H0z\"\/>\n<\/svg>\n\t\t<\/div>\n\t\t\t\t\t<div class=\"elementor-container elementor-column-gap-default\">\n\t\t\t\t\t<div class=\"elementor-column elementor-col-100 elementor-top-column elementor-element elementor-element-6ab9f756\" data-id=\"6ab9f756\" data-element_type=\"column\" data-e-type=\"column\">\n\t\t\t<div class=\"elementor-widget-wrap elementor-element-populated\">\n\t\t\t\t\t\t<div class=\"elementor-element elementor-element-a0671c0 elementor-widget elementor-widget-heading\" data-id=\"a0671c0\" data-element_type=\"widget\" data-e-type=\"widget\" data-widget_type=\"heading.default\">\n\t\t\t\t<div class=\"elementor-widget-container\">\n\t\t\t\t\t<h5 class=\"elementor-heading-title elementor-size-default\">Communication<\/h5>\t\t\t\t<\/div>\n\t\t\t\t<\/div>\n\t\t\t\t<div class=\"elementor-element elementor-element-2c54a8bb elementor-widget elementor-widget-text-editor\" data-id=\"2c54a8bb\" data-element_type=\"widget\" data-e-type=\"widget\" data-widget_type=\"text-editor.default\">\n\t\t\t\t<div class=\"elementor-widget-container\">\n\t\t\t\t\t\t\t\t\t<p>La Bo\u00eete \u00e0 soleil est un centre \u00e9ducatif francophone. Cela signifie que le fran\u00e7ais est la langue officielle et la langue parl\u00e9e en tout temps dans tous nos centres.\u00a0 Toutefois, pour assurer une bonne communication entre les familles et le centre, nous communiquons avec les parents en anglais et en fran\u00e7ais.<\/p><p>Nous demandons \u00e9galement \u00e0 nos parents de s\u2019engager \u00e0 encourager et \u00e0 promouvoir la langue fran\u00e7aise autant que possible dans leurs \u00e9changes avec leurs enfants. Ils sont les premiers responsables aupr\u00e8s de leur enfant de l\u2019apprentissage et du d\u00e9veloppement de la langue fran\u00e7aise. <strong>Le centre a besoin de l\u2019appui des parents, de leur contribution et de leur collaboration afin de r\u00e9aliser sa mission francophone. <\/strong>Voici une liste d\u2019organismes offrant des cours de fran\u00e7ais dans la communaut\u00e9:<\/p><ul><li>Coll\u00e8ge Bor\u00e9al : \u00ab French as a second language \u00bb<br \/>Pour toute information: <span style=\"color: #ff0000;\"><a style=\"color: #ff0000;\" href=\"http:\/\/www.collegeboreal.ca\" target=\"_blank\" rel=\"noopener\">http:\/\/www.collegeboreal.ca<\/a><span style=\"color: #000000;\">, 1-800-361-6673 poste 7370 ou 289-442-8158<\/span><\/span><\/li><\/ul><ul><li>Niagara College (Welland campus): \u00ab French as a second language \u00bb<br \/>Pour toute information: <span style=\"color: #ff0000;\"><a style=\"color: #ff0000;\" href=\"http:\/\/www.niagaracollege.ca\" target=\"_blank\" rel=\"noopener\">http:\/\/www.niagaracollege.ca<\/a><\/span><\/li><\/ul><ul><li>ABC communautaire : Cours de fran\u00e7ais gratuits pour les francophones d\u00e9butants<br \/>Pour toute information contactez 905-788-3711 ou 905-401-4404<\/li><\/ul><div>\u00a0<\/div><div>\u00a0<\/div>\t\t\t\t\t\t\t\t<\/div>\n\t\t\t\t<\/div>\n\t\t\t\t<div class=\"elementor-element elementor-element-aacc503 elementor-widget elementor-widget-spacer\" data-id=\"aacc503\" data-element_type=\"widget\" data-e-type=\"widget\" data-widget_type=\"spacer.default\">\n\t\t\t\t<div class=\"elementor-widget-container\">\n\t\t\t\t\t\t\t<div class=\"elementor-spacer\">\n\t\t\t<div class=\"elementor-spacer-inner\"><\/div>\n\t\t<\/div>\n\t\t\t\t\t\t<\/div>\n\t\t\t\t<\/div>\n\t\t\t\t\t<\/div>\n\t\t<\/div>\n\t\t\t\t\t<\/div>\n\t\t<\/section>\n\t\t\t\t<section class=\"elementor-section elementor-top-section elementor-element elementor-element-b31ae90 elementor-section-boxed elementor-section-height-default elementor-section-height-default\" data-id=\"b31ae90\" data-element_type=\"section\" data-e-type=\"section\" data-settings=\"{&quot;shape_divider_top&quot;:&quot;clouds&quot;}\">\n\t\t\t\t\t<div class=\"elementor-shape elementor-shape-top\" aria-hidden=\"true\" data-negative=\"false\">\n\t\t\t<svg xmlns=\"http:\/\/www.w3.org\/2000\/svg\" viewBox=\"0 0 283.5 27.8\" preserveAspectRatio=\"xMidYMax slice\">\n  <path class=\"elementor-shape-fill\" d=\"M0 0v6.7c1.9-.8 4.7-1.4 8.5-1 9.5 1.1 11.1 6 11.1 6s2.1-.7 4.3-.2c2.1.5 2.8 2.6 2.8 2.6s.2-.5 1.4-.7c1.2-.2 1.7.2 1.7.2s0-2.1 1.9-2.8c1.9-.7 3.6.7 3.6.7s.7-2.9 3.1-4.1 4.7 0 4.7 0 1.2-.5 2.4 0 1.7 1.4 1.7 1.4h1.4c.7 0 1.2.7 1.2.7s.8-1.8 4-2.2c3.5-.4 5.3 2.4 6.2 4.4.4-.4 1-.7 1.8-.9 2.8-.7 4 .7 4 .7s1.7-5 11.1-6c9.5-1.1 12.3 3.9 12.3 3.9s1.2-4.8 5.7-5.7c4.5-.9 6.8 1.8 6.8 1.8s.6-.6 1.5-.9c.9-.2 1.9-.2 1.9-.2s5.2-6.4 12.6-3.3c7.3 3.1 4.7 9 4.7 9s1.9-.9 4 0 2.8 2.4 2.8 2.4 1.9-1.2 4.5-1.2 4.3 1.2 4.3 1.2.2-1 1.4-1.7 2.1-.7 2.1-.7-.5-3.1 2.1-5.5 5.7-1.4 5.7-1.4 1.5-2.3 4.2-1.1c2.7 1.2 1.7 5.2 1.7 5.2s.3-.1 1.3.5c.5.4.8.8.9 1.1.5-1.4 2.4-5.8 8.4-4 7.1 2.1 3.5 8.9 3.5 8.9s.8-.4 2 0 1.1 1.1 1.1 1.1 1.1-1.1 2.3-1.1 2.1.5 2.1.5 1.9-3.6 6.2-1.2 1.9 6.4 1.9 6.4 2.6-2.4 7.4 0c3.4 1.7 3.9 4.9 3.9 4.9s3.3-6.9 10.4-7.9 11.5 2.6 11.5 2.6.8 0 1.2.2c.4.2.9.9.9.9s4.4-3.1 8.3.2c1.9 1.7 1.5 5 1.5 5s.3-1.1 1.6-1.4c1.3-.3 2.3.2 2.3.2s-.1-1.2.5-1.9 1.9-.9 1.9-.9-4.7-9.3 4.4-13.4c5.6-2.5 9.2.9 9.2.9s5-6.2 15.9-6.2 16.1 8.1 16.1 8.1.7-.2 1.6-.4V0H0z\"\/>\n<\/svg>\n\t\t<\/div>\n\t\t\t\t\t<div class=\"elementor-container elementor-column-gap-default\">\n\t\t\t\t\t<div class=\"elementor-column elementor-col-100 elementor-top-column elementor-element elementor-element-37a5c2f\" data-id=\"37a5c2f\" data-element_type=\"column\" data-e-type=\"column\">\n\t\t\t<div class=\"elementor-widget-wrap elementor-element-populated\">\n\t\t\t\t\t\t<div class=\"elementor-element elementor-element-3d9a45e elementor-widget elementor-widget-heading\" data-id=\"3d9a45e\" data-element_type=\"widget\" data-e-type=\"widget\" data-widget_type=\"heading.default\">\n\t\t\t\t<div class=\"elementor-widget-container\">\n\t\t\t\t\t<h5 class=\"elementor-heading-title elementor-size-default\">Autres Ressources<\/h5>\t\t\t\t<\/div>\n\t\t\t\t<\/div>\n\t\t\t\t<div class=\"elementor-element elementor-element-e4a082c elementor-widget elementor-widget-text-editor\" data-id=\"e4a082c\" data-element_type=\"widget\" data-e-type=\"widget\" data-widget_type=\"text-editor.default\">\n\t\t\t\t<div class=\"elementor-widget-container\">\n\t\t\t\t\t\t\t\t\t<p>Tous les parents ont \u00e0 c\u0153ur le d\u00e9veloppement sain de leur enfant. Vous trouverez dans cette section des liens \u00e0 diff\u00e9rents sites Web portant sur le d\u00e9veloppement holistique des enfants.<\/p><p><strong><a href=\"http:\/\/www.edu.gov.on.ca\/abc123\/fre\/tips\" target=\"_blank\" rel=\"noopener noreferrer\">Minist\u00e8re de l\u2019\u00c9ducation<\/a><\/strong><br \/>Le minist\u00e8re de l\u2019\u00c9ducation offre diff\u00e9rentes id\u00e9es pour utiliser des situations de tous les jours comme situation d\u2019apprentissage avec vos enfants.\u00a0<span style=\"text-decoration: underline;\"><strong><a href=\"https:\/\/laboiteasoleil.ca\/fra\/wp-content\/uploads\/2016\/10\/what-parents-need-to-know-fr-08062015.pdf\" target=\"_blank\" rel=\"noopener\">La nouvelle loi sur la garde d\u2019enfants et la petite enfance<\/a><\/strong><\/span><\/p><p><strong><a href=\"https:\/\/www.tfo.org\/minitfo\" target=\"_blank\" rel=\"noopener noreferrer\">MiniTFO<\/a><\/strong><br \/>La t\u00e9l\u00e9vision \u00e9ducative franco-ontarienne (MiniTFO) offre des jeux, des vid\u00e9os et des apps pour vos appareils mobiles pour les enfants \u00e0 partir de 2 ans!<\/p><p><strong><a href=\"http:\/\/www.hc-sc.gc.ca\/fn-an\/alt_formats\/hpfb-dgpsa\/pdf\/food-guide-aliment\/view_eatwell_vue_bienmang-fra.pdf\" target=\"_blank\" rel=\"noopener noreferrer\">Le guide alimentaire canadien<\/a><\/strong><br \/>Est-ce que votre enfant mange assez de fruits et de l\u00e9gumes? Combien de portion devrions-nous manger? Le guide alimentaire canadien donne l\u2019information n\u00e9cessaire pour que votre famille soit en bonne sant\u00e9.<\/p><p><strong><a href=\"http:\/\/naitreetgrandir.com\/fr\/\" target=\"_blank\" rel=\"noopener noreferrer\">Na\u00eetre et grandir<\/a><\/strong><br \/>De l\u2019information sur le d\u00e9veloppement, le langage, le comportement, l\u2019alimentation de la grossesse et l\u2019enfance jusqu\u2019\u00e0 5 ans.<\/p>\t\t\t\t\t\t\t\t<\/div>\n\t\t\t\t<\/div>\n\t\t\t\t\t<\/div>\n\t\t<\/div>\n\t\t\t\t\t<\/div>\n\t\t<\/section>\n\t\t\t\t<section class=\"elementor-section elementor-top-section elementor-element elementor-element-d0f8c35 elementor-section-boxed elementor-section-height-default elementor-section-height-default\" data-id=\"d0f8c35\" data-element_type=\"section\" data-e-type=\"section\">\n\t\t\t\t\t\t<div class=\"elementor-container elementor-column-gap-default\">\n\t\t\t\t\t<div class=\"elementor-column elementor-col-33 elementor-top-column elementor-element elementor-element-a4d16de\" data-id=\"a4d16de\" data-element_type=\"column\" data-e-type=\"column\">\n\t\t\t<div class=\"elementor-widget-wrap elementor-element-populated\">\n\t\t\t\t\t\t<div class=\"elementor-element elementor-element-d889c24 elementor-widget elementor-widget-text-editor\" data-id=\"d889c24\" data-element_type=\"widget\" data-e-type=\"widget\" data-widget_type=\"text-editor.default\">\n\t\t\t\t<div class=\"elementor-widget-container\">\n\t\t\t\t\t\t\t\t\t<h5><strong>Ressources pour les parents<\/strong><\/h5><p><a href=\"http:\/\/www.123boutchou.com\" target=\"_blank\" rel=\"noopener noreferrer\">www.123boutchou.com<\/a><br \/><a href=\"http:\/\/www.familyinfo.ca\" target=\"_blank\" rel=\"noopener noreferrer\">www.familyinfo.ca<\/a><br \/><a href=\"http:\/\/www.investirdanslenfance.ca\" target=\"_blank\" rel=\"noopener noreferrer\">www.investirdanslenfance.ca<\/a><br \/><a href=\"http:\/\/www.lavieavecunnouveaubebe.ca\" target=\"_blank\" rel=\"noopener noreferrer\">www.lavieavecunnouveaubebe.ca<\/a><br \/><a href=\"http:\/\/www.safetyvillage.ca\" target=\"_blank\" rel=\"noopener noreferrer\">www.safetyvillage.ca<\/a><br \/><a href=\"http:\/\/www.afeseo.ca\" target=\"_blank\" rel=\"noopener noreferrer\">www.afeseo.ca<\/a><br \/><a href=\"http:\/\/www.breastfeedingniagara.ca\/\" target=\"_blank\" rel=\"noopener\">www.breastfeedingniagara.ca<\/a><br \/><a href=\"http:\/\/www.endds.com\/\" target=\"_blank\" rel=\"noopener\">www.endds.com<\/a><br \/><a href=\"http:\/\/www.healthybabyhealthybrain.ca\/\" target=\"_blank\" rel=\"noopener\">www.healthybabyhealthybrain.ca<\/a><br \/><a href=\"http:\/\/www.triplepontario.ca\/\" target=\"_blank\" rel=\"noopener\">www.triplepontario.ca<\/a><\/p>\t\t\t\t\t\t\t\t<\/div>\n\t\t\t\t<\/div>\n\t\t\t\t\t<\/div>\n\t\t<\/div>\n\t\t\t\t<div class=\"elementor-column elementor-col-33 elementor-top-column elementor-element elementor-element-ab02808\" data-id=\"ab02808\" data-element_type=\"column\" data-e-type=\"column\">\n\t\t\t<div class=\"elementor-widget-wrap elementor-element-populated\">\n\t\t\t\t\t\t<div class=\"elementor-element elementor-element-4bd707c elementor-widget elementor-widget-text-editor\" data-id=\"4bd707c\" data-element_type=\"widget\" data-e-type=\"widget\" data-widget_type=\"text-editor.default\">\n\t\t\t\t<div class=\"elementor-widget-container\">\n\t\t\t\t\t\t\t\t\t<h5><strong>Ressources\u00a0pour les enfants<\/strong><\/h5><p><a href=\"http:\/\/www.educatout.com\" target=\"_blank\" rel=\"noopener noreferrer\">www.educatout.com<\/a><br \/><a href=\"http:\/\/www.prescolaire.com\" target=\"_blank\" rel=\"noopener noreferrer\">www.prescolaire.com<\/a><br \/><a href=\"http:\/\/www.auxpetitesmains.net\" target=\"_blank\" rel=\"noopener noreferrer\">www.auxpetitesmains.net<\/a><br \/><a href=\"http:\/\/www.toupty.com\" target=\"_blank\" rel=\"noopener noreferrer\">www.toupty.com<\/a><br \/><a href=\"http:\/\/www.tfo.org\" target=\"_blank\" rel=\"noopener noreferrer\">www.tfo.org<\/a><\/p>\t\t\t\t\t\t\t\t<\/div>\n\t\t\t\t<\/div>\n\t\t\t\t\t<\/div>\n\t\t<\/div>\n\t\t\t\t<div class=\"elementor-column elementor-col-33 elementor-top-column elementor-element elementor-element-608b6f7\" data-id=\"608b6f7\" data-element_type=\"column\" data-e-type=\"column\">\n\t\t\t<div class=\"elementor-widget-wrap elementor-element-populated\">\n\t\t\t\t\t\t<div class=\"elementor-element elementor-element-07edd25 elementor-widget elementor-widget-text-editor\" data-id=\"07edd25\" data-element_type=\"widget\" data-e-type=\"widget\" data-widget_type=\"text-editor.default\">\n\t\t\t\t<div class=\"elementor-widget-container\">\n\t\t\t\t\t\t\t\t\t<h5><strong>Sant\u00e9<\/strong><\/h5><p><a href=\"http:\/\/www.soinsdenosenfants.cps.ca\/\" target=\"_blank\" rel=\"noopener noreferrer\">www.soinsdenosenfants.cps.ca<\/a><br \/><a href=\"http:\/\/www.thehealthline.ca\/\" target=\"_blank\" rel=\"noopener noreferrer\">www.thehealthline.ca<br \/><\/a><a href=\"http:\/\/www.nutritionscreen.ca\/default.aspx?lang=fr\" target=\"_blank\" rel=\"noopener noreferrer\">www.nutritionscreen.ca<\/a><br \/><a href=\"http:\/\/www.activehealthykids.ca\/\" target=\"_blank\" rel=\"noopener\">www.activehealthykids.ca<br \/><\/a><a href=\"http:\/\/www.caringforkids.cps.ca\/\" target=\"_blank\" rel=\"noopener\">www.caringforkids.cps.ca<\/a><br \/><a href=\"http:\/\/www.eatrightontario.ca\/\" target=\"_blank\" rel=\"noopener\">www.eatrightontario.ca<\/a><br \/><a href=\"http:\/\/www.parachutecanada.org\/\" target=\"_blank\" rel=\"noopener\">www.parachutecanada.org<\/a><br \/><a href=\"http:\/\/www.niagararegion.ca\/health\" target=\"_blank\" rel=\"noopener\">www.niagararegion.ca\/health<\/a><br \/><a href=\"http:\/\/www.participaction.com\/\" target=\"_blank\" rel=\"noopener\">www.participaction.com<\/a><br \/><a href=\"http:\/\/www.phac-aspc.gc.ca\/\" target=\"_blank\" rel=\"noopener\">www.phac-aspc.gc.ca<\/a><br \/><a href=\"http:\/\/www.machealth.ca\/\" target=\"_blank\" rel=\"noopener\">www.machealth.ca<\/a><\/p>\t\t\t\t\t\t\t\t<\/div>\n\t\t\t\t<\/div>\n\t\t\t\t\t<\/div>\n\t\t<\/div>\n\t\t\t\t\t<\/div>\n\t\t<\/section>\n\t\t\t\t<\/div>\n\t\t","protected":false},"excerpt":{"rendered":"<p>Communication La Bo\u00eete \u00e0 soleil est un centre \u00e9ducatif francophone. Cela signifie que le fran\u00e7ais est la langue officielle et la langue parl\u00e9e en tout temps dans tous nos centres.\u00a0 Toutefois, pour assurer une bonne communication entre les familles et le centre, nous communiquons avec les parents en anglais et en fran\u00e7ais. Nous demandons \u00e9galement [&hellip;]<\/p>\n","protected":false},"author":1,"featured_media":0,"parent":0,"menu_order":0,"comment_status":"closed","ping_status":"closed","template":"","meta":{"_monsterinsights_skip_tracking":false,"_monsterinsights_sitenote_active":false,"_monsterinsights_sitenote_note":"","_monsterinsights_sitenote_category":0,"footnotes":""},"class_list":["post-394","page","type-page","status-publish","hentry"],"_links":{"self":[{"href":"https:\/\/laboiteasoleil.ca\/fra\/wp-json\/wp\/v2\/pages\/394","targetHints":{"allow":["GET"]}}],"collection":[{"href":"https:\/\/laboiteasoleil.ca\/fra\/wp-json\/wp\/v2\/pages"}],"about":[{"href":"https:\/\/laboiteasoleil.ca\/fra\/wp-json\/wp\/v2\/types\/page"}],"author":[{"embeddable":true,"href":"https:\/\/laboiteasoleil.ca\/fra\/wp-json\/wp\/v2\/users\/1"}],"replies":[{"embeddable":true,"href":"https:\/\/laboiteasoleil.ca\/fra\/wp-json\/wp\/v2\/comments?post=394"}],"version-history":[{"count":43,"href":"https:\/\/laboiteasoleil.ca\/fra\/wp-json\/wp\/v2\/pages\/394\/revisions"}],"predecessor-version":[{"id":8240,"href":"https:\/\/laboiteasoleil.ca\/fra\/wp-json\/wp\/v2\/pages\/394\/revisions\/8240"}],"wp:attachment":[{"href":"https:\/\/laboiteasoleil.ca\/fra\/wp-json\/wp\/v2\/media?parent=394"}],"curies":[{"name":"wp","href":"https:\/\/api.w.org\/{rel}","templated":true}]}}