{"id":61,"date":"2015-07-20T04:24:22","date_gmt":"2015-07-20T04:24:22","guid":{"rendered":"https:\/\/staging.laboiteasoleil.ca\/fra\/?page_id=61"},"modified":"2025-01-15T19:06:51","modified_gmt":"2025-01-15T19:06:51","slug":"pour-nos-familles","status":"publish","type":"page","link":"https:\/\/laboiteasoleil.ca\/fra\/pour-nos-familles\/","title":{"rendered":"Pour nos familles"},"content":{"rendered":"\t\t<div data-elementor-type=\"wp-page\" data-elementor-id=\"61\" class=\"elementor elementor-61\" data-elementor-post-type=\"page\">\n\t\t\t\t\t\t<section class=\"elementor-section elementor-top-section elementor-element elementor-element-1223c4b3 elementor-section-boxed elementor-section-height-default elementor-section-height-default\" data-id=\"1223c4b3\" data-element_type=\"section\" data-e-type=\"section\" data-settings=\"{&quot;shape_divider_bottom&quot;:&quot;clouds&quot;,&quot;shape_divider_bottom_negative&quot;:&quot;yes&quot;}\">\n\t\t\t\t\t<div class=\"elementor-shape elementor-shape-bottom\" aria-hidden=\"true\" data-negative=\"true\">\n\t\t\t<svg xmlns=\"http:\/\/www.w3.org\/2000\/svg\" viewBox=\"0 0 283.5 27.8\" preserveAspectRatio=\"xMidYMax slice\">\n\t<path class=\"elementor-shape-fill\" d=\"M265.8 3.5c-10.9 0-15.9 6.2-15.9 6.2s-3.6-3.5-9.2-.9c-9.1 4.1-4.4 13.4-4.4 13.4s-1.2.2-1.9.9c-.6.7-.5 1.9-.5 1.9s-1-.5-2.3-.2c-1.3.3-1.6 1.4-1.6 1.4s.4-3.4-1.5-5c-3.9-3.4-8.3-.2-8.3-.2s-.6-.7-.9-.9c-.4-.2-1.2-.2-1.2-.2s-4.4-3.6-11.5-2.6-10.4 7.9-10.4 7.9-.5-3.3-3.9-4.9c-4.8-2.4-7.4 0-7.4 0s2.4-4.1-1.9-6.4-6.2 1.2-6.2 1.2-.9-.5-2.1-.5-2.3 1.1-2.3 1.1.1-.7-1.1-1.1c-1.2-.4-2 0-2 0s3.6-6.8-3.5-8.9c-6-1.8-7.9 2.6-8.4 4-.1-.3-.4-.7-.9-1.1-1-.7-1.3-.5-1.3-.5s1-4-1.7-5.2c-2.7-1.2-4.2 1.1-4.2 1.1s-3.1-1-5.7 1.4-2.1 5.5-2.1 5.5-.9 0-2.1.7-1.4 1.7-1.4 1.7-1.7-1.2-4.3-1.2c-2.6 0-4.5 1.2-4.5 1.2s-.7-1.5-2.8-2.4c-2.1-.9-4 0-4 0s2.6-5.9-4.7-9c-7.3-3.1-12.6 3.3-12.6 3.3s-.9 0-1.9.2c-.9.2-1.5.9-1.5.9S99.4 3 94.9 3.9c-4.5.9-5.7 5.7-5.7 5.7s-2.8-5-12.3-3.9-11.1 6-11.1 6-1.2-1.4-4-.7c-.8.2-1.3.5-1.8.9-.9-2.1-2.7-4.9-6.2-4.4-3.2.4-4 2.2-4 2.2s-.5-.7-1.2-.7h-1.4s-.5-.9-1.7-1.4-2.4 0-2.4 0-2.4-1.2-4.7 0-3.1 4.1-3.1 4.1-1.7-1.4-3.6-.7c-1.9.7-1.9 2.8-1.9 2.8s-.5-.5-1.7-.2c-1.2.2-1.4.7-1.4.7s-.7-2.3-2.8-2.8c-2.1-.5-4.3.2-4.3.2s-1.7-5-11.1-6c-3.8-.4-6.6.2-8.5 1v21.2h283.5V11.1c-.9.2-1.6.4-1.6.4s-5.2-8-16.1-8z\"\/>\n<\/svg>\n\t\t<\/div>\n\t\t\t\t\t<div class=\"elementor-container elementor-column-gap-default\">\n\t\t\t\t\t<div class=\"elementor-column elementor-col-100 elementor-top-column elementor-element elementor-element-777790dd\" data-id=\"777790dd\" data-element_type=\"column\" data-e-type=\"column\">\n\t\t\t<div class=\"elementor-widget-wrap elementor-element-populated\">\n\t\t\t\t\t\t<div class=\"elementor-element elementor-element-28170cb elementor-widget elementor-widget-heading\" data-id=\"28170cb\" data-element_type=\"widget\" data-e-type=\"widget\" data-widget_type=\"heading.default\">\n\t\t\t\t<div class=\"elementor-widget-container\">\n\t\t\t\t\t<h5 class=\"elementor-heading-title elementor-size-default\">Merci d\u2019avoir choisi La Bo\u00eete \u00e0 soleil.<\/h5>\t\t\t\t<\/div>\n\t\t\t\t<\/div>\n\t\t\t\t<div class=\"elementor-element elementor-element-9d349bd elementor-widget elementor-widget-text-editor\" data-id=\"9d349bd\" data-element_type=\"widget\" data-e-type=\"widget\" data-widget_type=\"text-editor.default\">\n\t\t\t\t<div class=\"elementor-widget-container\">\n\t\t\t\t\t\t\t\t\t<header><h4>Inscrivez-vous en ligne<\/h4><\/header><div><p><img fetchpriority=\"high\" decoding=\"async\" class=\"alignright wp-image-6378 size-full\" src=\"https:\/\/laboiteasoleil.ca\/fra\/wp-content\/uploads\/2024\/06\/incrivez-enligne.jpg\" alt=\"\" width=\"418\" height=\"454\" srcset=\"https:\/\/laboiteasoleil.ca\/fra\/wp-content\/uploads\/2024\/06\/incrivez-enligne.jpg 418w, https:\/\/laboiteasoleil.ca\/fra\/wp-content\/uploads\/2024\/06\/incrivez-enligne-276x300.jpg 276w\" sizes=\"(max-width: 418px) 100vw, 418px\" \/><\/p><p>Vous trouverez ci-dessous les \u00e9tapes \u00e0 suivre pour vous inscrire dans l\u2019un de nos sept centres francophones de la r\u00e9gion du Niagara.<\/p><ol><li>S\u2019il vous pla\u00eet, visitez notre\u00a0<a href=\"https:\/\/www.laboiteasoleil.ca\/fra\/ressources-pour-linscription\/\"><strong>page de ressources<\/strong><\/a>\u00a0qui comprend la FAQ et le Guide d\u2019inscription. Ces ressources utiles sont \u00e0 la disposition des parents pour s\u2019assurer qu\u2019ils sont bien inform\u00e9s sur nos services et disposent de toutes les informations n\u00e9cessaires pour commencer l\u2019inscription.<\/li><li>Cr\u00e9ez un compte sur le \u00ab\u2009<a href=\"https:\/\/niagara.onehsn.com\/\" target=\"_blank\" rel=\"noopener\"><strong>Niagara Child Care Registry<\/strong><\/a>\u00a0 \u00bb . Le \u00ab\u2009Niagara Child Care Registry\u2009\u00bb ou (\u00ab\u2009Onelist\u2009\u00bb) est utilis\u00e9 comme liste d\u2019attente pour les 7 centres de La Bo\u00eete \u00e0 soleil. En s\u00e9lectionnant l\u2019un des sites de La Bo\u00eete \u00e0 soleil, vous serez automatiquement plac\u00e9 sur la liste d\u2019attente de ce centre.<\/li><li>Lorsqu\u2019une place sera disponible, nous vous contacterons pour commencer le processus d\u2019inscription en utilisant les informations sur le \u00ab\u2009Onelist\u2009\u00bb.<\/li><li>Une fois que vous aurez accept\u00e9 la place, nous g\u00e9n\u00e9rerons une offre d&#8217;admission via le portail Digibot pour les parents. Vous recevrez alors un courriel contenant des instructions pour activer votre compte. Lors de la cr\u00e9ation de votre compte, vous serez invit\u00e9 \u00e0 remplir tous les formulaires requis et \u00e0 donner votre consentement, y compris les plans m\u00e9dicaux et de soutien, le cas \u00e9ch\u00e9ant.<\/li><li>Utilisez la <strong><a href=\"https:\/\/www.niagararegion.ca\/living\/childcare\/financial-assistance\/child-care-calculator.aspx\" target=\"_blank\" rel=\"noopener\">calculatrice ici<\/a><\/strong> pour d\u00e9terminer si vous \u00eates admissible \u00e0 une subvention des frais de garde avec la r\u00e9gion du Niagara.<\/li><\/ol><p>Si vous avez des questions tout au long de ce processus, vous pouvez contacter Marie-Eve LeBreton au 905-735-1840, poste 28 ou \u00e0 <strong><a href=\"mailto:inscription@laboiteasoleil.ca\">inscription@laboiteasoleil.ca<\/a><\/strong>.<\/p><p><strong>N.B.<\/strong>\u00a0Nos courriels vont parfois directement dans le dossier \u00ab\u2009Junk\u2009\u00bb. Veuillez v\u00e9rifier ce dossier r\u00e9guli\u00e8rement pour vous assurer de recevoir nos communications.<\/p><\/div>\t\t\t\t\t\t\t\t<\/div>\n\t\t\t\t<\/div>\n\t\t\t\t<div class=\"elementor-element elementor-element-547a4d0 elementor-widget elementor-widget-button\" data-id=\"547a4d0\" data-element_type=\"widget\" data-e-type=\"widget\" data-widget_type=\"button.default\">\n\t\t\t\t<div class=\"elementor-widget-container\">\n\t\t\t\t\t\t\t\t\t<div class=\"elementor-button-wrapper\">\n\t\t\t\t\t<a class=\"elementor-button elementor-button-link elementor-size-sm\" href=\"https:\/\/laboiteasoleil.ca\/fra\/ressources-pour-linscription\/\">\n\t\t\t\t\t\t<span class=\"elementor-button-content-wrapper\">\n\t\t\t\t\t\t\t\t\t<span class=\"elementor-button-text\">Ressources pour l\u2019inscription<\/span>\n\t\t\t\t\t<\/span>\n\t\t\t\t\t<\/a>\n\t\t\t\t<\/div>\n\t\t\t\t\t\t\t\t<\/div>\n\t\t\t\t<\/div>\n\t\t\t\t<div class=\"elementor-element elementor-element-d51e28f elementor-widget elementor-widget-spacer\" data-id=\"d51e28f\" data-element_type=\"widget\" data-e-type=\"widget\" data-widget_type=\"spacer.default\">\n\t\t\t\t<div class=\"elementor-widget-container\">\n\t\t\t\t\t\t\t<div class=\"elementor-spacer\">\n\t\t\t<div class=\"elementor-spacer-inner\"><\/div>\n\t\t<\/div>\n\t\t\t\t\t\t<\/div>\n\t\t\t\t<\/div>\n\t\t\t\t\t<\/div>\n\t\t<\/div>\n\t\t\t\t\t<\/div>\n\t\t<\/section>\n\t\t\t\t<section class=\"elementor-section elementor-top-section elementor-element elementor-element-d0b9e43 elementor-section-boxed elementor-section-height-default elementor-section-height-default\" data-id=\"d0b9e43\" data-element_type=\"section\" data-e-type=\"section\" data-settings=\"{&quot;shape_divider_top&quot;:&quot;clouds&quot;}\">\n\t\t\t\t\t<div class=\"elementor-shape elementor-shape-top\" aria-hidden=\"true\" data-negative=\"false\">\n\t\t\t<svg xmlns=\"http:\/\/www.w3.org\/2000\/svg\" viewBox=\"0 0 283.5 27.8\" preserveAspectRatio=\"xMidYMax slice\">\n  <path class=\"elementor-shape-fill\" d=\"M0 0v6.7c1.9-.8 4.7-1.4 8.5-1 9.5 1.1 11.1 6 11.1 6s2.1-.7 4.3-.2c2.1.5 2.8 2.6 2.8 2.6s.2-.5 1.4-.7c1.2-.2 1.7.2 1.7.2s0-2.1 1.9-2.8c1.9-.7 3.6.7 3.6.7s.7-2.9 3.1-4.1 4.7 0 4.7 0 1.2-.5 2.4 0 1.7 1.4 1.7 1.4h1.4c.7 0 1.2.7 1.2.7s.8-1.8 4-2.2c3.5-.4 5.3 2.4 6.2 4.4.4-.4 1-.7 1.8-.9 2.8-.7 4 .7 4 .7s1.7-5 11.1-6c9.5-1.1 12.3 3.9 12.3 3.9s1.2-4.8 5.7-5.7c4.5-.9 6.8 1.8 6.8 1.8s.6-.6 1.5-.9c.9-.2 1.9-.2 1.9-.2s5.2-6.4 12.6-3.3c7.3 3.1 4.7 9 4.7 9s1.9-.9 4 0 2.8 2.4 2.8 2.4 1.9-1.2 4.5-1.2 4.3 1.2 4.3 1.2.2-1 1.4-1.7 2.1-.7 2.1-.7-.5-3.1 2.1-5.5 5.7-1.4 5.7-1.4 1.5-2.3 4.2-1.1c2.7 1.2 1.7 5.2 1.7 5.2s.3-.1 1.3.5c.5.4.8.8.9 1.1.5-1.4 2.4-5.8 8.4-4 7.1 2.1 3.5 8.9 3.5 8.9s.8-.4 2 0 1.1 1.1 1.1 1.1 1.1-1.1 2.3-1.1 2.1.5 2.1.5 1.9-3.6 6.2-1.2 1.9 6.4 1.9 6.4 2.6-2.4 7.4 0c3.4 1.7 3.9 4.9 3.9 4.9s3.3-6.9 10.4-7.9 11.5 2.6 11.5 2.6.8 0 1.2.2c.4.2.9.9.9.9s4.4-3.1 8.3.2c1.9 1.7 1.5 5 1.5 5s.3-1.1 1.6-1.4c1.3-.3 2.3.2 2.3.2s-.1-1.2.5-1.9 1.9-.9 1.9-.9-4.7-9.3 4.4-13.4c5.6-2.5 9.2.9 9.2.9s5-6.2 15.9-6.2 16.1 8.1 16.1 8.1.7-.2 1.6-.4V0H0z\"\/>\n<\/svg>\n\t\t<\/div>\n\t\t\t\t\t<div class=\"elementor-container elementor-column-gap-default\">\n\t\t\t\t\t<div class=\"elementor-column elementor-col-100 elementor-top-column elementor-element elementor-element-5304aee\" data-id=\"5304aee\" data-element_type=\"column\" data-e-type=\"column\">\n\t\t\t<div class=\"elementor-widget-wrap elementor-element-populated\">\n\t\t\t\t\t\t<div class=\"elementor-element elementor-element-1618d5c elementor-widget elementor-widget-heading\" data-id=\"1618d5c\" data-element_type=\"widget\" data-e-type=\"widget\" data-widget_type=\"heading.default\">\n\t\t\t\t<div class=\"elementor-widget-container\">\n\t\t\t\t\t<h2 class=\"elementor-heading-title elementor-size-default\">Portail des parents avec Digibot<\/h2>\t\t\t\t<\/div>\n\t\t\t\t<\/div>\n\t\t\t\t<div class=\"elementor-element elementor-element-30fc88e elementor-widget elementor-widget-text-editor\" data-id=\"30fc88e\" data-element_type=\"widget\" data-e-type=\"widget\" data-widget_type=\"text-editor.default\">\n\t\t\t\t<div class=\"elementor-widget-container\">\n\t\t\t\t\t\t\t\t\t<p><img decoding=\"async\" class=\"alignright\" src=\"https:\/\/laboiteasoleil.ca\/fra\/wp-content\/uploads\/2024\/06\/digibot_updatedlogo_blue_web.png\" alt=\"\" width=\"417\" height=\"151\"><\/p>\n<p>Digibot transforme votre mani\u00e8re de suivre l&#8217;apprentissage et le d\u00e9veloppement de votre enfant au sein de notre programme!<\/p>\n<p>Les fonctionnalit\u00e9s comprennent:<\/p>\n<ul>\n<li>Compte-rendu de la journ\u00e9e de votre enfant, incluant les repas, les changements de couches, l&#8217;horaire de sommeil et les activit\u00e9s d&#8217;apprentissage (le niveau de d\u00e9tail peut varier selon le groupe d&#8217;\u00e2ge et la taille du groupe).<\/li>\n<li>Histoires d&#8217;apprentissage individuelles et collectives des photos et des vid\u00e9os<\/li>\n<li>Un menu des repas et des collations propos\u00e9s chaque jour (uniquement pour les enfants en bas \u00e2ge, les jeunes enfants et les enfants d&#8217;\u00e2ge pr\u00e9scolaire).<\/li>\n<li>Stockage s\u00e9curis\u00e9 des coordonn\u00e9es de la famille et des personnes \u00e0 contacter en cas d&#8217;urgence, ainsi que des donn\u00e9es relatives \u00e0 l&#8217;inscription et \u00e0 la sortie quotidiennes.<\/li>\n<li>Des formulaires d&#8217;inscription et de consentement accessibles et conviviaux (par exemple, allergies, conditions m\u00e9dicales et besoins de soutien).<\/li>\n<\/ul>\n<p><span style=\"background-color: transparent; font-family: var( --e-global-typography-text-font-family ), Sans-serif; font-weight: var( --e-global-typography-text-font-weight );\">Nous sommes impatients de renforcer notre partenariat avec vous gr\u00e2ce \u00e0 cet outil innovant.<\/span><\/p>\n<p>Cliquez sur le lien ci-dessous pour acc\u00e9der directement \u00e0 notre portail parental. Vous pouvez y cr\u00e9er votre compte et apporter des modifications \u00e0 votre compte existant.<\/p>\t\t\t\t\t\t\t\t<\/div>\n\t\t\t\t<\/div>\n\t\t\t\t<div class=\"elementor-element elementor-element-c55901c elementor-widget elementor-widget-button\" data-id=\"c55901c\" data-element_type=\"widget\" data-e-type=\"widget\" data-widget_type=\"button.default\">\n\t\t\t\t<div class=\"elementor-widget-container\">\n\t\t\t\t\t\t\t\t\t<div class=\"elementor-button-wrapper\">\n\t\t\t\t\t<a class=\"elementor-button elementor-button-link elementor-size-sm\" href=\"https:\/\/redirect.digibotservices.ca\/p\/client\/6612\" target=\"_blank\">\n\t\t\t\t\t\t<span class=\"elementor-button-content-wrapper\">\n\t\t\t\t\t\t\t\t\t<span class=\"elementor-button-text\">Portail des parents Digibot<\/span>\n\t\t\t\t\t<\/span>\n\t\t\t\t\t<\/a>\n\t\t\t\t<\/div>\n\t\t\t\t\t\t\t\t<\/div>\n\t\t\t\t<\/div>\n\t\t\t\t<div class=\"elementor-element elementor-element-9f099a8 elementor-cta--skin-cover elementor-animated-content elementor-bg-transform elementor-bg-transform-zoom-in elementor-widget elementor-widget-call-to-action\" data-id=\"9f099a8\" data-element_type=\"widget\" data-e-type=\"widget\" data-widget_type=\"call-to-action.default\">\n\t\t\t\t<div class=\"elementor-widget-container\">\n\t\t\t\t\t\t\t<div class=\"elementor-cta\">\n\t\t\t\t\t<div class=\"elementor-cta__bg-wrapper\">\n\t\t\t\t<div class=\"elementor-cta__bg elementor-bg\" style=\"background-image: url(https:\/\/laboiteasoleil.ca\/fra\/wp-content\/uploads\/2022\/06\/Untitled-design-3-1-1024x454.jpg);\" role=\"img\" aria-label=\"Untitled-design-3\"><\/div>\n\t\t\t\t<div class=\"elementor-cta__bg-overlay\"><\/div>\n\t\t\t<\/div>\n\t\t\t\t\t\t\t<div class=\"elementor-cta__content\">\n\t\t\t\t\n\t\t\t\t\t\t\t\t\t<h2 class=\"elementor-cta__title elementor-cta__content-item elementor-content-item elementor-animated-item--grow\">\n\t\t\t\t\t\tGuide pour les parents\t\t\t\t\t<\/h2>\n\t\t\t\t\n\t\t\t\t\t\t\t\t\t<div class=\"elementor-cta__description elementor-cta__content-item elementor-content-item elementor-animated-item--grow\">\n\t\t\t\t\t\tVeuillez consulter notre guide pour les parents pour prendre connaissance de nos politiques et proc\u00e9dures.\t\t\t\t\t<\/div>\n\t\t\t\t\n\t\t\t\t\t\t\t\t\t<div class=\"elementor-cta__button-wrapper elementor-cta__content-item elementor-content-item elementor-animated-item--grow\">\n\t\t\t\t\t<a class=\"elementor-cta__button elementor-button elementor-size-\" href=\"https:\/\/laboiteasoleil.ca\/fra\/guide-des-parents\/\">\n\t\t\t\t\t\tT\u00e9l\u00e9charger le PDF\t\t\t\t\t<\/a>\n\t\t\t\t\t<\/div>\n\t\t\t\t\t\t\t<\/div>\n\t\t\t\t\t\t<\/div>\n\t\t\t\t\t\t<\/div>\n\t\t\t\t<\/div>\n\t\t\t\t\t<\/div>\n\t\t<\/div>\n\t\t\t\t\t<\/div>\n\t\t<\/section>\n\t\t\t\t<\/div>\n\t\t","protected":false},"excerpt":{"rendered":"<p>Merci d\u2019avoir choisi La Bo\u00eete \u00e0 soleil. Inscrivez-vous en ligne Vous trouverez ci-dessous les \u00e9tapes \u00e0 suivre pour vous inscrire dans l\u2019un de nos sept centres francophones de la r\u00e9gion du Niagara. S\u2019il vous pla\u00eet, visitez notre\u00a0page de ressources\u00a0qui comprend la FAQ et le Guide d\u2019inscription. Ces ressources utiles sont \u00e0 la disposition des parents [&hellip;]<\/p>\n","protected":false},"author":1,"featured_media":0,"parent":0,"menu_order":0,"comment_status":"closed","ping_status":"closed","template":"","meta":{"_monsterinsights_skip_tracking":false,"_monsterinsights_sitenote_active":false,"_monsterinsights_sitenote_note":"","_monsterinsights_sitenote_category":0,"footnotes":""},"class_list":["post-61","page","type-page","status-publish","hentry"],"_links":{"self":[{"href":"https:\/\/laboiteasoleil.ca\/fra\/wp-json\/wp\/v2\/pages\/61","targetHints":{"allow":["GET"]}}],"collection":[{"href":"https:\/\/laboiteasoleil.ca\/fra\/wp-json\/wp\/v2\/pages"}],"about":[{"href":"https:\/\/laboiteasoleil.ca\/fra\/wp-json\/wp\/v2\/types\/page"}],"author":[{"embeddable":true,"href":"https:\/\/laboiteasoleil.ca\/fra\/wp-json\/wp\/v2\/users\/1"}],"replies":[{"embeddable":true,"href":"https:\/\/laboiteasoleil.ca\/fra\/wp-json\/wp\/v2\/comments?post=61"}],"version-history":[{"count":57,"href":"https:\/\/laboiteasoleil.ca\/fra\/wp-json\/wp\/v2\/pages\/61\/revisions"}],"predecessor-version":[{"id":8044,"href":"https:\/\/laboiteasoleil.ca\/fra\/wp-json\/wp\/v2\/pages\/61\/revisions\/8044"}],"wp:attachment":[{"href":"https:\/\/laboiteasoleil.ca\/fra\/wp-json\/wp\/v2\/media?parent=61"}],"curies":[{"name":"wp","href":"https:\/\/api.w.org\/{rel}","templated":true}]}}