{"id":7290,"date":"2015-07-20T03:30:43","date_gmt":"2015-07-20T03:30:43","guid":{"rendered":"https:\/\/staging.laboiteasoleil.ca\/fra\/?page_id=7290"},"modified":"2025-02-05T23:38:41","modified_gmt":"2025-02-05T23:38:41","slug":"partners-awards-of-excellence","status":"publish","type":"page","link":"https:\/\/laboiteasoleil.ca\/fra\/en\/partners-awards-of-excellence\/","title":{"rendered":"Partners &#038; Awards of Excellence"},"content":{"rendered":"\t\t<div data-elementor-type=\"wp-page\" data-elementor-id=\"7290\" class=\"elementor elementor-7290\" data-elementor-post-type=\"page\">\n\t\t\t\t\t\t<section class=\"elementor-section elementor-top-section elementor-element elementor-element-3555169f elementor-section-boxed elementor-section-height-default elementor-section-height-default\" data-id=\"3555169f\" data-element_type=\"section\" data-e-type=\"section\">\n\t\t\t\t\t\t<div class=\"elementor-container elementor-column-gap-default\">\n\t\t\t\t\t<div class=\"elementor-column elementor-col-100 elementor-top-column elementor-element elementor-element-2a87d40f\" data-id=\"2a87d40f\" data-element_type=\"column\" data-e-type=\"column\">\n\t\t\t<div class=\"elementor-widget-wrap elementor-element-populated\">\n\t\t\t\t\t\t<div class=\"elementor-element elementor-element-37d314b5 elementor-widget elementor-widget-text-editor\" data-id=\"37d314b5\" data-element_type=\"widget\" data-e-type=\"widget\" data-widget_type=\"text-editor.default\">\n\t\t\t\t<div class=\"elementor-widget-container\">\n\t\t\t\t\t\t\t\t\t<h5>Community Partnerships<\/h5><p>La Bo\u00eete \u00e0 soleil works in partnership with many local and regional organizations and often plays the role of Francophone leader for early childhood in Niagara. Here are some of our key partners:<\/p><ul><li style=\"text-align: left;\"><a href=\"https:\/\/csviamonde.ca\/\" target=\"_blank\" rel=\"noopener noreferrer\">Conseil scolaire Viamonde<\/a><\/li><li style=\"text-align: left;\"><a href=\"https:\/\/www.csdccs.edu.on.ca\/\" target=\"_blank\" rel=\"noopener noreferrer\">Conseil scolaire de district catholique Centre-sud<\/a><\/li><li style=\"text-align: left;\"><a href=\"https:\/\/www.dsbn.org\/\" target=\"_blank\" rel=\"noopener noreferrer\">District School Board of Niagara<\/a><\/li><li style=\"text-align: left;\"><a href=\"http:\/\/www.regional.niagara.on.ca\/living\/childcare\/default.aspx?topnav=1\" target=\"_blank\" rel=\"noopener noreferrer\">Niagara Region\u00a0(Childcare Services)<\/a><\/li><li style=\"text-align: left;\"><a href=\"http:\/\/eccdc.org\/\" target=\"_blank\" rel=\"noopener noreferrer\">Early Childhood Community Development Centre<\/a><\/li><li style=\"text-align: left;\"><a href=\"https:\/\/www.niagararegion.ca\/health\/\" target=\"_blank\" rel=\"noopener noreferrer\">Public Health\u00a0(Niagara Region Public Health)<\/a><\/li><li style=\"text-align: left;\"><a href=\"http:\/\/www.cl-wellandpelham.ca\/\" target=\"_blank\" rel=\"noopener noreferrer\">Community Living<\/a><\/li><li style=\"text-align: left;\"><a href=\"https:\/\/www.welland.ca\/\" target=\"_blank\" rel=\"noopener noreferrer\">City of Welland<\/a><\/li><li><a href=\"http:\/\/www.bonjourniagara.com\" target=\"_blank\" rel=\"noopener noreferrer\">BonjourNiagara.com<\/a><a href=\"http:\/\/www.bonjourniagara.com\" target=\"_blank\" rel=\"noopener noreferrer\"><img decoding=\"async\" class=\"wp-image-2875 size-thumbnail alignright\" src=\"http:\/\/www.laboiteasoleil.ca\/fra\/wp-content\/uploads\/2018\/11\/bonjour-niagara-vivre-150x150.jpg\" alt=\"\" width=\"150\" height=\"150\" srcset=\"https:\/\/laboiteasoleil.ca\/fra\/wp-content\/uploads\/2018\/11\/bonjour-niagara-vivre-150x150.jpg 150w, https:\/\/laboiteasoleil.ca\/fra\/wp-content\/uploads\/2018\/11\/bonjour-niagara-vivre-230x230.jpg 230w, https:\/\/laboiteasoleil.ca\/fra\/wp-content\/uploads\/2018\/11\/bonjour-niagara-vivre-80x80.jpg 80w\" sizes=\"(max-width: 150px) 100vw, 150px\" \/><\/a><\/li><li style=\"text-align: left;\"><a href=\"http:\/\/www.cerfniagara.com\/en\/\" target=\"_blank\" rel=\"noopener noreferrer\">CERF Niagara<\/a><\/li><li style=\"text-align: left;\"><a href=\"http:\/\/www.abccommunautaire.ca\/english\" target=\"_blank\" rel=\"noopener noreferrer\">ABC communautaire<\/a><\/li><li style=\"text-align: left;\"><a href=\"https:\/\/www.facebook.com\/Club-Richelieu-Welland-168804873180124\/?fref=pb&amp;hc_location=profile_browser\" target=\"_blank\" rel=\"noopener noreferrer\">Club Richelieu<\/a><\/li><li style=\"text-align: left;\"><a href=\"http:\/\/www.niagaracollege.ca\/\" target=\"_blank\" rel=\"noopener noreferrer\">Niagara College<\/a><\/li><li style=\"text-align: left;\"><a href=\"http:\/\/www.collegeboreal.ca\/\" target=\"_blank\" rel=\"noopener noreferrer\">Coll\u00e8ge Bor\u00e9al<\/a><\/li><li style=\"text-align: left;\"><a href=\"https:\/\/monassemblee.ca\/\" target=\"_blank\" rel=\"noopener noreferrer\">AFO (Assembl\u00e9e de la francophonie de l&#8217;Ontario)<\/a><\/li><li style=\"text-align: left;\"><a href=\"http:\/\/afeseo.ca\/\" target=\"_blank\" rel=\"noopener noreferrer\">AF\u00c9SEO (Association francophone \u00e0 l&#8217;\u00e9ducation des services \u00e0 l&#8217;enfance de l&#8217;Ontario)<\/a><\/li><li><a href=\"https:\/\/www.niagarachildrenscentre.com\/\" target=\"_blank\" rel=\"noopener\">Niagara Children\u2019s center<\/a><\/li><li><a href=\"https:\/\/www.portcares.ca\/\" target=\"_blank\" rel=\"noopener\">Port Cares<\/a><\/li><li><a href=\"https:\/\/www.cschn.ca\/\" target=\"_blank\" rel=\"noopener\">Centre de sant\u00e9 communautaire<\/a><\/li><li><a href=\"https:\/\/clubrichelieuwelland.ca\/\" target=\"_blank\" rel=\"noopener\">Club Richelieu<\/a><\/li><li><a href=\"https:\/\/www.foyerrichelieuwelland.com\/fr\/\" target=\"_blank\" rel=\"noopener\">Foyer RIchelieu<\/a><\/li><li><a href=\"https:\/\/www.desjardins.com\/on\/fr.html\" target=\"_blank\" rel=\"noopener\">Desjardins<\/a><\/li><\/ul><h5>\u00a0<\/h5><h5><strong>Recognition and Certificates received by La Bo\u00eete \u00e0 soleil<\/strong><\/h5><p><strong><span style=\"color: #000000;\">Cooperation Council of Ontario (CCO)\u00a0<\/span> &#8211; <a href=\"https:\/\/www.cco.coop\/prix_annuels_du_cco?fbclid=IwAR3gRJPsgbQmRFFiCX23RQ__mI3Tmhf9IpCYw_Ck0R1HaU59XhnSEpHXBu4\" target=\"_blank\" rel=\"noopener\">Desjardins Institutional Excellence Award 2022\u00a0<\/a><\/strong><\/p><p><a href=\"https:\/\/laboiteasoleil.ca\/fra\/wp-content\/uploads\/2025\/02\/readers-choice.png\" data-uw-rm-brl=\"PR\" data-uw-original-href=\"https:\/\/laboiteasoleil.ca\/fra\/wp-content\/uploads\/2025\/02\/readers-choice.png\" aria-label=\"laboiteasoleil.ca\" data-uw-rm-empty-ctrl=\"\"><img decoding=\"async\" class=\" wp-image-8389 alignright\" src=\"https:\/\/laboiteasoleil.ca\/fra\/wp-content\/uploads\/2025\/02\/readers-choice-300x207.png\" alt=\"\" width=\"259\" height=\"179\" data-uw-rm-alt-original=\"\" data-uw-rm-alt=\"AI\" srcset=\"https:\/\/laboiteasoleil.ca\/fra\/wp-content\/uploads\/2025\/02\/readers-choice-300x207.png 300w, https:\/\/laboiteasoleil.ca\/fra\/wp-content\/uploads\/2025\/02\/readers-choice-1024x707.png 1024w, https:\/\/laboiteasoleil.ca\/fra\/wp-content\/uploads\/2025\/02\/readers-choice-768x530.png 768w, https:\/\/laboiteasoleil.ca\/fra\/wp-content\/uploads\/2025\/02\/readers-choice-1536x1060.png 1536w, https:\/\/laboiteasoleil.ca\/fra\/wp-content\/uploads\/2025\/02\/readers-choice-2048x1413.png 2048w\" sizes=\"(max-width: 259px) 100vw, 259px\" \/><\/a><\/p><p>\u00a0<\/p><p><span style=\"color: #000000;\"><strong>Reader\u2019s choice (Tribune): <\/strong><\/span>voted Best Daycare Facility 2015, 2016, 2019, 2020, 2021, 2022 and 2023<\/p><div class=\"tlid-input input\"><div class=\"source-wrap\"><div class=\"input-full-height-wrapper tlid-input-full-height-wrapper\"><div class=\"source-input\"><div class=\"source-footer-wrap source-or-target-footer\"><div class=\"character-count tlid-character-count\"><div class=\"cc-ctr normal\"><span style=\"color: #000000;\"><strong>R\u00e9seau de l&#8217;immigration francophone:<\/strong><\/span> Recognition Award Employer Champion in Francophone Immigration (November 2016)<\/div><\/div><\/div><\/div><\/div><\/div><\/div><p><span style=\"color: #000000;\"><strong>Centre d\u2019emploi et de ressources francophones: <\/strong><\/span>Francophone Immigration Employer Champion Recognition Award (November 2016)<\/p><p><span style=\"color: #000000;\"><strong>Centre d\u2019emploi 2000:<\/strong><\/span> for your support in the program \u00ab\u00a0Connexion Emploi 2008\u201d<\/p><p><span style=\"color: #000000;\"><strong>Centre d\u2019emploi 2000<\/strong>:<\/span> for your support in the program \u201cConnexion Emploi 2005\u201d<\/p><p><span style=\"color: #000000;\"><strong>Job Gym \u2013 Working out a future Decembre 2001<\/strong>:<\/span> for your devotion and contribution to the education of Niagara Region\u2019s youth.<\/p><p><span style=\"color: #000000;\"><strong>From The Regional municipality of Niagara, Community Services Department, Children\u2019s Services Division:<\/strong>\u00a0<\/span>in acknowledgement of your partnership in providing support to families and development growth opportunities for children. 15<sup>th<\/sup> of October 2001<\/p><p><span style=\"color: #000000;\"><strong>By the Ministry of Francophone Affairs and the Ministry of Social and Community Services<\/strong>:<\/span>\u00a0The Lieutenant Governor of Ontario has designated this organization under the 1986 law on French language services, and recognizing it as an official provider of services in French.<\/p><p><strong>\u00a0<\/strong><\/p>\t\t\t\t\t\t\t\t<\/div>\n\t\t\t\t<\/div>\n\t\t\t\t\t<\/div>\n\t\t<\/div>\n\t\t\t\t\t<\/div>\n\t\t<\/section>\n\t\t\t\t<\/div>\n\t\t","protected":false},"excerpt":{"rendered":"<p>Community Partnerships La Bo\u00eete \u00e0 soleil works in partnership with many local and regional organizations and often plays the role of Francophone leader for early childhood in Niagara. Here are some of our key partners: Conseil scolaire Viamonde Conseil scolaire de district catholique Centre-sud District School Board of Niagara Niagara Region\u00a0(Childcare Services) Early Childhood Community [&hellip;]<\/p>\n","protected":false},"author":1,"featured_media":0,"parent":0,"menu_order":0,"comment_status":"closed","ping_status":"closed","template":"","meta":{"_monsterinsights_skip_tracking":false,"_monsterinsights_sitenote_active":false,"_monsterinsights_sitenote_note":"","_monsterinsights_sitenote_category":0,"footnotes":""},"class_list":["post-7290","page","type-page","status-publish","hentry"],"_links":{"self":[{"href":"https:\/\/laboiteasoleil.ca\/fra\/wp-json\/wp\/v2\/pages\/7290","targetHints":{"allow":["GET"]}}],"collection":[{"href":"https:\/\/laboiteasoleil.ca\/fra\/wp-json\/wp\/v2\/pages"}],"about":[{"href":"https:\/\/laboiteasoleil.ca\/fra\/wp-json\/wp\/v2\/types\/page"}],"author":[{"embeddable":true,"href":"https:\/\/laboiteasoleil.ca\/fra\/wp-json\/wp\/v2\/users\/1"}],"replies":[{"embeddable":true,"href":"https:\/\/laboiteasoleil.ca\/fra\/wp-json\/wp\/v2\/comments?post=7290"}],"version-history":[{"count":10,"href":"https:\/\/laboiteasoleil.ca\/fra\/wp-json\/wp\/v2\/pages\/7290\/revisions"}],"predecessor-version":[{"id":8395,"href":"https:\/\/laboiteasoleil.ca\/fra\/wp-json\/wp\/v2\/pages\/7290\/revisions\/8395"}],"wp:attachment":[{"href":"https:\/\/laboiteasoleil.ca\/fra\/wp-json\/wp\/v2\/media?parent=7290"}],"curies":[{"name":"wp","href":"https:\/\/api.w.org\/{rel}","templated":true}]}}