{"id":7327,"date":"2017-10-25T19:26:52","date_gmt":"2017-10-25T19:26:52","guid":{"rendered":"https:\/\/staging.laboiteasoleil.ca\/fra\/?page_id=7327"},"modified":"2025-11-07T20:38:30","modified_gmt":"2025-11-07T20:38:30","slug":"resources-for-registration","status":"publish","type":"page","link":"https:\/\/laboiteasoleil.ca\/fra\/en\/resources-for-registration\/","title":{"rendered":"Resources for registration"},"content":{"rendered":"\t\t<div data-elementor-type=\"wp-page\" data-elementor-id=\"7327\" class=\"elementor elementor-7327\" data-elementor-post-type=\"page\">\n\t\t\t\t\t\t<section class=\"elementor-section elementor-top-section elementor-element elementor-element-63b59c5d elementor-section-boxed elementor-section-height-default elementor-section-height-default\" data-id=\"63b59c5d\" data-element_type=\"section\" data-e-type=\"section\" data-settings=\"{&quot;shape_divider_bottom&quot;:&quot;clouds&quot;}\">\n\t\t\t\t\t<div class=\"elementor-shape elementor-shape-bottom\" aria-hidden=\"true\" data-negative=\"false\">\n\t\t\t<svg xmlns=\"http:\/\/www.w3.org\/2000\/svg\" viewBox=\"0 0 283.5 27.8\" preserveAspectRatio=\"xMidYMax slice\">\n  <path class=\"elementor-shape-fill\" d=\"M0 0v6.7c1.9-.8 4.7-1.4 8.5-1 9.5 1.1 11.1 6 11.1 6s2.1-.7 4.3-.2c2.1.5 2.8 2.6 2.8 2.6s.2-.5 1.4-.7c1.2-.2 1.7.2 1.7.2s0-2.1 1.9-2.8c1.9-.7 3.6.7 3.6.7s.7-2.9 3.1-4.1 4.7 0 4.7 0 1.2-.5 2.4 0 1.7 1.4 1.7 1.4h1.4c.7 0 1.2.7 1.2.7s.8-1.8 4-2.2c3.5-.4 5.3 2.4 6.2 4.4.4-.4 1-.7 1.8-.9 2.8-.7 4 .7 4 .7s1.7-5 11.1-6c9.5-1.1 12.3 3.9 12.3 3.9s1.2-4.8 5.7-5.7c4.5-.9 6.8 1.8 6.8 1.8s.6-.6 1.5-.9c.9-.2 1.9-.2 1.9-.2s5.2-6.4 12.6-3.3c7.3 3.1 4.7 9 4.7 9s1.9-.9 4 0 2.8 2.4 2.8 2.4 1.9-1.2 4.5-1.2 4.3 1.2 4.3 1.2.2-1 1.4-1.7 2.1-.7 2.1-.7-.5-3.1 2.1-5.5 5.7-1.4 5.7-1.4 1.5-2.3 4.2-1.1c2.7 1.2 1.7 5.2 1.7 5.2s.3-.1 1.3.5c.5.4.8.8.9 1.1.5-1.4 2.4-5.8 8.4-4 7.1 2.1 3.5 8.9 3.5 8.9s.8-.4 2 0 1.1 1.1 1.1 1.1 1.1-1.1 2.3-1.1 2.1.5 2.1.5 1.9-3.6 6.2-1.2 1.9 6.4 1.9 6.4 2.6-2.4 7.4 0c3.4 1.7 3.9 4.9 3.9 4.9s3.3-6.9 10.4-7.9 11.5 2.6 11.5 2.6.8 0 1.2.2c.4.2.9.9.9.9s4.4-3.1 8.3.2c1.9 1.7 1.5 5 1.5 5s.3-1.1 1.6-1.4c1.3-.3 2.3.2 2.3.2s-.1-1.2.5-1.9 1.9-.9 1.9-.9-4.7-9.3 4.4-13.4c5.6-2.5 9.2.9 9.2.9s5-6.2 15.9-6.2 16.1 8.1 16.1 8.1.7-.2 1.6-.4V0H0z\"\/>\n<\/svg>\n\t\t<\/div>\n\t\t\t\t\t<div class=\"elementor-container elementor-column-gap-default\">\n\t\t\t\t\t<div class=\"elementor-column elementor-col-100 elementor-top-column elementor-element elementor-element-70eaf583\" data-id=\"70eaf583\" data-element_type=\"column\" data-e-type=\"column\">\n\t\t\t<div class=\"elementor-widget-wrap elementor-element-populated\">\n\t\t\t\t\t\t<div class=\"elementor-element elementor-element-1b3f1995 elementor-widget elementor-widget-text-editor\" data-id=\"1b3f1995\" data-element_type=\"widget\" data-e-type=\"widget\" data-widget_type=\"text-editor.default\">\n\t\t\t\t<div class=\"elementor-widget-container\">\n\t\t\t\t\t\t\t\t\t<p>Whether you are a first time parent looking for child care or you are interested in services with La Bo\u00eete \u00e0 soleil, here you will find helpful resources to support you through every step of the registration process. We want to be there for our families as much as we can. Therefore, if you have additional questions please contact the Central Registration and Inquiry Office at 905-735-1840 ext, 28 or <a href=\"mailto:info@laboiteasoleil.ca\" aria-label=\"info@laboiteasoleil.ca\" data-uw-rm-empty-ctrl=\"\"><span style=\"text-decoration: underline;\"><strong>info@laboiteasoleil.ca<\/strong><\/span><\/a>.<\/p><h5>Admission Criteria:<\/h5><ol><li>Priority is given to families where at least one parent or legal guardian is French speaking, and that parent or legal guardian is fluent in French.<\/li><li>Priority is also given to children who have a sibling already enrolled in one of La Bo\u00eete \u00e0 soleil programs, as well as to staff members or school in which the centre is located.<\/li><li>The date the registration is made on the waiting list.<\/li><li>The part-time program is offered if it does not compromise the financial viability of the\u00a0 center or the quality of the educational program.<\/li><li>Parents demonstrate a commitment to their child&#8217;s education.<\/li><\/ol><ul><li>Children must be at least 3 months old to be accepted into the Infant group. Infants will move to the toddler group when they reach 18 months of age and when a space becomes available in this group. If by the time the child reaches 18 months of age there is no space in the toddler group, the child will remain in the infant group and the toddler rate will be applied at the time of billing.<\/li><li>To be accepted in the toddler group, the child must be able to follow the schedule and meet the developmental criteria of the toddler group (walking and feeding).<\/li><li>To be accepted into the preschool group, the child must be between 2.5 (30 months) and 5 years of age. Toddlers will move to the preschool group when they reach the age of 2.5 years (30 months) and when a space becomes available in this group. The preschool rate will be applied to the billing once the child reaches 2.5 years (30 months) of age even if space in the preschool group is not available at that time.\u00a0<br \/><br \/><\/li><\/ul><p>Do you have questions about the registration process, payments, vacation rebates or subsidy? We\u2019ve compiled a list of our most <strong><a href=\"https:\/\/laboiteasoleil.ca\/fra\/en\/faq-en\/\">frequently asked questions<\/a> <\/strong>that we thought would be helpful for new parents.<\/p><p>Before your child starts at one of our La Bo\u00eete \u00e0 soleil locations, it is important to think about the different items they child may need throughout the day. Below you will find a link to a PDF with the suggested items for each age group<\/p>\t\t\t\t\t\t\t\t<\/div>\n\t\t\t\t<\/div>\n\t\t\t\t<div class=\"elementor-element elementor-element-cfab061 elementor-widget elementor-widget-button\" data-id=\"cfab061\" data-element_type=\"widget\" data-e-type=\"widget\" data-widget_type=\"button.default\">\n\t\t\t\t<div class=\"elementor-widget-container\">\n\t\t\t\t\t\t\t\t\t<div class=\"elementor-button-wrapper\">\n\t\t\t\t\t<a class=\"elementor-button elementor-button-link elementor-size-sm\" href=\"https:\/\/laboiteasoleil.ca\/fra\/wp-content\/uploads\/2024\/06\/Effets-personnels.pdf\" target=\"_blank\">\n\t\t\t\t\t\t<span class=\"elementor-button-content-wrapper\">\n\t\t\t\t\t\t\t\t\t<span class=\"elementor-button-text\">What your child will need<\/span>\n\t\t\t\t\t<\/span>\n\t\t\t\t\t<\/a>\n\t\t\t\t<\/div>\n\t\t\t\t\t\t\t\t<\/div>\n\t\t\t\t<\/div>\n\t\t\t\t<div class=\"elementor-element elementor-element-da3178e elementor-widget elementor-widget-spacer\" data-id=\"da3178e\" data-element_type=\"widget\" data-e-type=\"widget\" data-widget_type=\"spacer.default\">\n\t\t\t\t<div class=\"elementor-widget-container\">\n\t\t\t\t\t\t\t<div class=\"elementor-spacer\">\n\t\t\t<div class=\"elementor-spacer-inner\"><\/div>\n\t\t<\/div>\n\t\t\t\t\t\t<\/div>\n\t\t\t\t<\/div>\n\t\t\t\t\t<\/div>\n\t\t<\/div>\n\t\t\t\t\t<\/div>\n\t\t<\/section>\n\t\t\t\t<section class=\"elementor-section elementor-top-section elementor-element elementor-element-6fc47b1 elementor-section-boxed elementor-section-height-default elementor-section-height-default\" data-id=\"6fc47b1\" data-element_type=\"section\" data-e-type=\"section\" data-settings=\"{&quot;shape_divider_top&quot;:&quot;clouds&quot;}\">\n\t\t\t\t\t<div class=\"elementor-shape elementor-shape-top\" aria-hidden=\"true\" data-negative=\"false\">\n\t\t\t<svg xmlns=\"http:\/\/www.w3.org\/2000\/svg\" viewBox=\"0 0 283.5 27.8\" preserveAspectRatio=\"xMidYMax slice\">\n  <path class=\"elementor-shape-fill\" d=\"M0 0v6.7c1.9-.8 4.7-1.4 8.5-1 9.5 1.1 11.1 6 11.1 6s2.1-.7 4.3-.2c2.1.5 2.8 2.6 2.8 2.6s.2-.5 1.4-.7c1.2-.2 1.7.2 1.7.2s0-2.1 1.9-2.8c1.9-.7 3.6.7 3.6.7s.7-2.9 3.1-4.1 4.7 0 4.7 0 1.2-.5 2.4 0 1.7 1.4 1.7 1.4h1.4c.7 0 1.2.7 1.2.7s.8-1.8 4-2.2c3.5-.4 5.3 2.4 6.2 4.4.4-.4 1-.7 1.8-.9 2.8-.7 4 .7 4 .7s1.7-5 11.1-6c9.5-1.1 12.3 3.9 12.3 3.9s1.2-4.8 5.7-5.7c4.5-.9 6.8 1.8 6.8 1.8s.6-.6 1.5-.9c.9-.2 1.9-.2 1.9-.2s5.2-6.4 12.6-3.3c7.3 3.1 4.7 9 4.7 9s1.9-.9 4 0 2.8 2.4 2.8 2.4 1.9-1.2 4.5-1.2 4.3 1.2 4.3 1.2.2-1 1.4-1.7 2.1-.7 2.1-.7-.5-3.1 2.1-5.5 5.7-1.4 5.7-1.4 1.5-2.3 4.2-1.1c2.7 1.2 1.7 5.2 1.7 5.2s.3-.1 1.3.5c.5.4.8.8.9 1.1.5-1.4 2.4-5.8 8.4-4 7.1 2.1 3.5 8.9 3.5 8.9s.8-.4 2 0 1.1 1.1 1.1 1.1 1.1-1.1 2.3-1.1 2.1.5 2.1.5 1.9-3.6 6.2-1.2 1.9 6.4 1.9 6.4 2.6-2.4 7.4 0c3.4 1.7 3.9 4.9 3.9 4.9s3.3-6.9 10.4-7.9 11.5 2.6 11.5 2.6.8 0 1.2.2c.4.2.9.9.9.9s4.4-3.1 8.3.2c1.9 1.7 1.5 5 1.5 5s.3-1.1 1.6-1.4c1.3-.3 2.3.2 2.3.2s-.1-1.2.5-1.9 1.9-.9 1.9-.9-4.7-9.3 4.4-13.4c5.6-2.5 9.2.9 9.2.9s5-6.2 15.9-6.2 16.1 8.1 16.1 8.1.7-.2 1.6-.4V0H0z\"\/>\n<\/svg>\n\t\t<\/div>\n\t\t\t\t\t<div class=\"elementor-container elementor-column-gap-default\">\n\t\t\t\t\t<div class=\"elementor-column elementor-col-100 elementor-top-column elementor-element elementor-element-a006aaf\" data-id=\"a006aaf\" data-element_type=\"column\" data-e-type=\"column\">\n\t\t\t<div class=\"elementor-widget-wrap elementor-element-populated\">\n\t\t\t\t\t\t<div class=\"elementor-element elementor-element-02ea401 elementor-widget elementor-widget-heading\" data-id=\"02ea401\" data-element_type=\"widget\" data-e-type=\"widget\" data-widget_type=\"heading.default\">\n\t\t\t\t<div class=\"elementor-widget-container\">\n\t\t\t\t\t<h2 class=\"elementor-heading-title elementor-size-default\">Guide d\u2019inscription<\/h2>\t\t\t\t<\/div>\n\t\t\t\t<\/div>\n\t\t\t\t<div class=\"elementor-element elementor-element-f426791 elementor-widget elementor-widget-text-editor\" data-id=\"f426791\" data-element_type=\"widget\" data-e-type=\"widget\" data-widget_type=\"text-editor.default\">\n\t\t\t\t<div class=\"elementor-widget-container\">\n\t\t\t\t\t\t\t\t\t<h5>Registration process\u00a0<\/h5><ol><li>Parent\u2019s first step to register their child with La Bo\u00eete \u00e0 soleil is to create an account on the<strong><a href=\"https:\/\/niagara.onehsn.com\/ux_2_0\" target=\"_blank\" rel=\"noopener\"> Niagara Child Care Registry<\/a><\/strong> or <a href=\"https:\/\/niagara.onehsn.com\/ux_2_0\" target=\"_blank\" rel=\"noopener\"><strong>Onelist<\/strong><\/a>. This is a central registry for all child care in Niagara. Parents input their information and child care needs as well as their preferred child care provider. This is where parents choose their preferred La Bo\u00eete \u00e0 soleil child care centre. La Bo\u00eete \u00e0 soleil\u2019s Central Registration and Inquiry Office takes on the responsibility of keeping up to date on the parent applications.<\/li><li>When a spot becomes available, parents will be contacted via phone or email to begin the registration process. (Please note, our emails will sometimes get sent directly to the Junk folder. Please check this folder periodically).<ul><li><strong>Parents will have 48 hours to respond<\/strong> to the phone call or email to reserve the spot for their child. If we do not hear back within the 48 hours, we will be moving onto the next family on the waiting list.<\/li><li>After having reserved the spot, the registration process takes approximately<strong> 7 days<\/strong> to complete.<\/li><li>Priority is given to families based on their application date on the Onelist. The earlier families register on the Onelist the higher their priority will be when their preferred start date approaches.<\/li><\/ul><\/li><li>Parents will receive an email with information on the enrollment of their child. Parents will be given 7 days to submit their completed service agreement and reserve their child\u2019s spot. If the service agreement is not completed within 7 days, we will be moving on to the next family on the waiting list.<ul><li>Depending on the situation, separated\/divorced parents may be required to complete two separate service agreements as well as a separated parent\u2019s agreement. This will be completed with the supervisor of their centre.<\/li><\/ul><\/li><li>The service agreement will be reviewed within 2-4 business days following the submission. If the required information is complete, a confirmation email will be sent to the parents with their child\u2019s start date as well as additional information before starting at La Bo\u00eete \u00e0 soleil.<\/li><li>Parents are required to have an orientation with the supervisor of their respective centres before their child starts. This will be arranged after the registration is completed.<\/li><\/ol><h5>To ensure the registration is completed:<\/h5><ul><li>The enrollment documents must be completed with all necessary information.<\/li><li>The proper documents must be uploaded to their Digibot account using the parent portal .<\/li><li><strong>Parents must receive an email confirmation of their child\u2019s registration<\/strong>.<\/li><\/ul><h5>What do parents need BEFORE they begin the registration process?<\/h5><ul><li>A void cheque or valid preauthorized withdrawal form (PAD). This is required for all families (whether they are subsidized or not) as an electronic copy: PDF or photo.<\/li><li>An up to date Immunization record (as an electronic copy: PDF or photo)<\/li><li>The family doctor or clinic contact information.<\/li><li>An emergency contact information (name, phone number, relation to child)<\/li><li>If applicable: Court order, separation agreement, or any other pertinent documents for separated parents (as an electronic copy: PDF or photo)<\/li><li>If applicable: Epi-pen expiry date or any other information regarding their child\u2019s medication If parents have any questions throughout this process please contact our Family Coordinator at 905-735-1840 ext. 28 or <a href=\"mailto:info@laboiteasoleil.ca\">info@laboiteasoleil.ca<\/a>.<\/li><\/ul>\t\t\t\t\t\t\t\t<\/div>\n\t\t\t\t<\/div>\n\t\t\t\t\t<\/div>\n\t\t<\/div>\n\t\t\t\t\t<\/div>\n\t\t<\/section>\n\t\t\t\t<\/div>\n\t\t","protected":false},"excerpt":{"rendered":"<p>Whether you are a first time parent looking for child care or you are interested in services with La Bo\u00eete \u00e0 soleil, here you will find helpful resources to support you through every step of the registration process. We want to be there for our families as much as we can. Therefore, if you have [&hellip;]<\/p>\n","protected":false},"author":1,"featured_media":0,"parent":0,"menu_order":0,"comment_status":"closed","ping_status":"closed","template":"","meta":{"_monsterinsights_skip_tracking":false,"_monsterinsights_sitenote_active":false,"_monsterinsights_sitenote_note":"","_monsterinsights_sitenote_category":0,"footnotes":""},"class_list":["post-7327","page","type-page","status-publish","hentry"],"_links":{"self":[{"href":"https:\/\/laboiteasoleil.ca\/fra\/wp-json\/wp\/v2\/pages\/7327","targetHints":{"allow":["GET"]}}],"collection":[{"href":"https:\/\/laboiteasoleil.ca\/fra\/wp-json\/wp\/v2\/pages"}],"about":[{"href":"https:\/\/laboiteasoleil.ca\/fra\/wp-json\/wp\/v2\/types\/page"}],"author":[{"embeddable":true,"href":"https:\/\/laboiteasoleil.ca\/fra\/wp-json\/wp\/v2\/users\/1"}],"replies":[{"embeddable":true,"href":"https:\/\/laboiteasoleil.ca\/fra\/wp-json\/wp\/v2\/comments?post=7327"}],"version-history":[{"count":22,"href":"https:\/\/laboiteasoleil.ca\/fra\/wp-json\/wp\/v2\/pages\/7327\/revisions"}],"predecessor-version":[{"id":8614,"href":"https:\/\/laboiteasoleil.ca\/fra\/wp-json\/wp\/v2\/pages\/7327\/revisions\/8614"}],"wp:attachment":[{"href":"https:\/\/laboiteasoleil.ca\/fra\/wp-json\/wp\/v2\/media?parent=7327"}],"curies":[{"name":"wp","href":"https:\/\/api.w.org\/{rel}","templated":true}]}}